{"id":3599,"date":"2023-04-03T19:59:57","date_gmt":"2023-04-03T23:59:57","guid":{"rendered":"https:\/\/careers.calian.com\/houston\/"},"modified":"2024-01-18T09:24:07","modified_gmt":"2024-01-18T14:24:07","slug":"houston","status":"publish","type":"page","link":"https:\/\/careers.calian.com\/fr-ca\/houston\/","title":{"rendered":"Houston"},"content":{"rendered":"\n<div class=\"tbk-hydrate-component\" data-cid=\"785a8438-4e6a-4316-8152-b570fbc91362\" data-component=\"CareersLocationHero\"><div class=\"calian-location-subpage-hero\"><div class=\"calian-location-subpage-hero__container container-fluid\" style=\"--desktop-picture-animation-speed:15s;--mobile-picture-animation-speed:15s\"><div class=\"row\"><div class=\"calian-location-subpage-hero__left col-12 col-lg-7 col-xl-6 col-xxl-auto\"><div class=\"calian-location-subpage-hero__content\"><div class=\"animate__animated\" style=\"animation-duration:1s;opacity:1\"><a href=\"#calian-career-group\" class=\"btn btn-primary calian-location-subpage-hero__cta-button\">Explorer toutes les offres d\u2019emploi<\/a><\/div><\/div><\/div><div class=\"calian-location-subpage-hero__right col-12 col-lg-5 col-xl-6 col-xxl-auto p-0 px-lg-3 d-flex flex-column desktop-animation-enabled mobile-animation-enabled\"><div class=\"calian-location-subpage-hero__images d-lg-flex d-none\"><div class=\"calian-location-subpage-hero__image-animation-container animate__animated\" style=\"animation-duration:1s;opacity:1\"><img loading=\"lazy\" decoding=\"async\" src=\"https:\/\/sites.calian.com\/app\/uploads\/sites\/3\/2023\/05\/iStock-1183786875-1024x683.jpg\" alt=\"\" width=\"1024\" height=\"683\" class=\"calian-location-subpage-hero__image-one img-fluid\"\/><\/div><div class=\"calian-location-subpage-hero__image-animation-container animate__animated\" style=\"animation-duration:1s;opacity:1\"><img loading=\"lazy\" decoding=\"async\" src=\"https:\/\/sites.calian.com\/app\/uploads\/sites\/3\/2023\/05\/iStock-1247677998-1-1024x768.jpg\" alt=\"\" width=\"1024\" height=\"768\" class=\"calian-location-subpage-hero__image-two img-fluid\"\/><\/div><div class=\"calian-location-subpage-hero__image-animation-container animate__animated\" style=\"animation-duration:1s;opacity:1\"><img loading=\"lazy\" decoding=\"async\" src=\"https:\/\/sites.calian.com\/app\/uploads\/sites\/3\/2023\/05\/iStock-536034733-683x1024.jpg\" alt=\"\" width=\"683\" height=\"1024\" class=\"calian-location-subpage-hero__image-three img-fluid\"\/><\/div><\/div><div class=\"calian-location-subpage-hero__images marquee-double d-none d-lg-flex\"><div class=\"calian-location-subpage-hero__image-animation-container animate__animated\" style=\"animation-duration:1s;opacity:1\"><img loading=\"lazy\" decoding=\"async\" src=\"https:\/\/sites.calian.com\/app\/uploads\/sites\/3\/2023\/05\/iStock-1183786875-1024x683.jpg\" alt=\"\" width=\"1024\" height=\"683\" class=\"calian-location-subpage-hero__image-one img-fluid\"\/><\/div><div class=\"calian-location-subpage-hero__image-animation-container animate__animated\" style=\"animation-duration:1s;opacity:1\"><img loading=\"lazy\" decoding=\"async\" src=\"https:\/\/sites.calian.com\/app\/uploads\/sites\/3\/2023\/05\/iStock-1247677998-1-1024x768.jpg\" alt=\"\" width=\"1024\" height=\"768\" class=\"calian-location-subpage-hero__image-two img-fluid\"\/><\/div><div class=\"calian-location-subpage-hero__image-animation-container animate__animated\" style=\"animation-duration:1s;opacity:1\"><img loading=\"lazy\" decoding=\"async\" src=\"https:\/\/sites.calian.com\/app\/uploads\/sites\/3\/2023\/05\/iStock-536034733-683x1024.jpg\" alt=\"\" width=\"683\" height=\"1024\" class=\"calian-location-subpage-hero__image-three img-fluid\"\/><\/div><\/div><div class=\"calian-location-subpage-hero__images--marquee d-lg-none\"><div class=\"calian-location-subpage-hero__images--marquee-content\"><div class=\"calian-location-subpage-hero__images--marquee-image animate__animated\" style=\"animation-duration:1s;opacity:1\"><img loading=\"lazy\" decoding=\"async\" src=\"https:\/\/sites.calian.com\/app\/uploads\/sites\/3\/2023\/05\/iStock-1183786875-1024x683.jpg\" alt=\"\" width=\"1024\" height=\"683\" class=\" img-fluid\"\/><\/div><div class=\"calian-location-subpage-hero__images--marquee-image animate__animated\" style=\"animation-duration:1s;opacity:1\"><img loading=\"lazy\" decoding=\"async\" src=\"https:\/\/sites.calian.com\/app\/uploads\/sites\/3\/2023\/05\/iStock-1247677998-1-1024x768.jpg\" alt=\"\" width=\"1024\" height=\"768\" class=\" img-fluid\"\/><\/div><div class=\"calian-location-subpage-hero__images--marquee-image animate__animated\" style=\"animation-duration:1s;opacity:1\"><img loading=\"lazy\" decoding=\"async\" src=\"https:\/\/sites.calian.com\/app\/uploads\/sites\/3\/2023\/05\/iStock-536034733-683x1024.jpg\" alt=\"\" width=\"683\" height=\"1024\" class=\" img-fluid\"\/><\/div><\/div><div class=\"calian-location-subpage-hero__images--marquee-content\" aria-hidden=\"true\"><div class=\"calian-location-subpage-hero__images--marquee-image animate__animated\" style=\"animation-duration:1s;opacity:1\"><img loading=\"lazy\" decoding=\"async\" src=\"https:\/\/sites.calian.com\/app\/uploads\/sites\/3\/2023\/05\/iStock-1183786875-1024x683.jpg\" alt=\"\" width=\"1024\" height=\"683\" class=\" img-fluid\"\/><\/div><div class=\"calian-location-subpage-hero__images--marquee-image animate__animated\" style=\"animation-duration:1s;opacity:1\"><img loading=\"lazy\" decoding=\"async\" src=\"https:\/\/sites.calian.com\/app\/uploads\/sites\/3\/2023\/05\/iStock-1247677998-1-1024x768.jpg\" alt=\"\" width=\"1024\" height=\"768\" class=\" img-fluid\"\/><\/div><div class=\"calian-location-subpage-hero__images--marquee-image animate__animated\" style=\"animation-duration:1s;opacity:1\"><img loading=\"lazy\" decoding=\"async\" src=\"https:\/\/sites.calian.com\/app\/uploads\/sites\/3\/2023\/05\/iStock-536034733-683x1024.jpg\" alt=\"\" width=\"683\" height=\"1024\" class=\" img-fluid\"\/><\/div><\/div><\/div><\/div><\/div><\/div><div class=\"calian-location-subpage-hero__pause-btn-container position-absolute z-3\"><a href=\"#\/\" class=\"calian-location-subpage-hero__pause-btn btn btn-sm p-1 d-flex justify-center align-items-center fs-8\"><span class=\"icon icon-pause fs-9 me-1 pe-1\"><\/span>Pause<\/a><\/div><\/div><div class=\"calian-spacer calian-spacer--large\"><\/div><\/div>\n\n<div class=\"tbk-hydrate-component\" data-cid=\"95860751-bc5f-4146-a6b7-2383f56f530f\" data-component=\"LocationIntroContent\"><div class=\"calian-location-intro-content wp-block-calian-com-components-calian-location-intro-content\"><div class=\"calian-location-intro-content__container container-fluid\"><div class=\"row\"><div class=\"calian-location-intro-content__top col-12\"><\/div><\/div><div class=\"row\"><div class=\"calian-location-intro-content__column col-12 col-lg-4\"><\/div><\/div><\/div><\/div><\/div>\n\n<div class=\"tbk-hydrate-component\" data-cid=\"0e6719d3-e9cc-406e-94a1-054c79cb795d\" data-component=\"LocationIntroContent\"><div class=\"calian-location-intro-content wp-block-calian-com-components-calian-location-intro-content\"><div class=\"calian-location-intro-content__container container-fluid\"><div class=\"row\"><div class=\"calian-location-intro-content__top col-12\"><h2 class=\"calian-location-intro-content__heading\">Pourquoi vivre et travailler \u00e0 Houston ? <\/h2><p class=\"calian-location-intro-content__intro-text\">Houston, Texas a tant \u00e0 offrir<\/p><\/div><\/div><div class=\"row\"><div class=\"calian-location-intro-content__column col-12 col-lg-4\"><h3 class=\"calian-location-intro-content__column-heading\">\u00c9conomie en pleine croissance<\/h3><div class=\"calian-location-intro-content__column-content\">Houston est une ville passionnante et dynamique avec une riche culture, des restaurants de classe mondiale, des communaut\u00e9s diverses et un climat agr\u00e9able. Houston est \u00e9galement un important centre pour des industries telles que l\u2019\u00e9nergie, les soins de sant\u00e9 et la technologie, ce qui en fait un lieu id\u00e9al pour les professionnels de l\u2019informatique comme vous.<\/div><\/div><div class=\"calian-location-intro-content__column col-12 col-lg-4\"><h3 class=\"calian-location-intro-content__column-heading\">P\u00f4le technologique<\/h3><div class=\"calian-location-intro-content__column-content\">Notre bureau se trouve \u00e0 proximit\u00e9 de certains des meilleurs restaurants, boutiques et divertissements de la ville. Le bureau de Calian TICS est situ\u00e9 dans un p\u00f4le technologique, avec des bureaux modernes et lumineux et des installations \u00e0 la fine pointe de la technologie.<\/div><\/div><div class=\"calian-location-intro-content__column col-12 col-lg-4\"><h3 class=\"calian-location-intro-content__column-heading\">\u00c9quipe innovante<\/h3><div class=\"calian-location-intro-content__column-content\">Nous recherchons des personnes talentueuses passionn\u00e9es par les technologies de l\u2019information et la cybers\u00e9curit\u00e9 pour rejoindre notre \u00e9quipe. Si vous \u00eates enthousiaste \u00e0 l\u2019id\u00e9e de travailler dans un environnement innovant et dynamique, nous souhaitons avoir de vos nouvelles. <\/div><\/div><\/div><\/div><\/div><\/div>\n\n<div class=\"tbk-hydrate-component\" data-cid=\"86d4f4cf-3fe7-4cb0-9ebc-97e93c435c0f\" data-component=\"Spacer\"><div class=\"calian-spacer calian-spacer--large wp-block-calian-com-components-calian-spacer\"><\/div><\/div>\n\n<div class=\"wp-block-columns is-layout-flex wp-container-core-columns-is-layout-9d6595d7 wp-block-columns-is-layout-flex\">\n<div class=\"wp-block-column is-layout-flow wp-block-column-is-layout-flow\" style=\"flex-basis:100%\">\n<div class=\"tbk-hydrate-component\" data-cid=\"6fdcb147-0ff9-443b-a8db-e631be853291\" data-component=\"ImageCarousel\"><div class=\"calian-image-carousel wp-block-calian-com-components-calian-image-carousel\"><div class=\"calian-image-carousel__container container-fluid\"><div class=\"calian-image-carousel__top row\"><div class=\"calian-image-carousel__top-content col-12\"><h2 class=\"calian-image-carousel__heading\">Faites une visite<\/h2><p class=\"calian-image-carousel__intro-text\">Consultez les photos de notre bureau \u00e0 Houston situ\u00e9 au 840 W. Sam Houston Pkwy. N., Suite 420 Houston, TX 77024<\/p><\/div><\/div><div class=\"calian-image-carousel__bottom row\"><div class=\"col-12\"><div class=\"calian-image-carousel__bottom-container container-fluid\"><div class=\"calian-image-carousel__carousel\" id=\"image-carousel-5b028e48-4fa2-43b5-b83e-4996bd129891\"><div class=\"glide__track\" data-glide-el=\"track\"><ul class=\"glide__slides\"><li class=\"glide__slide\"><div class=\"advanced-media d-block position-relative overflow-hidden aspect-4-3 calian-image-carousel__img\"><img loading=\"lazy\" decoding=\"async\" src=\"https:\/\/sites.calian.com\/app\/uploads\/sites\/3\/2023\/05\/Screen-Shot-2023-05-11-at-4.21.57-PM-1024x691.png\" alt=\"\" width=\"1024\" height=\"691\" class=\"d-block w-100 h-100 object-fit-cover\"\/><\/div><\/li><li class=\"glide__slide\"><div class=\"advanced-media d-block position-relative overflow-hidden aspect-4-3 calian-image-carousel__img\"><img loading=\"lazy\" decoding=\"async\" src=\"https:\/\/sites.calian.com\/app\/uploads\/sites\/3\/2023\/05\/Screen-Shot-2023-05-11-at-4.22.07-PM-1024x679.png\" alt=\"\" width=\"1024\" height=\"679\" class=\"d-block w-100 h-100 object-fit-cover\"\/><\/div><\/li><li class=\"glide__slide\"><div class=\"advanced-media d-block position-relative overflow-hidden aspect-4-3 calian-image-carousel__img\"><img loading=\"lazy\" decoding=\"async\" src=\"https:\/\/sites.calian.com\/app\/uploads\/sites\/3\/2023\/05\/DSC03150-1024x683.jpg\" alt=\"\" width=\"1024\" height=\"683\" class=\"d-block w-100 h-100 object-fit-cover\"\/><\/div><\/li><\/ul><\/div><div class=\"glide__arrows\" data-glide-el=\"controls\"><button class=\"btn btn-default glide__arrow glide__arrow--left\" data-glide-dir=\"<encoded_tag_open \/>&#8221; aria-label=&#8221;Previous&#8221;><i class=\"icon icon-chevron-left\"><\/i><\/button><button class=\"btn btn-default glide__arrow glide__arrow--right\" data-glide-dir=\"<encoded_tag_closed \/>&#8221; aria-label=&#8221;Next&#8221;><i class=\"icon icon-chevron-right\"><\/i><\/button><\/div><\/div><\/div><\/div><\/div><\/div><\/div><\/div>\n<\/div>\n<\/div>\n\n<div class=\"tbk-hydrate-component\" data-cid=\"86d4f4cf-3fe7-4cb0-9ebc-97e93c435c0f\" data-component=\"Spacer\"><div class=\"calian-spacer calian-spacer--large wp-block-calian-com-components-calian-spacer\"><\/div><\/div>\n\n<div class=\"tbk-hydrate-component\" data-cid=\"63db5c82-f978-44b4-9c98-1128ade343de\" data-component=\"CareersLocationFooter\"><div><div class=\"d-flex justify-content-center p-1\"><div class=\"spinner-border text-primary \" role=\"status\" style=\"width:3rem;height:3rem\"><span class=\"visually-hidden\">Chargement&#8230;<\/span><\/div><\/div><\/div><\/div>\n","protected":false},"excerpt":{"rendered":"<p><a href=\"#calian-career-group\" class=\"btn btn-primary calian-location-subpage-hero__cta-button\"> Explorer toutes les offres d\u2019emploi <\/a> <a href=\"#\/\" class=\"calian-location-subpage-hero__pause-btn btn btn-sm p-1 d-flex justify-center align-items-center fs-8\"> Pause <\/a> Pourquoi vivre et travailler \u00e0 Houston ? <\/p>\n<p class=\"calian-location-intro-content__intro-text\"> Houston, Texas a tant \u00e0 offrir <\/p>\n<p> \u00c9conomie en pleine croissance Houston est une ville passionnante et dynamique avec une riche culture, des restaurants de classe mondiale, des &hellip;<\/p>\n","protected":false},"author":5,"featured_media":0,"parent":0,"menu_order":0,"comment_status":"closed","ping_status":"closed","template":"","meta":{"_acf_changed":false,"content-type":"","footnotes":""},"solution":[],"industry":[],"type_classification":[],"class_list":["post-3599","page","type-page","status-publish","hentry"],"acf":[],"yoast_head":"<!-- This site is optimized with the Yoast SEO plugin v26.4 - https:\/\/yoast.com\/wordpress\/plugins\/seo\/ -->\n<title>Houston - Calian Careers<\/title>\n<meta name=\"robots\" content=\"index, follow, max-snippet:-1, max-image-preview:large, max-video-preview:-1\" \/>\n<link rel=\"canonical\" href=\"https:\/\/careers.calian.com\/fr-ca\/houston\/\" \/>\n<meta property=\"og:locale\" content=\"fr_CA\" \/>\n<meta property=\"og:type\" content=\"article\" \/>\n<meta property=\"og:title\" content=\"Houston - Calian Careers\" \/>\n<meta property=\"og:description\" content=\"Explorer toutes les offres d\u2019emploi  Pause Pourquoi vivre et travailler \u00e0 Houston ? Houston, Texas a tant \u00e0 offrir \u00c9conomie en pleine croissance Houston est une ville passionnante et dynamique avec une riche culture, des restaurants de classe mondiale, des &hellip;\" \/>\n<meta property=\"og:url\" content=\"https:\/\/careers.calian.com\/fr-ca\/houston\/\" \/>\n<meta property=\"og:site_name\" content=\"Calian Careers\" \/>\n<meta property=\"article:publisher\" content=\"https:\/\/www.facebook.com\/CalianGroup\/\" \/>\n<meta property=\"article:modified_time\" content=\"2024-01-18T14:24:07+00:00\" \/>\n<meta property=\"og:image\" content=\"https:\/\/sites.calian.com\/app\/uploads\/sites\/3\/2023\/05\/iStock-1183786875-1024x683.jpg\" \/>\n<meta name=\"twitter:card\" content=\"summary_large_image\" \/>\n<meta name=\"twitter:site\" content=\"@CalianGroup\" \/>\n<meta name=\"twitter:label1\" content=\"Est. reading time\" \/>\n\t<meta name=\"twitter:data1\" content=\"5 minutes\" \/>\n<script type=\"application\/ld+json\" class=\"yoast-schema-graph\">{\"@context\":\"https:\/\/schema.org\",\"@graph\":[{\"@type\":\"WebPage\",\"@id\":\"https:\/\/careers.calian.com\/fr-ca\/houston\/\",\"url\":\"https:\/\/careers.calian.com\/fr-ca\/houston\/\",\"name\":\"Houston - Calian Careers\",\"isPartOf\":{\"@id\":\"https:\/\/careers.calian.com\/fr-ca\/#website\"},\"primaryImageOfPage\":{\"@id\":\"https:\/\/careers.calian.com\/fr-ca\/houston\/#primaryimage\"},\"image\":{\"@id\":\"https:\/\/careers.calian.com\/fr-ca\/houston\/#primaryimage\"},\"thumbnailUrl\":\"https:\/\/sites.calian.com\/app\/uploads\/sites\/3\/2023\/05\/iStock-1183786875-1024x683.jpg\",\"datePublished\":\"2023-04-03T23:59:57+00:00\",\"dateModified\":\"2024-01-18T14:24:07+00:00\",\"inLanguage\":\"fr-CA\",\"potentialAction\":[{\"@type\":\"ReadAction\",\"target\":[\"https:\/\/careers.calian.com\/fr-ca\/houston\/\"]}]},{\"@type\":\"ImageObject\",\"inLanguage\":\"fr-CA\",\"@id\":\"https:\/\/careers.calian.com\/fr-ca\/houston\/#primaryimage\",\"url\":\"https:\/\/sites.calian.com\/app\/uploads\/sites\/3\/2023\/05\/iStock-1183786875-1024x683.jpg\",\"contentUrl\":\"https:\/\/sites.calian.com\/app\/uploads\/sites\/3\/2023\/05\/iStock-1183786875-1024x683.jpg\"},{\"@type\":\"WebSite\",\"@id\":\"https:\/\/careers.calian.com\/fr-ca\/#website\",\"url\":\"https:\/\/careers.calian.com\/fr-ca\/\",\"name\":\"Calian Careers\",\"description\":\"We are looking for world-class talent to help the world communicate, innovate, learn and lead safe and healthy lives.\",\"publisher\":{\"@id\":\"https:\/\/careers.calian.com\/fr-ca\/#organization\"},\"potentialAction\":[{\"@type\":\"SearchAction\",\"target\":{\"@type\":\"EntryPoint\",\"urlTemplate\":\"https:\/\/careers.calian.com\/fr-ca\/?s={search_term_string}\"},\"query-input\":{\"@type\":\"PropertyValueSpecification\",\"valueRequired\":true,\"valueName\":\"search_term_string\"}}],\"inLanguage\":\"fr-CA\"},{\"@type\":\"Organization\",\"@id\":\"https:\/\/careers.calian.com\/fr-ca\/#organization\",\"name\":\"Calian Group\",\"url\":\"https:\/\/careers.calian.com\/fr-ca\/\",\"logo\":{\"@type\":\"ImageObject\",\"inLanguage\":\"fr-CA\",\"@id\":\"https:\/\/careers.calian.com\/fr-ca\/#\/schema\/logo\/image\/\",\"url\":\"https:\/\/sites.calian.com\/app\/uploads\/sites\/3\/2023\/06\/og-logo-calian.webp\",\"contentUrl\":\"https:\/\/sites.calian.com\/app\/uploads\/sites\/3\/2023\/06\/og-logo-calian.webp\",\"width\":1200,\"height\":630,\"caption\":\"Calian Group\"},\"image\":{\"@id\":\"https:\/\/careers.calian.com\/fr-ca\/#\/schema\/logo\/image\/\"},\"sameAs\":[\"https:\/\/www.facebook.com\/CalianGroup\/\",\"https:\/\/x.com\/CalianGroup\"]}]}<\/script>\n<!-- \/ Yoast SEO plugin. -->","yoast_head_json":{"title":"Houston - Calian Careers","robots":{"index":"index","follow":"follow","max-snippet":"max-snippet:-1","max-image-preview":"max-image-preview:large","max-video-preview":"max-video-preview:-1"},"canonical":"https:\/\/careers.calian.com\/fr-ca\/houston\/","og_locale":"fr_CA","og_type":"article","og_title":"Houston - Calian Careers","og_description":"Explorer toutes les offres d\u2019emploi  Pause Pourquoi vivre et travailler \u00e0 Houston ? Houston, Texas a tant \u00e0 offrir \u00c9conomie en pleine croissance Houston est une ville passionnante et dynamique avec une riche culture, des restaurants de classe mondiale, des &hellip;","og_url":"https:\/\/careers.calian.com\/fr-ca\/houston\/","og_site_name":"Calian Careers","article_publisher":"https:\/\/www.facebook.com\/CalianGroup\/","article_modified_time":"2024-01-18T14:24:07+00:00","og_image":[{"url":"https:\/\/sites.calian.com\/app\/uploads\/sites\/3\/2023\/05\/iStock-1183786875-1024x683.jpg","type":"","width":"","height":""}],"twitter_card":"summary_large_image","twitter_site":"@CalianGroup","twitter_misc":{"Est. reading time":"5 minutes"},"schema":{"@context":"https:\/\/schema.org","@graph":[{"@type":"WebPage","@id":"https:\/\/careers.calian.com\/fr-ca\/houston\/","url":"https:\/\/careers.calian.com\/fr-ca\/houston\/","name":"Houston - Calian Careers","isPartOf":{"@id":"https:\/\/careers.calian.com\/fr-ca\/#website"},"primaryImageOfPage":{"@id":"https:\/\/careers.calian.com\/fr-ca\/houston\/#primaryimage"},"image":{"@id":"https:\/\/careers.calian.com\/fr-ca\/houston\/#primaryimage"},"thumbnailUrl":"https:\/\/sites.calian.com\/app\/uploads\/sites\/3\/2023\/05\/iStock-1183786875-1024x683.jpg","datePublished":"2023-04-03T23:59:57+00:00","dateModified":"2024-01-18T14:24:07+00:00","inLanguage":"fr-CA","potentialAction":[{"@type":"ReadAction","target":["https:\/\/careers.calian.com\/fr-ca\/houston\/"]}]},{"@type":"ImageObject","inLanguage":"fr-CA","@id":"https:\/\/careers.calian.com\/fr-ca\/houston\/#primaryimage","url":"https:\/\/sites.calian.com\/app\/uploads\/sites\/3\/2023\/05\/iStock-1183786875-1024x683.jpg","contentUrl":"https:\/\/sites.calian.com\/app\/uploads\/sites\/3\/2023\/05\/iStock-1183786875-1024x683.jpg"},{"@type":"WebSite","@id":"https:\/\/careers.calian.com\/fr-ca\/#website","url":"https:\/\/careers.calian.com\/fr-ca\/","name":"Calian Careers","description":"We are looking for world-class talent to help the world communicate, innovate, learn and lead safe and healthy lives.","publisher":{"@id":"https:\/\/careers.calian.com\/fr-ca\/#organization"},"potentialAction":[{"@type":"SearchAction","target":{"@type":"EntryPoint","urlTemplate":"https:\/\/careers.calian.com\/fr-ca\/?s={search_term_string}"},"query-input":{"@type":"PropertyValueSpecification","valueRequired":true,"valueName":"search_term_string"}}],"inLanguage":"fr-CA"},{"@type":"Organization","@id":"https:\/\/careers.calian.com\/fr-ca\/#organization","name":"Calian Group","url":"https:\/\/careers.calian.com\/fr-ca\/","logo":{"@type":"ImageObject","inLanguage":"fr-CA","@id":"https:\/\/careers.calian.com\/fr-ca\/#\/schema\/logo\/image\/","url":"https:\/\/sites.calian.com\/app\/uploads\/sites\/3\/2023\/06\/og-logo-calian.webp","contentUrl":"https:\/\/sites.calian.com\/app\/uploads\/sites\/3\/2023\/06\/og-logo-calian.webp","width":1200,"height":630,"caption":"Calian Group"},"image":{"@id":"https:\/\/careers.calian.com\/fr-ca\/#\/schema\/logo\/image\/"},"sameAs":["https:\/\/www.facebook.com\/CalianGroup\/","https:\/\/x.com\/CalianGroup"]}]}},"_links":{"self":[{"href":"https:\/\/careers.calian.com\/fr-ca\/wp-json\/wp\/v2\/pages\/3599","targetHints":{"allow":["GET"]}}],"collection":[{"href":"https:\/\/careers.calian.com\/fr-ca\/wp-json\/wp\/v2\/pages"}],"about":[{"href":"https:\/\/careers.calian.com\/fr-ca\/wp-json\/wp\/v2\/types\/page"}],"author":[{"embeddable":true,"href":"https:\/\/careers.calian.com\/fr-ca\/wp-json\/wp\/v2\/users\/5"}],"replies":[{"embeddable":true,"href":"https:\/\/careers.calian.com\/fr-ca\/wp-json\/wp\/v2\/comments?post=3599"}],"version-history":[{"count":11,"href":"https:\/\/careers.calian.com\/fr-ca\/wp-json\/wp\/v2\/pages\/3599\/revisions"}],"predecessor-version":[{"id":16710,"href":"https:\/\/careers.calian.com\/fr-ca\/wp-json\/wp\/v2\/pages\/3599\/revisions\/16710"}],"wp:attachment":[{"href":"https:\/\/careers.calian.com\/fr-ca\/wp-json\/wp\/v2\/media?parent=3599"}],"wp:term":[{"taxonomy":"solution","embeddable":true,"href":"https:\/\/careers.calian.com\/fr-ca\/wp-json\/wp\/v2\/solution?post=3599"},{"taxonomy":"industry","embeddable":true,"href":"https:\/\/careers.calian.com\/fr-ca\/wp-json\/wp\/v2\/industry?post=3599"},{"taxonomy":"type_classification","embeddable":true,"href":"https:\/\/careers.calian.com\/fr-ca\/wp-json\/wp\/v2\/type_classification?post=3599"}],"curies":[{"name":"wp","href":"https:\/\/api.w.org\/{rel}","templated":true}]}}