{"id":3594,"date":"2023-03-24T17:36:47","date_gmt":"2023-03-24T21:36:47","guid":{"rendered":"https:\/\/careers.calian.com\/ottawa\/"},"modified":"2024-01-18T14:09:19","modified_gmt":"2024-01-18T19:09:19","slug":"ottawa","status":"publish","type":"page","link":"https:\/\/careers.calian.com\/fr-ca\/ottawa\/","title":{"rendered":"Ottawa"},"content":{"rendered":"\n<div class=\"tbk-hydrate-component\" data-cid=\"12b58dc7-985e-4189-9b2b-c5eada3da646\" data-component=\"CareersLocationHero\"><div class=\"calian-location-subpage-hero\"><div class=\"calian-location-subpage-hero__container container-fluid\" style=\"--desktop-picture-animation-speed:15s;--mobile-picture-animation-speed:15s\"><div class=\"row\"><div class=\"calian-location-subpage-hero__left col-12 col-lg-7 col-xl-6 col-xxl-auto\"><div class=\"calian-location-subpage-hero__content\"><div class=\"animate__animated\" style=\"animation-duration:1s;opacity:1\"><a href=\"#calian-career-group\" class=\"btn btn-primary calian-location-subpage-hero__cta-button\">Explorer toutes les offres d\u2019emploi<\/a><\/div><\/div><\/div><div class=\"calian-location-subpage-hero__right col-12 col-lg-5 col-xl-6 col-xxl-auto p-0 px-lg-3 d-flex flex-column desktop-animation-enabled mobile-animation-enabled\"><div class=\"calian-location-subpage-hero__images d-lg-flex d-none\"><div class=\"calian-location-subpage-hero__image-animation-container animate__animated\" style=\"animation-duration:1s;opacity:1\"><img loading=\"lazy\" decoding=\"async\" src=\"https:\/\/sites.calian.com\/app\/uploads\/sites\/3\/2023\/04\/iStock-92250419-683x1024.jpeg\" alt=\"\" width=\"683\" height=\"1024\" class=\"calian-location-subpage-hero__image-one img-fluid\"\/><\/div><div class=\"calian-location-subpage-hero__image-animation-container animate__animated\" style=\"animation-duration:1s;opacity:1\"><img loading=\"lazy\" decoding=\"async\" src=\"https:\/\/sites.calian.com\/app\/uploads\/sites\/3\/2023\/04\/iStock-139994767-1024x683.jpeg\" alt=\"\" width=\"1024\" height=\"683\" class=\"calian-location-subpage-hero__image-two img-fluid\"\/><\/div><div class=\"calian-location-subpage-hero__image-animation-container animate__animated\" style=\"animation-duration:1s;opacity:1\"><img loading=\"lazy\" decoding=\"async\" src=\"https:\/\/sites.calian.com\/app\/uploads\/sites\/3\/2023\/04\/iStock-151537450-734x1024.jpeg\" alt=\"\" width=\"734\" height=\"1024\" class=\"calian-location-subpage-hero__image-three img-fluid\"\/><\/div><\/div><div class=\"calian-location-subpage-hero__images marquee-double d-none d-lg-flex\"><div class=\"calian-location-subpage-hero__image-animation-container animate__animated\" style=\"animation-duration:1s;opacity:1\"><img loading=\"lazy\" decoding=\"async\" src=\"https:\/\/sites.calian.com\/app\/uploads\/sites\/3\/2023\/04\/iStock-92250419-683x1024.jpeg\" alt=\"\" width=\"683\" height=\"1024\" class=\"calian-location-subpage-hero__image-one img-fluid\"\/><\/div><div class=\"calian-location-subpage-hero__image-animation-container animate__animated\" style=\"animation-duration:1s;opacity:1\"><img loading=\"lazy\" decoding=\"async\" src=\"https:\/\/sites.calian.com\/app\/uploads\/sites\/3\/2023\/04\/iStock-139994767-1024x683.jpeg\" alt=\"\" width=\"1024\" height=\"683\" class=\"calian-location-subpage-hero__image-two img-fluid\"\/><\/div><div class=\"calian-location-subpage-hero__image-animation-container animate__animated\" style=\"animation-duration:1s;opacity:1\"><img loading=\"lazy\" decoding=\"async\" src=\"https:\/\/sites.calian.com\/app\/uploads\/sites\/3\/2023\/04\/iStock-151537450-734x1024.jpeg\" alt=\"\" width=\"734\" height=\"1024\" class=\"calian-location-subpage-hero__image-three img-fluid\"\/><\/div><\/div><div class=\"calian-location-subpage-hero__images--marquee d-lg-none\"><div class=\"calian-location-subpage-hero__images--marquee-content\"><div class=\"calian-location-subpage-hero__images--marquee-image animate__animated\" style=\"animation-duration:1s;opacity:1\"><img loading=\"lazy\" decoding=\"async\" src=\"https:\/\/sites.calian.com\/app\/uploads\/sites\/3\/2023\/04\/iStock-92250419-683x1024.jpeg\" alt=\"\" width=\"683\" height=\"1024\" class=\" img-fluid\"\/><\/div><div class=\"calian-location-subpage-hero__images--marquee-image animate__animated\" style=\"animation-duration:1s;opacity:1\"><img loading=\"lazy\" decoding=\"async\" src=\"https:\/\/sites.calian.com\/app\/uploads\/sites\/3\/2023\/04\/iStock-139994767-1024x683.jpeg\" alt=\"\" width=\"1024\" height=\"683\" class=\" img-fluid\"\/><\/div><div class=\"calian-location-subpage-hero__images--marquee-image animate__animated\" style=\"animation-duration:1s;opacity:1\"><img loading=\"lazy\" decoding=\"async\" src=\"https:\/\/sites.calian.com\/app\/uploads\/sites\/3\/2023\/04\/iStock-151537450-734x1024.jpeg\" alt=\"\" width=\"734\" height=\"1024\" class=\" img-fluid\"\/><\/div><\/div><div class=\"calian-location-subpage-hero__images--marquee-content\" aria-hidden=\"true\"><div class=\"calian-location-subpage-hero__images--marquee-image animate__animated\" style=\"animation-duration:1s;opacity:1\"><img loading=\"lazy\" decoding=\"async\" src=\"https:\/\/sites.calian.com\/app\/uploads\/sites\/3\/2023\/04\/iStock-92250419-683x1024.jpeg\" alt=\"\" width=\"683\" height=\"1024\" class=\" img-fluid\"\/><\/div><div class=\"calian-location-subpage-hero__images--marquee-image animate__animated\" style=\"animation-duration:1s;opacity:1\"><img loading=\"lazy\" decoding=\"async\" src=\"https:\/\/sites.calian.com\/app\/uploads\/sites\/3\/2023\/04\/iStock-139994767-1024x683.jpeg\" alt=\"\" width=\"1024\" height=\"683\" class=\" img-fluid\"\/><\/div><div class=\"calian-location-subpage-hero__images--marquee-image animate__animated\" style=\"animation-duration:1s;opacity:1\"><img loading=\"lazy\" decoding=\"async\" src=\"https:\/\/sites.calian.com\/app\/uploads\/sites\/3\/2023\/04\/iStock-151537450-734x1024.jpeg\" alt=\"\" width=\"734\" height=\"1024\" class=\" img-fluid\"\/><\/div><\/div><\/div><\/div><\/div><\/div><div class=\"calian-location-subpage-hero__pause-btn-container position-absolute z-3\"><a href=\"#\/\" class=\"calian-location-subpage-hero__pause-btn btn btn-sm p-1 d-flex justify-center align-items-center fs-8\"><span class=\"icon icon-pause fs-9 me-1 pe-1\"><\/span>Pause<\/a><\/div><\/div><div class=\"calian-spacer calian-spacer--large\"><\/div><\/div>\n\n<div class=\"tbk-hydrate-component\" data-cid=\"66c0076d-1cd6-493e-9b46-a9b3325dc329\" data-component=\"LocationIntroContent\"><div class=\"calian-location-intro-content wp-block-calian-com-components-calian-location-intro-content\"><div class=\"calian-location-intro-content__container container-fluid\"><div class=\"row\"><div class=\"calian-location-intro-content__top col-12\"><\/div><\/div><div class=\"row\"><div class=\"calian-location-intro-content__column col-12 col-lg-4\"><\/div><\/div><\/div><\/div><\/div>\n\n<div class=\"tbk-hydrate-component\" data-cid=\"f61d329c-2725-44cf-867b-085f3971e887\" data-component=\"LocationIntroContent\"><div class=\"calian-location-intro-content wp-block-calian-com-components-calian-location-intro-content\"><div class=\"calian-location-intro-content__container container-fluid\"><div class=\"row\"><div class=\"calian-location-intro-content__top col-12\"><h2 class=\"calian-location-intro-content__heading\">Pourquoi travailler \u00e0 Ottawa ?<\/h2><\/div><\/div><div class=\"row\"><div class=\"calian-location-intro-content__column col-12 col-lg-4\"><h3 class=\"calian-location-intro-content__column-heading\">\u00c9conomie prosp\u00e8re<\/h3><div class=\"calian-location-intro-content__column-content\">Ottawa, la capitale du Canada, est un excellent endroit pour travailler et vivre gr\u00e2ce \u00e0 son \u00e9conomie prosp\u00e8re, son niveau de vie \u00e9lev\u00e9 et ses paysages pittoresques. Avec une population de plus d\u2019un million d\u2019habitants, Ottawa est depuis longtemps un centre florissant d\u2019innovation avec un secteur technologique dynamique qui est r\u00e9guli\u00e8rement class\u00e9 parmi les meilleurs en Am\u00e9rique du Nord. <\/div><\/div><div class=\"calian-location-intro-content__column col-12 col-lg-4\"><h3 class=\"calian-location-intro-content__column-heading\">Exp\u00e9riences culturelles<\/h3><div class=\"calian-location-intro-content__column-content\">Ottawa est l\u2019une des villes les plus agr\u00e9ables \u00e0 vivre au monde, avec ses quartiers propres et s\u00fbrs, son syst\u00e8me de sant\u00e9 de classe mondiale et ses nombreux espaces verts. Les r\u00e9sidents d\u2019Ottawa profitent d\u2019une multitude d\u2019exp\u00e9riences culturelles, notamment des mus\u00e9es, des festivals et des \u00e9v\u00e9nements tout au long de l\u2019ann\u00e9e. C\u2019est une ville id\u00e9ale pour ceux qui souhaitent construire une carri\u00e8re \u00e9panouissante et profiter d\u2019un mode de vie dynamique et actif. <\/div><\/div><div class=\"calian-location-intro-content__column col-12 col-lg-4\"><h3 class=\"calian-location-intro-content__column-heading\">Rejoignez l&#8217;\u00e9quipe d&#8217;Ottawa<\/h3><div class=\"calian-location-intro-content__column-content\">Le si\u00e8ge social de Calian est situ\u00e9 sur la promenade Palladium, dans l\u2019ouest d\u2019Ottawa, dans des installations modernes et lumineuses \u00e0 proximit\u00e9 des commerces et des restaurants. Le bureau de Calian dispose d\u2019un stationnement gratuit, de cuisines avec des espaces de repas spacieux, de salles de r\u00e9union et d\u2019espaces communs attrayants pour collaborer et socialiser. Notre syst\u00e8me de r\u00e9servation des postes de travail garantit que les employ\u00e9s sur place et \u00e0 distance ont acc\u00e8s \u00e0 toutes les technologies dont ils ont besoin lorsqu\u2019ils sont au bureau. <\/div><\/div><\/div><\/div><\/div><\/div>\n\n<div class=\"tbk-hydrate-component\" data-cid=\"343032a6-e109-49d3-ba00-88dc53b40339\" data-component=\"Spacer\"><div class=\"calian-spacer calian-spacer--large wp-block-calian-com-components-calian-spacer\"><\/div><\/div>\n\n<div class=\"tbk-hydrate-component\" data-cid=\"8a291a36-da5b-4120-846a-27681acf76f8\" data-component=\"ImageCarousel\"><div class=\"calian-image-carousel wp-block-calian-com-components-calian-image-carousel\"><div class=\"calian-image-carousel__container container-fluid\"><div class=\"calian-image-carousel__top row\"><div class=\"calian-image-carousel__top-content col-12\"><h2 class=\"calian-image-carousel__heading\">Faites une visite<\/h2><p class=\"calian-image-carousel__intro-text\">Voir les photos de notre bureau d&#8217;Ottawa situ\u00e9 au 770 Palladium Dr (4e \u00e9tage), Ottawa, ON<\/p><\/div><\/div><div class=\"calian-image-carousel__bottom row\"><div class=\"col-12\"><div class=\"calian-image-carousel__bottom-container container-fluid\"><div class=\"calian-image-carousel__carousel\" id=\"image-carousel-3b42c65a-58bb-4e7d-9823-26ab1ac364a9\"><div class=\"glide__track\" data-glide-el=\"track\"><ul class=\"glide__slides\"><li class=\"glide__slide\"><div class=\"advanced-media d-block position-relative overflow-hidden aspect-4-3 calian-image-carousel__img\"><img loading=\"lazy\" decoding=\"async\" src=\"https:\/\/sites.calian.com\/app\/uploads\/sites\/3\/2023\/04\/DSC_9315-copy-1024x683.jpg\" alt=\"\" width=\"1024\" height=\"683\" class=\"d-block w-100 h-100 object-fit-cover\"\/><\/div><\/li><li class=\"glide__slide\"><div class=\"advanced-media d-block position-relative overflow-hidden aspect-4-3 calian-image-carousel__img\"><img loading=\"lazy\" decoding=\"async\" src=\"https:\/\/sites.calian.com\/app\/uploads\/sites\/3\/2023\/05\/DSC0052xs-1024x683.jpg\" alt=\"\" width=\"1024\" height=\"683\" class=\"d-block w-100 h-100 object-fit-cover\"\/><\/div><\/li><li class=\"glide__slide\"><div class=\"advanced-media d-block position-relative overflow-hidden aspect-4-3 calian-image-carousel__img\"><img loading=\"lazy\" decoding=\"async\" src=\"https:\/\/sites.calian.com\/app\/uploads\/sites\/3\/2023\/04\/LogoBackground-1-1024x576.jpg\" alt=\"\" width=\"1024\" height=\"576\" class=\"d-block w-100 h-100 object-fit-cover\"\/><\/div><\/li><li class=\"glide__slide\"><div class=\"advanced-media d-block position-relative overflow-hidden aspect-4-3 calian-image-carousel__img\"><img loading=\"lazy\" decoding=\"async\" src=\"https:\/\/sites.calian.com\/app\/uploads\/sites\/3\/2023\/05\/DSC0039xs-1024x683.jpg\" alt=\"\" width=\"1024\" height=\"683\" class=\"d-block w-100 h-100 object-fit-cover\"\/><\/div><\/li><li class=\"glide__slide\"><div class=\"advanced-media d-block position-relative overflow-hidden aspect-4-3 calian-image-carousel__img\"><img loading=\"lazy\" decoding=\"async\" src=\"https:\/\/sites.calian.com\/app\/uploads\/sites\/3\/2023\/04\/OfficeBackground-9-1024x576.jpg\" alt=\"\" width=\"1024\" height=\"576\" class=\"d-block w-100 h-100 object-fit-cover\"\/><\/div><\/li><li class=\"glide__slide\"><div class=\"advanced-media d-block position-relative overflow-hidden aspect-4-3 calian-image-carousel__img\"><img loading=\"lazy\" decoding=\"async\" src=\"https:\/\/sites.calian.com\/app\/uploads\/sites\/3\/2023\/05\/DSC0044x-1024x683.jpg\" alt=\"\" width=\"1024\" height=\"683\" class=\"d-block w-100 h-100 object-fit-cover\"\/><\/div><\/li><li class=\"glide__slide\"><div class=\"advanced-media d-block position-relative overflow-hidden aspect-4-3 calian-image-carousel__img\"><img loading=\"lazy\" decoding=\"async\" src=\"https:\/\/sites.calian.com\/app\/uploads\/sites\/3\/2023\/04\/OfficeBackground-8-1024x576.jpg\" alt=\"\" width=\"1024\" height=\"576\" class=\"d-block w-100 h-100 object-fit-cover\"\/><\/div><\/li><li class=\"glide__slide\"><div class=\"advanced-media d-block position-relative overflow-hidden aspect-4-3 calian-image-carousel__img\"><img loading=\"lazy\" decoding=\"async\" src=\"https:\/\/sites.calian.com\/app\/uploads\/sites\/3\/2023\/04\/OfficeBackground-10-1-1024x576.jpg\" alt=\"\" width=\"1024\" height=\"576\" class=\"d-block w-100 h-100 object-fit-cover\"\/><\/div><\/li><\/ul><\/div><div class=\"glide__arrows\" data-glide-el=\"controls\"><button class=\"btn btn-default glide__arrow glide__arrow--left\" data-glide-dir=\"&lt;encoded_tag_open \/&gt;\" aria-label=\"Previous\"><i class=\"icon icon-chevron-left\"><\/i><\/button><button class=\"btn btn-default glide__arrow glide__arrow--right\" data-glide-dir=\"&lt;encoded_tag_closed \/&gt;\" aria-label=\"Next\"><i class=\"icon icon-chevron-right\"><\/i><\/button><\/div><\/div><\/div><\/div><\/div><\/div><\/div><\/div>\n\n<div class=\"tbk-hydrate-component\" data-cid=\"343032a6-e109-49d3-ba00-88dc53b40339\" data-component=\"Spacer\"><div class=\"calian-spacer calian-spacer--large wp-block-calian-com-components-calian-spacer\"><\/div><\/div>\n\n<div class=\"tbk-hydrate-component\" data-cid=\"6f75d964-a02c-47aa-a542-a1306f993db6\" data-component=\"CareersLocationFooter\"><div><div class=\"d-flex justify-content-center p-1\"><div class=\"spinner-border text-primary \" role=\"status\" style=\"width:3rem;height:3rem\"><span class=\"visually-hidden\">Chargement&#8230;<\/span><\/div><\/div><\/div><\/div>\n","protected":false},"excerpt":{"rendered":"<p><a href=\"#calian-career-group\" class=\"btn btn-primary calian-location-subpage-hero__cta-button\"> Explorer toutes les offres d\u2019emploi <\/a> <a href=\"#\/\" class=\"calian-location-subpage-hero__pause-btn btn btn-sm p-1 d-flex justify-center align-items-center fs-8\"> Pause <\/a> Pourquoi travailler \u00e0 Ottawa ? \u00c9conomie prosp\u00e8re Ottawa, la capitale du Canada, est un excellent endroit pour travailler et vivre gr\u00e2ce \u00e0 son \u00e9conomie prosp\u00e8re, son niveau de vie \u00e9lev\u00e9 et ses paysages pittoresques. Avec une population &hellip;<\/p>\n","protected":false},"author":5,"featured_media":0,"parent":0,"menu_order":0,"comment_status":"closed","ping_status":"closed","template":"","meta":{"_acf_changed":false,"content-type":"","footnotes":""},"solution":[],"industry":[],"type_classification":[],"class_list":["post-3594","page","type-page","status-publish","hentry"],"acf":[],"yoast_head":"<!-- This site is optimized with the Yoast SEO plugin v26.4 - https:\/\/yoast.com\/wordpress\/plugins\/seo\/ -->\n<title>Ottawa - Calian Careers<\/title>\n<meta name=\"robots\" content=\"index, follow, max-snippet:-1, max-image-preview:large, max-video-preview:-1\" \/>\n<link rel=\"canonical\" href=\"https:\/\/careers.calian.com\/fr-ca\/ottawa\/\" \/>\n<meta property=\"og:locale\" content=\"fr_CA\" \/>\n<meta property=\"og:type\" content=\"article\" \/>\n<meta property=\"og:title\" content=\"Ottawa - Calian Careers\" \/>\n<meta property=\"og:description\" content=\"Explorer toutes les offres d\u2019emploi  Pause Pourquoi travailler \u00e0 Ottawa ? \u00c9conomie prosp\u00e8re Ottawa, la capitale du Canada, est un excellent endroit pour travailler et vivre gr\u00e2ce \u00e0 son \u00e9conomie prosp\u00e8re, son niveau de vie \u00e9lev\u00e9 et ses paysages pittoresques. Avec une population &hellip;\" \/>\n<meta property=\"og:url\" content=\"https:\/\/careers.calian.com\/fr-ca\/ottawa\/\" \/>\n<meta property=\"og:site_name\" content=\"Calian Careers\" \/>\n<meta property=\"article:publisher\" content=\"https:\/\/www.facebook.com\/CalianGroup\/\" \/>\n<meta property=\"article:modified_time\" content=\"2024-01-18T19:09:19+00:00\" \/>\n<meta property=\"og:image\" content=\"https:\/\/sites.calian.com\/app\/uploads\/sites\/3\/2023\/04\/iStock-92250419-683x1024.jpeg\" \/>\n<meta name=\"twitter:card\" content=\"summary_large_image\" \/>\n<meta name=\"twitter:site\" content=\"@CalianGroup\" \/>\n<meta name=\"twitter:label1\" content=\"Est. reading time\" \/>\n\t<meta name=\"twitter:data1\" content=\"6 minutes\" \/>\n<script type=\"application\/ld+json\" class=\"yoast-schema-graph\">{\"@context\":\"https:\/\/schema.org\",\"@graph\":[{\"@type\":\"WebPage\",\"@id\":\"https:\/\/careers.calian.com\/fr-ca\/ottawa\/\",\"url\":\"https:\/\/careers.calian.com\/fr-ca\/ottawa\/\",\"name\":\"Ottawa - Calian Careers\",\"isPartOf\":{\"@id\":\"https:\/\/careers.calian.com\/fr-ca\/#website\"},\"primaryImageOfPage\":{\"@id\":\"https:\/\/careers.calian.com\/fr-ca\/ottawa\/#primaryimage\"},\"image\":{\"@id\":\"https:\/\/careers.calian.com\/fr-ca\/ottawa\/#primaryimage\"},\"thumbnailUrl\":\"https:\/\/sites.calian.com\/app\/uploads\/sites\/3\/2023\/04\/iStock-92250419-683x1024.jpeg\",\"datePublished\":\"2023-03-24T21:36:47+00:00\",\"dateModified\":\"2024-01-18T19:09:19+00:00\",\"inLanguage\":\"fr-CA\",\"potentialAction\":[{\"@type\":\"ReadAction\",\"target\":[\"https:\/\/careers.calian.com\/fr-ca\/ottawa\/\"]}]},{\"@type\":\"ImageObject\",\"inLanguage\":\"fr-CA\",\"@id\":\"https:\/\/careers.calian.com\/fr-ca\/ottawa\/#primaryimage\",\"url\":\"https:\/\/sites.calian.com\/app\/uploads\/sites\/3\/2023\/04\/iStock-92250419-683x1024.jpeg\",\"contentUrl\":\"https:\/\/sites.calian.com\/app\/uploads\/sites\/3\/2023\/04\/iStock-92250419-683x1024.jpeg\"},{\"@type\":\"WebSite\",\"@id\":\"https:\/\/careers.calian.com\/fr-ca\/#website\",\"url\":\"https:\/\/careers.calian.com\/fr-ca\/\",\"name\":\"Calian Careers\",\"description\":\"We are looking for world-class talent to help the world communicate, innovate, learn and lead safe and healthy lives.\",\"publisher\":{\"@id\":\"https:\/\/careers.calian.com\/fr-ca\/#organization\"},\"potentialAction\":[{\"@type\":\"SearchAction\",\"target\":{\"@type\":\"EntryPoint\",\"urlTemplate\":\"https:\/\/careers.calian.com\/fr-ca\/?s={search_term_string}\"},\"query-input\":{\"@type\":\"PropertyValueSpecification\",\"valueRequired\":true,\"valueName\":\"search_term_string\"}}],\"inLanguage\":\"fr-CA\"},{\"@type\":\"Organization\",\"@id\":\"https:\/\/careers.calian.com\/fr-ca\/#organization\",\"name\":\"Calian Group\",\"url\":\"https:\/\/careers.calian.com\/fr-ca\/\",\"logo\":{\"@type\":\"ImageObject\",\"inLanguage\":\"fr-CA\",\"@id\":\"https:\/\/careers.calian.com\/fr-ca\/#\/schema\/logo\/image\/\",\"url\":\"https:\/\/sites.calian.com\/app\/uploads\/sites\/3\/2023\/06\/og-logo-calian.webp\",\"contentUrl\":\"https:\/\/sites.calian.com\/app\/uploads\/sites\/3\/2023\/06\/og-logo-calian.webp\",\"width\":1200,\"height\":630,\"caption\":\"Calian Group\"},\"image\":{\"@id\":\"https:\/\/careers.calian.com\/fr-ca\/#\/schema\/logo\/image\/\"},\"sameAs\":[\"https:\/\/www.facebook.com\/CalianGroup\/\",\"https:\/\/x.com\/CalianGroup\"]}]}<\/script>\n<!-- \/ Yoast SEO plugin. -->","yoast_head_json":{"title":"Ottawa - Calian Careers","robots":{"index":"index","follow":"follow","max-snippet":"max-snippet:-1","max-image-preview":"max-image-preview:large","max-video-preview":"max-video-preview:-1"},"canonical":"https:\/\/careers.calian.com\/fr-ca\/ottawa\/","og_locale":"fr_CA","og_type":"article","og_title":"Ottawa - Calian Careers","og_description":"Explorer toutes les offres d\u2019emploi  Pause Pourquoi travailler \u00e0 Ottawa ? \u00c9conomie prosp\u00e8re Ottawa, la capitale du Canada, est un excellent endroit pour travailler et vivre gr\u00e2ce \u00e0 son \u00e9conomie prosp\u00e8re, son niveau de vie \u00e9lev\u00e9 et ses paysages pittoresques. Avec une population &hellip;","og_url":"https:\/\/careers.calian.com\/fr-ca\/ottawa\/","og_site_name":"Calian Careers","article_publisher":"https:\/\/www.facebook.com\/CalianGroup\/","article_modified_time":"2024-01-18T19:09:19+00:00","og_image":[{"url":"https:\/\/sites.calian.com\/app\/uploads\/sites\/3\/2023\/04\/iStock-92250419-683x1024.jpeg","type":"","width":"","height":""}],"twitter_card":"summary_large_image","twitter_site":"@CalianGroup","twitter_misc":{"Est. reading time":"6 minutes"},"schema":{"@context":"https:\/\/schema.org","@graph":[{"@type":"WebPage","@id":"https:\/\/careers.calian.com\/fr-ca\/ottawa\/","url":"https:\/\/careers.calian.com\/fr-ca\/ottawa\/","name":"Ottawa - Calian Careers","isPartOf":{"@id":"https:\/\/careers.calian.com\/fr-ca\/#website"},"primaryImageOfPage":{"@id":"https:\/\/careers.calian.com\/fr-ca\/ottawa\/#primaryimage"},"image":{"@id":"https:\/\/careers.calian.com\/fr-ca\/ottawa\/#primaryimage"},"thumbnailUrl":"https:\/\/sites.calian.com\/app\/uploads\/sites\/3\/2023\/04\/iStock-92250419-683x1024.jpeg","datePublished":"2023-03-24T21:36:47+00:00","dateModified":"2024-01-18T19:09:19+00:00","inLanguage":"fr-CA","potentialAction":[{"@type":"ReadAction","target":["https:\/\/careers.calian.com\/fr-ca\/ottawa\/"]}]},{"@type":"ImageObject","inLanguage":"fr-CA","@id":"https:\/\/careers.calian.com\/fr-ca\/ottawa\/#primaryimage","url":"https:\/\/sites.calian.com\/app\/uploads\/sites\/3\/2023\/04\/iStock-92250419-683x1024.jpeg","contentUrl":"https:\/\/sites.calian.com\/app\/uploads\/sites\/3\/2023\/04\/iStock-92250419-683x1024.jpeg"},{"@type":"WebSite","@id":"https:\/\/careers.calian.com\/fr-ca\/#website","url":"https:\/\/careers.calian.com\/fr-ca\/","name":"Calian Careers","description":"We are looking for world-class talent to help the world communicate, innovate, learn and lead safe and healthy lives.","publisher":{"@id":"https:\/\/careers.calian.com\/fr-ca\/#organization"},"potentialAction":[{"@type":"SearchAction","target":{"@type":"EntryPoint","urlTemplate":"https:\/\/careers.calian.com\/fr-ca\/?s={search_term_string}"},"query-input":{"@type":"PropertyValueSpecification","valueRequired":true,"valueName":"search_term_string"}}],"inLanguage":"fr-CA"},{"@type":"Organization","@id":"https:\/\/careers.calian.com\/fr-ca\/#organization","name":"Calian Group","url":"https:\/\/careers.calian.com\/fr-ca\/","logo":{"@type":"ImageObject","inLanguage":"fr-CA","@id":"https:\/\/careers.calian.com\/fr-ca\/#\/schema\/logo\/image\/","url":"https:\/\/sites.calian.com\/app\/uploads\/sites\/3\/2023\/06\/og-logo-calian.webp","contentUrl":"https:\/\/sites.calian.com\/app\/uploads\/sites\/3\/2023\/06\/og-logo-calian.webp","width":1200,"height":630,"caption":"Calian Group"},"image":{"@id":"https:\/\/careers.calian.com\/fr-ca\/#\/schema\/logo\/image\/"},"sameAs":["https:\/\/www.facebook.com\/CalianGroup\/","https:\/\/x.com\/CalianGroup"]}]}},"_links":{"self":[{"href":"https:\/\/careers.calian.com\/fr-ca\/wp-json\/wp\/v2\/pages\/3594","targetHints":{"allow":["GET"]}}],"collection":[{"href":"https:\/\/careers.calian.com\/fr-ca\/wp-json\/wp\/v2\/pages"}],"about":[{"href":"https:\/\/careers.calian.com\/fr-ca\/wp-json\/wp\/v2\/types\/page"}],"author":[{"embeddable":true,"href":"https:\/\/careers.calian.com\/fr-ca\/wp-json\/wp\/v2\/users\/5"}],"replies":[{"embeddable":true,"href":"https:\/\/careers.calian.com\/fr-ca\/wp-json\/wp\/v2\/comments?post=3594"}],"version-history":[{"count":12,"href":"https:\/\/careers.calian.com\/fr-ca\/wp-json\/wp\/v2\/pages\/3594\/revisions"}],"predecessor-version":[{"id":16825,"href":"https:\/\/careers.calian.com\/fr-ca\/wp-json\/wp\/v2\/pages\/3594\/revisions\/16825"}],"wp:attachment":[{"href":"https:\/\/careers.calian.com\/fr-ca\/wp-json\/wp\/v2\/media?parent=3594"}],"wp:term":[{"taxonomy":"solution","embeddable":true,"href":"https:\/\/careers.calian.com\/fr-ca\/wp-json\/wp\/v2\/solution?post=3594"},{"taxonomy":"industry","embeddable":true,"href":"https:\/\/careers.calian.com\/fr-ca\/wp-json\/wp\/v2\/industry?post=3594"},{"taxonomy":"type_classification","embeddable":true,"href":"https:\/\/careers.calian.com\/fr-ca\/wp-json\/wp\/v2\/type_classification?post=3594"}],"curies":[{"name":"wp","href":"https:\/\/api.w.org\/{rel}","templated":true}]}}