{"id":3582,"date":"2023-04-14T13:38:23","date_gmt":"2023-04-14T17:38:23","guid":{"rendered":"https:\/\/careers.calian.com\/solutions-informatiques-et-cybernetiques\/"},"modified":"2026-02-10T13:17:21","modified_gmt":"2026-02-10T18:17:21","slug":"solutions-informatiques-et-cybernetiques","status":"publish","type":"page","link":"https:\/\/careers.calian.com\/fr-ca\/solutions-informatiques-et-cybernetiques\/","title":{"rendered":"Solutions de TI et cybersolutions de Calian"},"content":{"rendered":"\n<div class=\"tbk-hydrate-component\" data-cid=\"8b1aa85f-7980-4779-9035-215bc2e01327\" data-component=\"Hero\"><section class=\"calian-hero d-flex h-100 position-relative overflow-hidden nav-indent wp-block-calian-com-components-calian-hero media-position-split has-split-image pb-5 pb-lg-0 overlay-solid\"><div class=\"container\"><div class=\"row\"><div class=\"calian-hero__content d-flex col-lg flex-column pb-3 justify-content-center has-breadcrumbs text-left\"><div class=\"calian-hero__copy-wrapper\"><h1 class=\"calian-hero__heading\">Une carri\u00e8re enrichissante dans la technologie de pointe<\/h1><div class=\"calian-hero__text mt-2 mb-4\">Si vous \u00eates passionn\u00e9 par la technologie et engag\u00e9 \u00e0 maintenir la s\u00e9curit\u00e9 dans le monde, consultez nos opportunit\u00e9s actuelles dans le domaine des solutions de TI et les cybersolutions.<\/div><\/div><div class=\"calian-hero__breadcrumbs mt-auto mb-0 pt-lg-4 pt-3 pb-lg-0 pb-md-3 pb-1\"><nav aria-label=\"breadcrumb\" class=\"breadcrumb-container\"><ol class=\"breadcrumb\"><li class=\"breadcrumb-item\"><a href=\"https:\/\/www.calian.com\" class=\"breadcrumb-item-link\">Home<\/a><\/li><li class=\"breadcrumb-item\"><a href=\"https:\/\/www.calian.com\/accessibility-policy\/\" class=\"breadcrumb-item-link\">Accessibility Policy<\/a><\/li><li class=\"breadcrumb-item\" aria-current=\"page\">Privacy Statement<\/li><\/ol><\/nav><\/div><\/div><div class=\"calian-hero__media col-md w-100 h-100 pt-lg-5 mt-lg-3 media-style-split\"><div class=\"media-wrapper ps-lg-5 pb-3 pb-lg-0 ml-auto mr-0 w-100 h-100\"><div class=\"advanced-image w-100 h-100\"><img decoding=\"async\" src=\"https:\/\/sites.calian.com\/app\/uploads\/sites\/3\/2023\/04\/We-solve-complex-problems.jpeg\" alt=\"\" width=\"800\" height=\"800\" class=\"calian-hero__image\" loading=\"lazy\"\/><\/div><\/div><\/div><\/div><\/div><div class=\"calian-hero__overlay overlay-solid position-absolute w-100 h-100 top-0 start-0 has-image\"><\/div><span><\/span><\/section><\/div>\n\n\n\n<div class=\"tbk-hydrate-component\" data-cid=\"224abcb6-be58-410b-946c-ba25c490718c\" data-component=\"Spacer\"><div class=\"calian-spacer calian-spacer--small wp-block-calian-com-components-calian-spacer\"><\/div><\/div>\n\n\n\n<div class=\"tbk-hydrate-component\" data-cid=\"31358d5d-fc69-4b42-80d9-d5fdb20df24b\" data-component=\"StatsBar\"><div class=\"calian-stats-bar theme-dark wp-block-calian-com-components-calian-stats-bar\"><div class=\"container-fluid layout-simple\"><div class=\"row mw-1830px mx-auto\"><div class=\"col-12 col-sm col-lg\"><div><div class=\"d-flex justify-content-center p-1\"><div class=\"spinner-border text-primary \" role=\"status\" style=\"width:3rem;height:3rem\"><span class=\"visually-hidden\">Loading&#8230;<\/span><\/div><\/div><\/div><\/div><div class=\"col-12 col-sm col-lg\"><div><div class=\"d-flex justify-content-center p-1\"><div class=\"spinner-border text-primary \" role=\"status\" style=\"width:3rem;height:3rem\"><span class=\"visually-hidden\">Loading&#8230;<\/span><\/div><\/div><\/div><\/div><div class=\"col-12 col-sm col-lg\"><div><div class=\"d-flex justify-content-center p-1\"><div class=\"spinner-border text-primary \" role=\"status\" style=\"width:3rem;height:3rem\"><span class=\"visually-hidden\">Loading&#8230;<\/span><\/div><\/div><\/div><\/div><\/div><\/div><\/div><\/div>\n\n\n\n<div class=\"tbk-hydrate-component\" data-cid=\"f524816b-7b8e-416c-9b1b-393dd29ecd2b\" data-component=\"Spacer\"><div class=\"calian-spacer calian-spacer--medium wp-block-calian-com-components-calian-spacer\"><\/div><\/div>\n\n\n\n<div class=\"tbk-hydrate-component\" data-cid=\"75c462e4-a802-4587-ba57-fb2c43733c5b\" data-component=\"AlternatingTextAndImages\"><div class=\"calian-alternating-text-and-images overflow-hidden wp-block-calian-com-components-calian-alternating-text-and-images\"><div class=\"calian-alternating-text-and-images__container container-fluid\"><div class=\"\"><div class=\"row gx-md-6 justify-content-lg-start justify-content-lg-start mb-3 mb-md-9\"><div class=\"col-12 col-md mb-3\"><img decoding=\"async\" src=\"https:\/\/sites.calian.com\/app\/uploads\/sites\/3\/2023\/04\/iStock-1350722246-1024x576.jpg\" alt=\"\" width=\"1024\" height=\"576\" class=\"rounded-5 img-fluid w-100 h-250px h-md-373px object-fit-cover\" loading=\"lazy\"\/><\/div><div class=\"col-12 col-md\"><h3>\u00c0 propos de Calian<\/h3><div class=\"calian-alternating-text-and-images__text mb-3\">Calian d\u00e9veloppe des technologies innovantes et prot\u00e8ge contre les cybermenaces. Vous contribuerez \u00e0 la cr\u00e9ation d&#8217;un monde plus s\u00fbr et plus connect\u00e9.<br>\n<br>\nNous recrutons pour tous les types de postes li\u00e9s aux solutions de TI et cybersolutions,&nbsp;notamment des d\u00e9veloppeurs, des cybersp\u00e9cialistes, des chefs de projet, des sp\u00e9cialistes des ventes, des experts en cybers\u00e9curit\u00e9 et des sp\u00e9cialistes du num\u00e9rique pour constituer cette \u00e9quipe dynamique.<\/div><div class=\"calian-alternating-text-and-images__ctas mb-3 d-flex flex-wrap gap-3\"><\/div><\/div><\/div><div class=\"row gx-md-6 justify-content-lg-start flex-row-reverse justify-content-lg-between mb-3 mb-md-9\"><div class=\"col-12 col-md mb-3\"><img decoding=\"async\" src=\"https:\/\/sites.calian.com\/app\/uploads\/sites\/3\/2023\/04\/iStock-1348968263-1024x681.jpg\" alt=\"\" width=\"1024\" height=\"681\" class=\"rounded-5 img-fluid w-100 h-250px h-md-373px object-fit-cover\" loading=\"lazy\"\/><\/div><div class=\"col-12 col-md\"><h3>Nous menons la transformation num\u00e9rique gr\u00e2ce \u00e0 notre talent de pointe<\/h3><div class=\"calian-alternating-text-and-images__text mb-3\">Calian propose une gamme de solutions personnalis\u00e9es pour assurer le bon fonctionnement de l\u2019infrastructure informatique et la s\u00e9curit\u00e9 des organisations dans le monde entier. Parmi nos nombreuses offres technologiquement avanc\u00e9es, on retrouve notamment :<\/p>\n<ul>\n  <li>Services g\u00e9r\u00e9s, y compris NOCaaS et SOCaaS<\/li>\n  <li>D\u00e9veloppement d&#8217;applications<\/li>\n  <li>Mod\u00e8le SaaS<\/li>\n  <li>Tout en tant que service (XaaS)<\/li>\n  <li>Informatique en nuage priv\u00e9 et hybride<\/li>\n  <li>Services de s\u00e9curit\u00e9 des \u00e9missions RF<\/li>\n  <li>Services de consultation<\/li>\n  <li>Gestion, d\u00e9tection et r\u00e9ponse (MDR) et d\u00e9tection et r\u00e9ponse \u00e9tendues (XDR)&nbsp;<\/li>\n<\/ul><\/div><div class=\"calian-alternating-text-and-images__ctas mb-3 d-flex flex-wrap gap-3\"><\/div><\/div><\/div><div class=\"row gx-md-6 justify-content-lg-start justify-content-lg-start\"><div class=\"col-12 col-md mb-3\"><img decoding=\"async\" src=\"https:\/\/sites.calian.com\/app\/uploads\/sites\/3\/2023\/04\/Enterprise-IT-Integration-Services-e1681478749669.jpeg\" alt=\"\" width=\"800\" height=\"700\" class=\"rounded-5 img-fluid w-100 h-250px h-md-373px object-fit-cover\" loading=\"lazy\"\/><\/div><div class=\"col-12 col-md\"><h3>Trouvez votre vocation chez Calian<\/h3><div class=\"calian-alternating-text-and-images__text mb-3\"><strong>40+<\/strong> ans \u00e0 employer les meilleurs talents du monde<\/p>\n<p>Bas\u00e9e \u00e0 Ottawa, en Ontario, au Canada, Calian poss\u00e8de des bureaux et des projets couvrant les march\u00e9s nord-am\u00e9ricains, europ\u00e9ens et internationaux. Nous offrons une culture d&#8217;entreprise positive et un environnement de travail stimulant, guid\u00e9 par un engagement fort envers la diversit\u00e9, l&#8217;\u00e9quit\u00e9, l&#8217;inclusion et l&#8217;appartenance.<\/p>\n<p>Notre succ\u00e8s est d\u00fb \u00e0 notre personnel talentueux et d\u00e9vou\u00e9, compos\u00e9 de 4 500 personnes \u00e0 travers le monde.&nbsp;<\/div><div class=\"calian-alternating-text-and-images__ctas mb-3 d-flex flex-wrap gap-3\"><\/div><\/div><\/div><\/div><\/div><\/div><\/div>\n\n\n\n<div class=\"tbk-hydrate-component\" data-cid=\"f524816b-7b8e-416c-9b1b-393dd29ecd2b\" data-component=\"Spacer\"><div class=\"calian-spacer calian-spacer--medium wp-block-calian-com-components-calian-spacer\"><\/div><\/div>\n\n\n\n<div class=\"tbk-hydrate-component\" data-cid=\"e20f4f29-cadb-441d-b7b5-693a2df7eabd\" data-component=\"VerticalTextGalleryFeature\"><div class=\"calian-vertical-text-gallery-feature overflow-hidden 0 theme-light\"><div class=\"calian-vertical-text-gallery-feature__container container-fluid\"><div class=\"calian-vertical-text-gallery-feature__top-content row\"><div class=\"calian-vertical-text-gallery-feature__top-content--left col-12 col-lg-6\"><h2 class=\"calian-vertical-text-gallery-feature__heading\">Calian offre des opportunit\u00e9s passionnantes pour travailler sur des projets de transformation num\u00e9rique et de cybers\u00e9curit\u00e9 pour les secteurs priv\u00e9 et public<\/h2><div class=\"calian-vertical-text-gallery-feature__description\">Calian fournit des services et des solutions essentiels \u00e0 un large \u00e9ventail d&#8217;entreprises, des marques mondiales aux minist\u00e8res du gouvernement canadien. Que les clients cherchent \u00e0 renforcer leurs effectifs ou \u00e0 g\u00e9rer de mani\u00e8re s\u00e9curis\u00e9e leur transformation, ils font confiance \u00e0 Calian pour fournir des r\u00e9sultats lorsque l&#8217;\u00e9chec n&#8217;est pas une option.&nbsp;<\/div><\/div><div class=\"calian-vertical-text-gallery-feature__top-content--right col-12 col-lg-6\"><div class=\"calian-vertical-text-gallery-feature__quote\"><p>Ce qui motive notre entreprise chaque jour, c&#x27;est l&#x27;\u00e9quipe talentueuse qui fournit nos produits et solutions innovants. Nous nous engageons \u00e0 l&#x27;am\u00e9lioration continue et \u00e0 offrir une qualit\u00e9 exceptionnelle. Je ne pourrais pas \u00eatre plus fier du talent impressionnant et du d\u00e9vouement de l&#x27;\u00e9quipe Calian. <\/p><span class=\"calian-vertical-text-gallery-feature__quote-author d-block pt-md-2 pt-3 ps-4 ps-sm-0 fs-7 fs-md-5\">&#8211; Kevin Ford, pr\u00e9sident et directeur g\u00e9n\u00e9ral (PDG)<\/span><\/div><\/div><\/div><div class=\"row\"><div class=\"col-12\"><div class=\"calian-vertical-text-gallery-feature__image-container\"><div class=\"calian-vertical-text-gallery-feature__image-one\"><img decoding=\"async\" src=\"https:\/\/sites.calian.com\/app\/uploads\/sites\/3\/2023\/04\/Implement-proven-DevOps-for-greater-agility.jpeg\" alt=\"\" width=\"468\" height=\"320\" class=\"img-fluid\" loading=\"lazy\"\/><\/div><div class=\"calian-vertical-text-gallery-feature__image-two\"><img decoding=\"async\" src=\"https:\/\/sites.calian.com\/app\/uploads\/sites\/3\/2023\/04\/XaaS-Cybersecurity-1.jpeg\" alt=\"\" width=\"800\" height=\"800\" class=\"img-fluid\" loading=\"lazy\"\/><\/div><div class=\"calian-vertical-text-gallery-feature__image-three\"><img decoding=\"async\" src=\"https:\/\/sites.calian.com\/app\/uploads\/sites\/3\/2023\/04\/Enterprise-IT-Public-Cloud-1.jpeg\" alt=\"\" width=\"800\" height=\"800\" class=\"img-fluid\" loading=\"lazy\"\/><\/div><\/div><\/div><\/div><\/div><\/div><\/div>\n\n\n\n<div class=\"tbk-hydrate-component\" data-cid=\"f524816b-7b8e-416c-9b1b-393dd29ecd2b\" data-component=\"Spacer\"><div class=\"calian-spacer calian-spacer--medium wp-block-calian-com-components-calian-spacer\"><\/div><\/div>\n\n\n\n<div class=\"tbk-hydrate-component\" data-cid=\"69e5a9cb-c13e-4f35-8586-06a40f0153ba\" data-component=\"CareersLocationFooter\"><div><div class=\"d-flex justify-content-center p-1\"><div class=\"spinner-border text-primary \" role=\"status\" style=\"width:3rem;height:3rem\"><span class=\"visually-hidden\">Loading&#8230;<\/span><\/div><\/div><\/div><\/div>\n","protected":false},"excerpt":{"rendered":"<p>Une carri\u00e8re enrichissante dans la technologie de pointe Si vous \u00eates passionn\u00e9 par la technologie et engag\u00e9 \u00e0 maintenir la s\u00e9curit\u00e9 dans le monde, consultez nos opportunit\u00e9s actuelles dans le domaine des solutions de TI et les cybersolutions. <\/p>\n<li class=\"breadcrumb-item\"> <a href=\"https:\/\/www.calian.com\" class=\"breadcrumb-item-link\"> Home <\/a> <\/li>\n<li class=\"breadcrumb-item\"> <a href=\"https:\/\/www.calian.com\/accessibility-policy\/\" class=\"breadcrumb-item-link\"> Accessibility Policy <\/a> <\/li>\n<li class=\"breadcrumb-item\" aria-current=\"page\"> Privacy Statement &hellip;<\/li>\n","protected":false},"author":5,"featured_media":0,"parent":0,"menu_order":0,"comment_status":"closed","ping_status":"closed","template":"","meta":{"_acf_changed":false,"content-type":"","footnotes":""},"solution":[],"industry":[],"type_classification":[],"class_list":["post-3582","page","type-page","status-publish","hentry"],"acf":[],"yoast_head":"<!-- This site is optimized with the Yoast SEO plugin v26.4 - https:\/\/yoast.com\/wordpress\/plugins\/seo\/ -->\n<title>Solutions de TI et cybersolutions de Calian - Calian Careers<\/title>\n<meta name=\"robots\" content=\"index, follow, max-snippet:-1, max-image-preview:large, max-video-preview:-1\" \/>\n<link rel=\"canonical\" href=\"https:\/\/careers.calian.com\/fr-ca\/solutions-informatiques-et-cybernetiques\/\" \/>\n<meta property=\"og:locale\" content=\"fr_CA\" \/>\n<meta property=\"og:type\" content=\"article\" \/>\n<meta property=\"og:title\" content=\"Solutions de TI et cybersolutions de Calian - Calian Careers\" \/>\n<meta property=\"og:description\" content=\"Une carri\u00e8re enrichissante dans la technologie de pointe Si vous \u00eates passionn\u00e9 par la technologie et engag\u00e9 \u00e0 maintenir la s\u00e9curit\u00e9 dans le monde, consultez nos opportunit\u00e9s actuelles dans le domaine des solutions de TI et les cybersolutions.  Home   Accessibility Policy  Privacy Statement &hellip;\" \/>\n<meta property=\"og:url\" content=\"https:\/\/careers.calian.com\/fr-ca\/solutions-informatiques-et-cybernetiques\/\" \/>\n<meta property=\"og:site_name\" content=\"Calian Careers\" \/>\n<meta property=\"article:publisher\" content=\"https:\/\/www.facebook.com\/CalianGroup\/\" \/>\n<meta property=\"article:modified_time\" content=\"2026-02-10T18:17:21+00:00\" \/>\n<meta property=\"og:image\" content=\"https:\/\/sites.calian.com\/app\/uploads\/sites\/3\/2023\/04\/We-solve-complex-problems.jpeg\" \/>\n<meta name=\"twitter:card\" content=\"summary_large_image\" \/>\n<meta name=\"twitter:site\" content=\"@CalianGroup\" \/>\n<meta name=\"twitter:label1\" content=\"Est. reading time\" \/>\n\t<meta name=\"twitter:data1\" content=\"4 minutes\" \/>\n<script type=\"application\/ld+json\" class=\"yoast-schema-graph\">{\"@context\":\"https:\/\/schema.org\",\"@graph\":[{\"@type\":\"WebPage\",\"@id\":\"https:\/\/careers.calian.com\/fr-ca\/solutions-informatiques-et-cybernetiques\/\",\"url\":\"https:\/\/careers.calian.com\/fr-ca\/solutions-informatiques-et-cybernetiques\/\",\"name\":\"Solutions de TI et cybersolutions de Calian - Calian Careers\",\"isPartOf\":{\"@id\":\"https:\/\/careers.calian.com\/fr-ca\/#website\"},\"primaryImageOfPage\":{\"@id\":\"https:\/\/careers.calian.com\/fr-ca\/solutions-informatiques-et-cybernetiques\/#primaryimage\"},\"image\":{\"@id\":\"https:\/\/careers.calian.com\/fr-ca\/solutions-informatiques-et-cybernetiques\/#primaryimage\"},\"thumbnailUrl\":\"https:\/\/sites.calian.com\/app\/uploads\/sites\/3\/2023\/04\/We-solve-complex-problems.jpeg\",\"datePublished\":\"2023-04-14T17:38:23+00:00\",\"dateModified\":\"2026-02-10T18:17:21+00:00\",\"inLanguage\":\"fr-CA\",\"potentialAction\":[{\"@type\":\"ReadAction\",\"target\":[\"https:\/\/careers.calian.com\/fr-ca\/solutions-informatiques-et-cybernetiques\/\"]}]},{\"@type\":\"ImageObject\",\"inLanguage\":\"fr-CA\",\"@id\":\"https:\/\/careers.calian.com\/fr-ca\/solutions-informatiques-et-cybernetiques\/#primaryimage\",\"url\":\"https:\/\/sites.calian.com\/app\/uploads\/sites\/3\/2023\/04\/We-solve-complex-problems.jpeg\",\"contentUrl\":\"https:\/\/sites.calian.com\/app\/uploads\/sites\/3\/2023\/04\/We-solve-complex-problems.jpeg\"},{\"@type\":\"WebSite\",\"@id\":\"https:\/\/careers.calian.com\/fr-ca\/#website\",\"url\":\"https:\/\/careers.calian.com\/fr-ca\/\",\"name\":\"Calian Careers\",\"description\":\"We are looking for world-class talent to help the world communicate, innovate, learn and lead safe and healthy lives.\",\"publisher\":{\"@id\":\"https:\/\/careers.calian.com\/fr-ca\/#organization\"},\"potentialAction\":[{\"@type\":\"SearchAction\",\"target\":{\"@type\":\"EntryPoint\",\"urlTemplate\":\"https:\/\/careers.calian.com\/fr-ca\/?s={search_term_string}\"},\"query-input\":{\"@type\":\"PropertyValueSpecification\",\"valueRequired\":true,\"valueName\":\"search_term_string\"}}],\"inLanguage\":\"fr-CA\"},{\"@type\":\"Organization\",\"@id\":\"https:\/\/careers.calian.com\/fr-ca\/#organization\",\"name\":\"Calian Group\",\"url\":\"https:\/\/careers.calian.com\/fr-ca\/\",\"logo\":{\"@type\":\"ImageObject\",\"inLanguage\":\"fr-CA\",\"@id\":\"https:\/\/careers.calian.com\/fr-ca\/#\/schema\/logo\/image\/\",\"url\":\"https:\/\/sites.calian.com\/app\/uploads\/sites\/3\/2023\/06\/og-logo-calian.webp\",\"contentUrl\":\"https:\/\/sites.calian.com\/app\/uploads\/sites\/3\/2023\/06\/og-logo-calian.webp\",\"width\":1200,\"height\":630,\"caption\":\"Calian Group\"},\"image\":{\"@id\":\"https:\/\/careers.calian.com\/fr-ca\/#\/schema\/logo\/image\/\"},\"sameAs\":[\"https:\/\/www.facebook.com\/CalianGroup\/\",\"https:\/\/x.com\/CalianGroup\"]}]}<\/script>\n<!-- \/ Yoast SEO plugin. -->","yoast_head_json":{"title":"Solutions de TI et cybersolutions de Calian - Calian Careers","robots":{"index":"index","follow":"follow","max-snippet":"max-snippet:-1","max-image-preview":"max-image-preview:large","max-video-preview":"max-video-preview:-1"},"canonical":"https:\/\/careers.calian.com\/fr-ca\/solutions-informatiques-et-cybernetiques\/","og_locale":"fr_CA","og_type":"article","og_title":"Solutions de TI et cybersolutions de Calian - Calian Careers","og_description":"Une carri\u00e8re enrichissante dans la technologie de pointe Si vous \u00eates passionn\u00e9 par la technologie et engag\u00e9 \u00e0 maintenir la s\u00e9curit\u00e9 dans le monde, consultez nos opportunit\u00e9s actuelles dans le domaine des solutions de TI et les cybersolutions.  Home   Accessibility Policy  Privacy Statement &hellip;","og_url":"https:\/\/careers.calian.com\/fr-ca\/solutions-informatiques-et-cybernetiques\/","og_site_name":"Calian Careers","article_publisher":"https:\/\/www.facebook.com\/CalianGroup\/","article_modified_time":"2026-02-10T18:17:21+00:00","og_image":[{"url":"https:\/\/sites.calian.com\/app\/uploads\/sites\/3\/2023\/04\/We-solve-complex-problems.jpeg","type":"","width":"","height":""}],"twitter_card":"summary_large_image","twitter_site":"@CalianGroup","twitter_misc":{"Est. reading time":"4 minutes"},"schema":{"@context":"https:\/\/schema.org","@graph":[{"@type":"WebPage","@id":"https:\/\/careers.calian.com\/fr-ca\/solutions-informatiques-et-cybernetiques\/","url":"https:\/\/careers.calian.com\/fr-ca\/solutions-informatiques-et-cybernetiques\/","name":"Solutions de TI et cybersolutions de Calian - Calian Careers","isPartOf":{"@id":"https:\/\/careers.calian.com\/fr-ca\/#website"},"primaryImageOfPage":{"@id":"https:\/\/careers.calian.com\/fr-ca\/solutions-informatiques-et-cybernetiques\/#primaryimage"},"image":{"@id":"https:\/\/careers.calian.com\/fr-ca\/solutions-informatiques-et-cybernetiques\/#primaryimage"},"thumbnailUrl":"https:\/\/sites.calian.com\/app\/uploads\/sites\/3\/2023\/04\/We-solve-complex-problems.jpeg","datePublished":"2023-04-14T17:38:23+00:00","dateModified":"2026-02-10T18:17:21+00:00","inLanguage":"fr-CA","potentialAction":[{"@type":"ReadAction","target":["https:\/\/careers.calian.com\/fr-ca\/solutions-informatiques-et-cybernetiques\/"]}]},{"@type":"ImageObject","inLanguage":"fr-CA","@id":"https:\/\/careers.calian.com\/fr-ca\/solutions-informatiques-et-cybernetiques\/#primaryimage","url":"https:\/\/sites.calian.com\/app\/uploads\/sites\/3\/2023\/04\/We-solve-complex-problems.jpeg","contentUrl":"https:\/\/sites.calian.com\/app\/uploads\/sites\/3\/2023\/04\/We-solve-complex-problems.jpeg"},{"@type":"WebSite","@id":"https:\/\/careers.calian.com\/fr-ca\/#website","url":"https:\/\/careers.calian.com\/fr-ca\/","name":"Calian Careers","description":"We are looking for world-class talent to help the world communicate, innovate, learn and lead safe and healthy lives.","publisher":{"@id":"https:\/\/careers.calian.com\/fr-ca\/#organization"},"potentialAction":[{"@type":"SearchAction","target":{"@type":"EntryPoint","urlTemplate":"https:\/\/careers.calian.com\/fr-ca\/?s={search_term_string}"},"query-input":{"@type":"PropertyValueSpecification","valueRequired":true,"valueName":"search_term_string"}}],"inLanguage":"fr-CA"},{"@type":"Organization","@id":"https:\/\/careers.calian.com\/fr-ca\/#organization","name":"Calian Group","url":"https:\/\/careers.calian.com\/fr-ca\/","logo":{"@type":"ImageObject","inLanguage":"fr-CA","@id":"https:\/\/careers.calian.com\/fr-ca\/#\/schema\/logo\/image\/","url":"https:\/\/sites.calian.com\/app\/uploads\/sites\/3\/2023\/06\/og-logo-calian.webp","contentUrl":"https:\/\/sites.calian.com\/app\/uploads\/sites\/3\/2023\/06\/og-logo-calian.webp","width":1200,"height":630,"caption":"Calian Group"},"image":{"@id":"https:\/\/careers.calian.com\/fr-ca\/#\/schema\/logo\/image\/"},"sameAs":["https:\/\/www.facebook.com\/CalianGroup\/","https:\/\/x.com\/CalianGroup"]}]}},"_links":{"self":[{"href":"https:\/\/careers.calian.com\/fr-ca\/wp-json\/wp\/v2\/pages\/3582","targetHints":{"allow":["GET"]}}],"collection":[{"href":"https:\/\/careers.calian.com\/fr-ca\/wp-json\/wp\/v2\/pages"}],"about":[{"href":"https:\/\/careers.calian.com\/fr-ca\/wp-json\/wp\/v2\/types\/page"}],"author":[{"embeddable":true,"href":"https:\/\/careers.calian.com\/fr-ca\/wp-json\/wp\/v2\/users\/5"}],"replies":[{"embeddable":true,"href":"https:\/\/careers.calian.com\/fr-ca\/wp-json\/wp\/v2\/comments?post=3582"}],"version-history":[{"count":18,"href":"https:\/\/careers.calian.com\/fr-ca\/wp-json\/wp\/v2\/pages\/3582\/revisions"}],"predecessor-version":[{"id":45074,"href":"https:\/\/careers.calian.com\/fr-ca\/wp-json\/wp\/v2\/pages\/3582\/revisions\/45074"}],"wp:attachment":[{"href":"https:\/\/careers.calian.com\/fr-ca\/wp-json\/wp\/v2\/media?parent=3582"}],"wp:term":[{"taxonomy":"solution","embeddable":true,"href":"https:\/\/careers.calian.com\/fr-ca\/wp-json\/wp\/v2\/solution?post=3582"},{"taxonomy":"industry","embeddable":true,"href":"https:\/\/careers.calian.com\/fr-ca\/wp-json\/wp\/v2\/industry?post=3582"},{"taxonomy":"type_classification","embeddable":true,"href":"https:\/\/careers.calian.com\/fr-ca\/wp-json\/wp\/v2\/type_classification?post=3582"}],"curies":[{"name":"wp","href":"https:\/\/api.w.org\/{rel}","templated":true}]}}