{"id":3575,"date":"2023-04-17T00:03:42","date_gmt":"2023-04-17T04:03:42","guid":{"rendered":"https:\/\/careers.calian.com\/faq\/"},"modified":"2024-01-17T16:39:41","modified_gmt":"2024-01-17T21:39:41","slug":"faq","status":"publish","type":"page","link":"https:\/\/careers.calian.com\/fr-ca\/faq\/","title":{"rendered":"FAQ"},"content":{"rendered":"\n<div class=\"tbk-hydrate-component\" data-cid=\"67779cac-1dc0-4480-a5a8-f700c2d33294\" data-component=\"Hero\"><section class=\"calian-hero d-flex h-100 position-relative overflow-hidden nav-indent wp-block-calian-com-components-calian-hero media-position-split overlay-solid\"><div class=\"container\"><div class=\"row\"><div class=\"calian-hero__content d-flex col-lg flex-column pb-3 justify-content-center has-breadcrumbs text-left\"><div class=\"calian-hero__copy-wrapper\"><h1 class=\"calian-hero__heading\">FAQ sur les carri\u00e8res<\/h1><div class=\"calian-hero__text mt-2\"><br\/><\/div><\/div><div class=\"calian-hero__breadcrumbs mt-auto mb-0 pt-5\"><nav aria-label=\"breadcrumb\" class=\"breadcrumb-container\"><ol class=\"breadcrumb\"><li class=\"breadcrumb-item\"><a href=\"https:\/\/www.calian.com\/fr\/\" class=\"breadcrumb-item-link\">Accueil<\/a><\/li><li class=\"breadcrumb-item\"><a href=\"https:\/\/www.calian.com\/fr\/\" class=\"breadcrumb-item-link\">Unit\u00e9 d&#8217;affaires<\/a><\/li><li class=\"breadcrumb-item\" aria-current=\"page\">Titre de la page<\/li><\/ol><\/nav><\/div><\/div><\/div><\/div><div class=\"calian-hero__overlay overlay-solid position-absolute w-100 h-100 top-0 start-0\"><\/div><span><\/span><\/section><\/div>\n\n<div style=\"height:50px\" aria-hidden=\"true\" class=\"wp-block-spacer\"><\/div>\n\n<div class=\"tbk-hydrate-component\" data-cid=\"66d95512-e6f4-49e4-b217-7183a2b92270\" data-component=\"Accordion\"><div id=\"calian-accordion-ec707b2f-bc75-4ece-be77-fe7d55f8dd54\" class=\"calian-accordion accordion-flush\"><h3 class=\"calian-accordion__heading\">Questions fr\u00e9quemment pos\u00e9es<\/h3><ul class=\"calian-accordion__items\"><li class=\"calian-accordion__item\"><div class=\"calian-accordion__header\" id=\"calian-accordion-ec707b2f-bc75-4ece-be77-fe7d55f8dd54--header-0\"><button type=\"button\" class=\"calian-accordion__button collapsed\" data-bs-toggle=\"collapse\" data-bs-target=\"#calian-accordion-ec707b2f-bc75-4ece-be77-fe7d55f8dd54--collapse-0\" aria-expanded=\"false\" aria-controls=\"calian-accordion-ec707b2f-bc75-4ece-be77-fe7d55f8dd54--collapse-0\"><div class=\"calian-accordion__title\"><strong>Pourquoi travailler pour Calian ?<\/strong><\/div><div class=\"calian-accordion__icon\"><span class=\"icon icon-caret-left-slim\"><\/span><\/div><\/button><\/div><div class=\"calian-accordion__collapse collapse\" id=\"calian-accordion-ec707b2f-bc75-4ece-be77-fe7d55f8dd54--collapse-0\" aria-labelledby=\"calian-accordion-header-0\" data-bs-parent=\"#calian-accordion-ec707b2f-bc75-4ece-be77-fe7d55f8dd54\"><div class=\"calian-accordion__body-container\"><div class=\"calian-accordion__body\">Gr\u00e2ce \u00e0 la fourniture de solutions innovantes, nous aidons le monde \u00e0 communiquer, \u00e0 apprendre, \u00e0 mener une vie saine et \u00e0 rester en s\u00e9curit\u00e9. Si notre mission vous parle, nous esp\u00e9rons que vous continuerez \u00e0 lire.\n<p>Calian a une main-d\u2019\u0153uvre talentueuse et d\u00e9vou\u00e9e de 4 500 personnes \u00e0 travers le monde. Depuis 1982, Calian travaille \u00e0 \u00e9tablir des relations \u00e9troites et durables avec nos employ\u00e9s et nos clients.<\/p>\n<p>Nous sommes un employeur de premier plan pour les v\u00e9t\u00e9rans militaires et leurs conjoints et avons \u00e9t\u00e9 reconnus par plusieurs organisations pour notre engagement envers cette communaut\u00e9.<\/p>\n<p>Calian est \u00e9galement r\u00e9cipiendaire de niveau or de la norme d\u2019excellence, d\u2019innovation et de mieux-\u00eatre et partenaire fondateur d\u2019Excellence Canada \u2013 un organisme ind\u00e9pendant \u00e0 but non lucratif qui fait autorit\u00e9 en mati\u00e8re d\u2019excellence en milieu de travail.<\/p>\n<p>Nous sommes fiers de notre taux \u00e9lev\u00e9 de r\u00e9tention des employ\u00e9s et de notre culture d\u2019entreprise positive. Nous veillons \u00e0 ce que nos promesses soient tenues d\u00e8s le d\u00e9but sans surprises en cours de route.<\/p><\/div><\/div><\/div><\/li><li class=\"calian-accordion__item\"><div class=\"calian-accordion__header\" id=\"calian-accordion-ec707b2f-bc75-4ece-be77-fe7d55f8dd54--header-1\"><button type=\"button\" class=\"calian-accordion__button collapsed\" data-bs-toggle=\"collapse\" data-bs-target=\"#calian-accordion-ec707b2f-bc75-4ece-be77-fe7d55f8dd54--collapse-1\" aria-controls=\"calian-accordion-ec707b2f-bc75-4ece-be77-fe7d55f8dd54--collapse-1\"><div class=\"calian-accordion__title\"><strong>Comment puis-je postuler pour un poste chez Calian?<\/strong><\/div><div class=\"calian-accordion__icon\"><span class=\"icon icon-caret-left-slim\"><\/span><\/div><\/button><\/div><div class=\"calian-accordion__collapse collapse\" id=\"calian-accordion-ec707b2f-bc75-4ece-be77-fe7d55f8dd54--collapse-1\" aria-labelledby=\"calian-accordion-header-1\" data-bs-parent=\"#calian-accordion-ec707b2f-bc75-4ece-be77-fe7d55f8dd54\"><div class=\"calian-accordion__body-container\"><div class=\"calian-accordion__body\">Lorsque vous postulez pour une opportunit\u00e9 sur notre page Opportunit\u00e9s de carri\u00e8re, votre CV sera achemin\u00e9 vers un membre de notre \u00e9quipe de recrutement.\n<p>Si vous ne voyez pas d\u2019opportunit\u00e9 d\u2019int\u00e9r\u00eat aujourd\u2019hui, veuillez quand m\u00eame soumettre votre CV et nous vous consid\u00e9rerons pour de futures opportunit\u00e9s.<\/p>\n<p>Dans tous les cas, votre CV sera inclus dans notre syst\u00e8me de suivi des candidatures et appara\u00eetra dans nos recherches lorsque nous aurons des opportunit\u00e9s correspondant \u00e0 vos comp\u00e9tences.<\/p><\/div><\/div><\/div><\/li><li class=\"calian-accordion__item\"><div class=\"calian-accordion__header\" id=\"calian-accordion-ec707b2f-bc75-4ece-be77-fe7d55f8dd54--header-2\"><button type=\"button\" class=\"calian-accordion__button collapsed\" data-bs-toggle=\"collapse\" data-bs-target=\"#calian-accordion-ec707b2f-bc75-4ece-be77-fe7d55f8dd54--collapse-2\" aria-expanded=\"false\" aria-controls=\"calian-accordion-ec707b2f-bc75-4ece-be77-fe7d55f8dd54--collapse-2\"><div class=\"calian-accordion__title\"><strong>\u00c0 quelle fr\u00e9quence dois-je soumettre mon curriculum vitae?<\/strong><\/div><div class=\"calian-accordion__icon\"><span class=\"icon icon-caret-left-slim\"><\/span><\/div><\/button><\/div><div class=\"calian-accordion__collapse collapse\" id=\"calian-accordion-ec707b2f-bc75-4ece-be77-fe7d55f8dd54--collapse-2\" aria-labelledby=\"calian-accordion-header-2\" data-bs-parent=\"#calian-accordion-ec707b2f-bc75-4ece-be77-fe7d55f8dd54\"><div class=\"calian-accordion__body-container\"><div class=\"calian-accordion__body\">Veuillez soumettre un curriculum vitae mis \u00e0 jour chaque fois que vous \u00e9largissez vos comp\u00e9tences, acqu\u00e9rez une nouvelle exp\u00e9rience de travail, souhaitez postuler pour un nouveau poste ou devez modifier vos coordonn\u00e9es.<\/div><\/div><\/div><\/li><li class=\"calian-accordion__item\"><div class=\"calian-accordion__header\" id=\"calian-accordion-ec707b2f-bc75-4ece-be77-fe7d55f8dd54--header-3\"><button type=\"button\" class=\"calian-accordion__button collapsed\" data-bs-toggle=\"collapse\" data-bs-target=\"#calian-accordion-ec707b2f-bc75-4ece-be77-fe7d55f8dd54--collapse-3\" aria-controls=\"calian-accordion-ec707b2f-bc75-4ece-be77-fe7d55f8dd54--collapse-3\"><div class=\"calian-accordion__title\"><strong>Aurai-je besoin d\u2019une habilitation de s\u00e9curit\u00e9?<\/strong><\/div><div class=\"calian-accordion__icon\"><span class=\"icon icon-caret-left-slim\"><\/span><\/div><\/button><\/div><div class=\"calian-accordion__collapse collapse\" id=\"calian-accordion-ec707b2f-bc75-4ece-be77-fe7d55f8dd54--collapse-3\" aria-labelledby=\"calian-accordion-header-3\" data-bs-parent=\"#calian-accordion-ec707b2f-bc75-4ece-be77-fe7d55f8dd54\"><div class=\"calian-accordion__body-container\"><div class=\"calian-accordion__body\">De nombreux postes chez Calian n\u00e9cessitent une cote de s\u00e9curit\u00e9. Il existe de nombreux organismes de d\u00e9livrance de ces autorisations et Calian vous soutiendra tout au long du processus.<\/div><\/div><\/div><\/li><li class=\"calian-accordion__item\"><div class=\"calian-accordion__header\" id=\"calian-accordion-ec707b2f-bc75-4ece-be77-fe7d55f8dd54--header-4\"><button type=\"button\" class=\"calian-accordion__button collapsed\" data-bs-toggle=\"collapse\" data-bs-target=\"#calian-accordion-ec707b2f-bc75-4ece-be77-fe7d55f8dd54--collapse-4\" aria-controls=\"calian-accordion-ec707b2f-bc75-4ece-be77-fe7d55f8dd54--collapse-4\"><div class=\"calian-accordion__title\"><strong>Mes informations personnelles seront-elles partag\u00e9es ?<\/strong><\/div><div class=\"calian-accordion__icon\"><span class=\"icon icon-caret-left-slim\"><\/span><\/div><\/button><\/div><div class=\"calian-accordion__collapse collapse\" id=\"calian-accordion-ec707b2f-bc75-4ece-be77-fe7d55f8dd54--collapse-4\" aria-labelledby=\"calian-accordion-header-4\" data-bs-parent=\"#calian-accordion-ec707b2f-bc75-4ece-be77-fe7d55f8dd54\"><div class=\"calian-accordion__body-container\"><div class=\"calian-accordion__body\">Non. Toutes les informations personnelles sont conserv\u00e9es dans la plus stricte confidentialit\u00e9. Toutes les informations sensibles sont conserv\u00e9es dans des r\u00e9seaux s\u00e9curis\u00e9s et dans des bases de donn\u00e9es s\u00e9curis\u00e9es. Chez Calian, nous croyons que les relations durables commencent par la confiance, l\u2019honn\u00eatet\u00e9 et le respect. Consultez notre d\u00e9claration de confidentialit\u00e9 pour en savoir plus.\n<p><a href=\"https:\/\/www.calian.com\/privacy-statement\/\">D\u00e9claration de confidentialit\u00e9<\/a><\/p><\/div><\/div><\/div><\/li><li class=\"calian-accordion__item\"><div class=\"calian-accordion__header\" id=\"calian-accordion-ec707b2f-bc75-4ece-be77-fe7d55f8dd54--header-5\"><button type=\"button\" class=\"calian-accordion__button collapsed\" data-bs-toggle=\"collapse\" data-bs-target=\"#calian-accordion-ec707b2f-bc75-4ece-be77-fe7d55f8dd54--collapse-5\" aria-controls=\"calian-accordion-ec707b2f-bc75-4ece-be77-fe7d55f8dd54--collapse-5\"><div class=\"calian-accordion__title\"><strong>Que se passe-t-il si j\u2019ai des exigences en mati\u00e8re d\u2019accessibilit\u00e9 ?<\/strong><\/div><div class=\"calian-accordion__icon\"><span class=\"icon icon-caret-left-slim\"><\/span><\/div><\/button><\/div><div class=\"calian-accordion__collapse collapse\" id=\"calian-accordion-ec707b2f-bc75-4ece-be77-fe7d55f8dd54--collapse-5\" aria-labelledby=\"calian-accordion-header-5\" data-bs-parent=\"#calian-accordion-ec707b2f-bc75-4ece-be77-fe7d55f8dd54\"><div class=\"calian-accordion__body-container\"><div class=\"calian-accordion__body\">Au cours du processus d\u2019entretien, nous vous encourageons \u00e0 nous informer de tout accomodation dont vous pourriez avoir besoin. Nous serons heureux de vous aider.\n<p><a href=\"https:\/\/www.calian.com\/accessibility-policy\/\" target=\"_blank\" rel=\"noopener\">Politique d\u2019accessibilit\u00e9<\/a><\/p>\n<p><a href=\"https:\/\/d26wgh18tyxdzi.cloudfront.net\/downloads\/aoda_plan.pdf\">Plan pluriannuel LAPHO<\/a><\/p><\/div><\/div><\/div><\/li><li class=\"calian-accordion__item\"><div class=\"calian-accordion__header\" id=\"calian-accordion-ec707b2f-bc75-4ece-be77-fe7d55f8dd54--header-6\"><button type=\"button\" class=\"calian-accordion__button collapsed\" data-bs-toggle=\"collapse\" data-bs-target=\"#calian-accordion-ec707b2f-bc75-4ece-be77-fe7d55f8dd54--collapse-6\" aria-controls=\"calian-accordion-ec707b2f-bc75-4ece-be77-fe7d55f8dd54--collapse-6\"><div class=\"calian-accordion__title\"><strong>Que pense Calian de l\u2019\u00e9quit\u00e9 en mati\u00e8re d\u2019emploi?<\/strong><\/div><div class=\"calian-accordion__icon\"><span class=\"icon icon-caret-left-slim\"><\/span><\/div><\/button><\/div><div class=\"calian-accordion__collapse collapse\" id=\"calian-accordion-ec707b2f-bc75-4ece-be77-fe7d55f8dd54--collapse-6\" aria-labelledby=\"calian-accordion-header-6\" data-bs-parent=\"#calian-accordion-ec707b2f-bc75-4ece-be77-fe7d55f8dd54\"><div class=\"calian-accordion__body-container\"><div class=\"calian-accordion__body\">Calian s\u2019engage envers l\u2019\u00e9quit\u00e9 en mati\u00e8re d\u2019emploi et valorise la diversit\u00e9. L\u2019\u00e9quit\u00e9 en mati\u00e8re d\u2019emploi reconna\u00eet la valeur et la dignit\u00e9 de chaque individu et garantit \u00e0 chacun un acc\u00e8s authentique, ouvert et sans entrave aux possibilit\u00e9s d\u2019emploi, ce qui aide Calian \u00e0 pr\u00e9venir et \u00e0 \u00e9liminer les obstacles syst\u00e9miques.\n<p>Nous sommes un employeur inclusif et prenons des d\u00e9cisions de recrutement en fonction de votre exp\u00e9rience et de vos comp\u00e9tences et valorisons votre passion pour aider le monde \u00e0 communiquer, innover, rester en s\u00e9curit\u00e9 et mener une vie saine. Toutes les personnes qualifi\u00e9es sont encourag\u00e9es \u00e0 postuler.<\/p>\n<p>Nous remercions tous les candidats pour leur int\u00e9r\u00eat; cependant, seuls les candidats retenus seront contact\u00e9s. Nous fournirons des accomodations sur demande pendant le processus de recrutement.<\/p><\/div><\/div><\/div><\/li><li class=\"calian-accordion__item\"><div class=\"calian-accordion__header\" id=\"calian-accordion-ec707b2f-bc75-4ece-be77-fe7d55f8dd54--header-7\"><button type=\"button\" class=\"calian-accordion__button collapsed\" data-bs-toggle=\"collapse\" data-bs-target=\"#calian-accordion-ec707b2f-bc75-4ece-be77-fe7d55f8dd54--collapse-7\" aria-controls=\"calian-accordion-ec707b2f-bc75-4ece-be77-fe7d55f8dd54--collapse-7\"><div class=\"calian-accordion__title\"><strong>Calian demande-t-il un paiement dans le cadre du processus d\u2019embauche ?<\/strong><\/div><div class=\"calian-accordion__icon\"><span class=\"icon icon-caret-left-slim\"><\/span><\/div><\/button><\/div><div class=\"calian-accordion__collapse collapse\" id=\"calian-accordion-ec707b2f-bc75-4ece-be77-fe7d55f8dd54--collapse-7\" aria-labelledby=\"calian-accordion-header-7\" data-bs-parent=\"#calian-accordion-ec707b2f-bc75-4ece-be77-fe7d55f8dd54\"><div class=\"calian-accordion__body-container\"><div class=\"calian-accordion__body\">Calian ne demande <strong>aucune<\/strong> sorte de paiement dans le cadre de notre processus d\u2019embauche.\n<p>Il a \u00e9t\u00e9 port\u00e9 \u00e0 notre attention qu\u2019il y a des individus se faisant passer pour des repr\u00e9sentants de Calian dans le but d\u2019obtenir de l\u2019argent des demandeurs d\u2019emploi. Ces escroqueries promettent des emplois en \u00e9change d\u2019une vari\u00e9t\u00e9 de soi-disant paiements li\u00e9s \u00e0 l\u2019emploi. Veuillez noter que Calian ne demande ni n\u2019exige aucune sorte de paiement dans le cadre de notre processus d\u2019embauche. Calian a l\u2019intention de coop\u00e9rer avec les organismes d\u2019application de la loi lorsque de telles fraudes sont signal\u00e9es. Par cons\u00e9quent, nous vous demandons de bien vouloir signaler toutes les offres d\u2019emploi frauduleuses \u00e0 Calian \u00e0 <a href=\"mailto:info@calian.com\" rel=\"noreferrer noopener\" target=\"_blank\" title=\"mailto:info@calian.com\">l\u2019addresse info@calian.com<\/a> et d\u2019en informer la police ou toute autre autorit\u00e9 comp\u00e9tente. Veuillez noter que Calian n\u2019est pas responsable des actes de ces imposteurs ni des pertes pouvant \u00eatre attribuables \u00e0 leurs actions.<\/p><\/div><\/div><\/div><\/li><\/ul><\/div><\/div>\n\n<div style=\"height:50px\" aria-hidden=\"true\" class=\"wp-block-spacer\"><\/div>\n\n<div class=\"tbk-hydrate-component\" data-cid=\"833069e6-34e5-4ae9-88aa-c32cf34c2bd2\" data-component=\"CTABar\"><div class=\"calian-cta-bar theme-dark\"><div class=\"calian-cta-bar__container container-fluid\"><div class=\"calian-cta-bar__vertical container-fluid position-relative\"><div class=\"row\"><div class=\"calian-cta-bar__vertical--content col-12\"><h2 class=\"calian-cta-bar__vertical--heading\">Toujours curieux d&#8217;en savoir plus sur Calian ?<\/h2><div class=\"calian-cta-bar__vertical--description\">Pour certains, vous connaissez le travail de Calian depuis des ann\u00e9es. Pour d\u2019autres, nous sommes peut-\u00eatre tout \u00e0 fait nouveaux. Apprenez \u00e0 nous conna\u00eetre et \u00e0 conna\u00eetre notre processus de recrutement en consultant nos offres d\u2019emploi d\u00e8s aujourd\u2019hui.<\/div><div class=\"calian-cta-bar__vertical--buttons\"><a href=\"https:\/\/careers.calian.com\/careers\/\" class=\"btn btn-light\" target=\"_blank\" rel=\"noreferrer noopener\"><i class=\"icon icon-magnifying-glass\"><\/i>Rechercher des r\u00f4les<\/a><\/div><\/div><\/div><\/div><\/div><\/div><\/div>\n\n<div style=\"height:50px\" aria-hidden=\"true\" class=\"wp-block-spacer\"><\/div>\n","protected":false},"excerpt":{"rendered":"<p>FAQ sur les carri\u00e8res  <\/p>\n<li class=\"breadcrumb-item\"> <a href=\"https:\/\/www.calian.com\/fr\/\" class=\"breadcrumb-item-link\"> Accueil <\/a> <\/li>\n<li class=\"breadcrumb-item\"> <a href=\"https:\/\/www.calian.com\/fr\/\" class=\"breadcrumb-item-link\"> Unit\u00e9 d&#8217;affaires <\/a> <\/li>\n<li class=\"breadcrumb-item\" aria-current=\"page\"> Titre de la page <\/li>\n<p> Questions fr\u00e9quemment pos\u00e9es <\/p>\n<ul class=\"calian-accordion__items\">\n<li class=\"calian-accordion__item\"> Gr\u00e2ce \u00e0 la fourniture de solutions innovantes, nous aidons le monde \u00e0 communiquer, \u00e0 apprendre, \u00e0 mener une vie saine et \u00e0 rester &hellip;<\/li>\n<\/ul>\n","protected":false},"author":5,"featured_media":0,"parent":0,"menu_order":0,"comment_status":"closed","ping_status":"closed","template":"","meta":{"_acf_changed":false,"content-type":"","footnotes":""},"solution":[],"industry":[],"type_classification":[],"class_list":["post-3575","page","type-page","status-publish","hentry"],"acf":[],"yoast_head":"<!-- This site is optimized with the Yoast SEO plugin v26.4 - https:\/\/yoast.com\/wordpress\/plugins\/seo\/ -->\n<title>FAQ - Calian Careers<\/title>\n<meta name=\"robots\" content=\"index, follow, max-snippet:-1, max-image-preview:large, max-video-preview:-1\" \/>\n<link rel=\"canonical\" href=\"https:\/\/careers.calian.com\/fr-ca\/faq\/\" \/>\n<meta property=\"og:locale\" content=\"fr_CA\" \/>\n<meta property=\"og:type\" content=\"article\" \/>\n<meta property=\"og:title\" content=\"FAQ - Calian Careers\" \/>\n<meta property=\"og:description\" content=\"FAQ sur les carri\u00e8res  Accueil   Unit\u00e9 d&#8217;affaires  Titre de la page Questions fr\u00e9quemment pos\u00e9es  Gr\u00e2ce \u00e0 la fourniture de solutions innovantes, nous aidons le monde \u00e0 communiquer, \u00e0 apprendre, \u00e0 mener une vie saine et \u00e0 rester &hellip;\" \/>\n<meta property=\"og:url\" content=\"https:\/\/careers.calian.com\/fr-ca\/faq\/\" \/>\n<meta property=\"og:site_name\" content=\"Calian Careers\" \/>\n<meta property=\"article:publisher\" content=\"https:\/\/www.facebook.com\/CalianGroup\/\" \/>\n<meta property=\"article:modified_time\" content=\"2024-01-17T21:39:41+00:00\" \/>\n<meta property=\"og:image\" content=\"https:\/\/sites.calian.com\/app\/uploads\/sites\/3\/2023\/04\/Calian-Logo-Tag-RGB.png\" \/>\n\t<meta property=\"og:image:width\" content=\"2000\" \/>\n\t<meta property=\"og:image:height\" content=\"1000\" \/>\n\t<meta property=\"og:image:type\" content=\"image\/png\" \/>\n<meta name=\"twitter:card\" content=\"summary_large_image\" \/>\n<meta name=\"twitter:site\" content=\"@CalianGroup\" \/>\n<meta name=\"twitter:label1\" content=\"Est. reading time\" \/>\n\t<meta name=\"twitter:data1\" content=\"4 minutes\" \/>\n<script type=\"application\/ld+json\" class=\"yoast-schema-graph\">{\"@context\":\"https:\/\/schema.org\",\"@graph\":[{\"@type\":\"WebPage\",\"@id\":\"https:\/\/careers.calian.com\/fr-ca\/faq\/\",\"url\":\"https:\/\/careers.calian.com\/fr-ca\/faq\/\",\"name\":\"FAQ - Calian Careers\",\"isPartOf\":{\"@id\":\"https:\/\/careers.calian.com\/fr-ca\/#website\"},\"datePublished\":\"2023-04-17T04:03:42+00:00\",\"dateModified\":\"2024-01-17T21:39:41+00:00\",\"inLanguage\":\"fr-CA\",\"potentialAction\":[{\"@type\":\"ReadAction\",\"target\":[\"https:\/\/careers.calian.com\/fr-ca\/faq\/\"]}]},{\"@type\":\"WebSite\",\"@id\":\"https:\/\/careers.calian.com\/fr-ca\/#website\",\"url\":\"https:\/\/careers.calian.com\/fr-ca\/\",\"name\":\"Calian Careers\",\"description\":\"We are looking for world-class talent to help the world communicate, innovate, learn and lead safe and healthy lives.\",\"publisher\":{\"@id\":\"https:\/\/careers.calian.com\/fr-ca\/#organization\"},\"potentialAction\":[{\"@type\":\"SearchAction\",\"target\":{\"@type\":\"EntryPoint\",\"urlTemplate\":\"https:\/\/careers.calian.com\/fr-ca\/?s={search_term_string}\"},\"query-input\":{\"@type\":\"PropertyValueSpecification\",\"valueRequired\":true,\"valueName\":\"search_term_string\"}}],\"inLanguage\":\"fr-CA\"},{\"@type\":\"Organization\",\"@id\":\"https:\/\/careers.calian.com\/fr-ca\/#organization\",\"name\":\"Calian Group\",\"url\":\"https:\/\/careers.calian.com\/fr-ca\/\",\"logo\":{\"@type\":\"ImageObject\",\"inLanguage\":\"fr-CA\",\"@id\":\"https:\/\/careers.calian.com\/fr-ca\/#\/schema\/logo\/image\/\",\"url\":\"https:\/\/sites.calian.com\/app\/uploads\/sites\/3\/2023\/06\/og-logo-calian.webp\",\"contentUrl\":\"https:\/\/sites.calian.com\/app\/uploads\/sites\/3\/2023\/06\/og-logo-calian.webp\",\"width\":1200,\"height\":630,\"caption\":\"Calian Group\"},\"image\":{\"@id\":\"https:\/\/careers.calian.com\/fr-ca\/#\/schema\/logo\/image\/\"},\"sameAs\":[\"https:\/\/www.facebook.com\/CalianGroup\/\",\"https:\/\/x.com\/CalianGroup\"]}]}<\/script>\n<!-- \/ Yoast SEO plugin. -->","yoast_head_json":{"title":"FAQ - Calian Careers","robots":{"index":"index","follow":"follow","max-snippet":"max-snippet:-1","max-image-preview":"max-image-preview:large","max-video-preview":"max-video-preview:-1"},"canonical":"https:\/\/careers.calian.com\/fr-ca\/faq\/","og_locale":"fr_CA","og_type":"article","og_title":"FAQ - Calian Careers","og_description":"FAQ sur les carri\u00e8res  Accueil   Unit\u00e9 d&#8217;affaires  Titre de la page Questions fr\u00e9quemment pos\u00e9es  Gr\u00e2ce \u00e0 la fourniture de solutions innovantes, nous aidons le monde \u00e0 communiquer, \u00e0 apprendre, \u00e0 mener une vie saine et \u00e0 rester &hellip;","og_url":"https:\/\/careers.calian.com\/fr-ca\/faq\/","og_site_name":"Calian Careers","article_publisher":"https:\/\/www.facebook.com\/CalianGroup\/","article_modified_time":"2024-01-17T21:39:41+00:00","og_image":[{"width":2000,"height":1000,"url":"https:\/\/sites.calian.com\/app\/uploads\/sites\/3\/2023\/04\/Calian-Logo-Tag-RGB.png","type":"image\/png"}],"twitter_card":"summary_large_image","twitter_site":"@CalianGroup","twitter_misc":{"Est. reading time":"4 minutes"},"schema":{"@context":"https:\/\/schema.org","@graph":[{"@type":"WebPage","@id":"https:\/\/careers.calian.com\/fr-ca\/faq\/","url":"https:\/\/careers.calian.com\/fr-ca\/faq\/","name":"FAQ - Calian Careers","isPartOf":{"@id":"https:\/\/careers.calian.com\/fr-ca\/#website"},"datePublished":"2023-04-17T04:03:42+00:00","dateModified":"2024-01-17T21:39:41+00:00","inLanguage":"fr-CA","potentialAction":[{"@type":"ReadAction","target":["https:\/\/careers.calian.com\/fr-ca\/faq\/"]}]},{"@type":"WebSite","@id":"https:\/\/careers.calian.com\/fr-ca\/#website","url":"https:\/\/careers.calian.com\/fr-ca\/","name":"Calian Careers","description":"We are looking for world-class talent to help the world communicate, innovate, learn and lead safe and healthy lives.","publisher":{"@id":"https:\/\/careers.calian.com\/fr-ca\/#organization"},"potentialAction":[{"@type":"SearchAction","target":{"@type":"EntryPoint","urlTemplate":"https:\/\/careers.calian.com\/fr-ca\/?s={search_term_string}"},"query-input":{"@type":"PropertyValueSpecification","valueRequired":true,"valueName":"search_term_string"}}],"inLanguage":"fr-CA"},{"@type":"Organization","@id":"https:\/\/careers.calian.com\/fr-ca\/#organization","name":"Calian Group","url":"https:\/\/careers.calian.com\/fr-ca\/","logo":{"@type":"ImageObject","inLanguage":"fr-CA","@id":"https:\/\/careers.calian.com\/fr-ca\/#\/schema\/logo\/image\/","url":"https:\/\/sites.calian.com\/app\/uploads\/sites\/3\/2023\/06\/og-logo-calian.webp","contentUrl":"https:\/\/sites.calian.com\/app\/uploads\/sites\/3\/2023\/06\/og-logo-calian.webp","width":1200,"height":630,"caption":"Calian Group"},"image":{"@id":"https:\/\/careers.calian.com\/fr-ca\/#\/schema\/logo\/image\/"},"sameAs":["https:\/\/www.facebook.com\/CalianGroup\/","https:\/\/x.com\/CalianGroup"]}]}},"_links":{"self":[{"href":"https:\/\/careers.calian.com\/fr-ca\/wp-json\/wp\/v2\/pages\/3575","targetHints":{"allow":["GET"]}}],"collection":[{"href":"https:\/\/careers.calian.com\/fr-ca\/wp-json\/wp\/v2\/pages"}],"about":[{"href":"https:\/\/careers.calian.com\/fr-ca\/wp-json\/wp\/v2\/types\/page"}],"author":[{"embeddable":true,"href":"https:\/\/careers.calian.com\/fr-ca\/wp-json\/wp\/v2\/users\/5"}],"replies":[{"embeddable":true,"href":"https:\/\/careers.calian.com\/fr-ca\/wp-json\/wp\/v2\/comments?post=3575"}],"version-history":[{"count":5,"href":"https:\/\/careers.calian.com\/fr-ca\/wp-json\/wp\/v2\/pages\/3575\/revisions"}],"predecessor-version":[{"id":16631,"href":"https:\/\/careers.calian.com\/fr-ca\/wp-json\/wp\/v2\/pages\/3575\/revisions\/16631"}],"wp:attachment":[{"href":"https:\/\/careers.calian.com\/fr-ca\/wp-json\/wp\/v2\/media?parent=3575"}],"wp:term":[{"taxonomy":"solution","embeddable":true,"href":"https:\/\/careers.calian.com\/fr-ca\/wp-json\/wp\/v2\/solution?post=3575"},{"taxonomy":"industry","embeddable":true,"href":"https:\/\/careers.calian.com\/fr-ca\/wp-json\/wp\/v2\/industry?post=3575"},{"taxonomy":"type_classification","embeddable":true,"href":"https:\/\/careers.calian.com\/fr-ca\/wp-json\/wp\/v2\/type_classification?post=3575"}],"curies":[{"name":"wp","href":"https:\/\/api.w.org\/{rel}","templated":true}]}}