{"id":3573,"date":"2023-05-01T13:11:08","date_gmt":"2023-05-01T17:11:08","guid":{"rendered":"https:\/\/careers.calian.com\/psychologues-cliniciens\/"},"modified":"2024-12-19T12:23:47","modified_gmt":"2024-12-19T17:23:47","slug":"emplois-psychologue-clinique","status":"publish","type":"page","link":"https:\/\/careers.calian.com\/fr-ca\/emplois-psychologue-clinique\/","title":{"rendered":"Psychologues cliniciens"},"content":{"rendered":"\n<div class=\"tbk-hydrate-component\" data-cid=\"3e4e43d8-e5c6-4f29-b8dd-749230f706a5\" data-component=\"Hero\"><section class=\"calian-hero d-flex h-100 position-relative overflow-hidden nav-indent wp-block-calian-com-components-calian-hero media-position-split has-split-image pb-5 pb-lg-0 overlay-themed\"><div class=\"container\"><div class=\"row\"><div class=\"calian-hero__content d-flex col-lg flex-column pb-3 justify-content-center has-breadcrumbs text-left\"><div class=\"calian-hero__copy-wrapper\"><p class=\"h4 calian-hero__eyebrow text-white\">Opportunit\u00e9s de carri\u00e8re passionnantes pour les<\/p><h1 class=\"calian-hero__heading text-white\">Psychologues cliniciens<\/h1><div class=\"calian-hero__text text-white mt-2 mb-4\"><br><\/div><a href=\"#calian-career-group\" class=\"btn btn-light mb-4 mt-3\">Voir les carri\u00e8res<\/a><\/div><div class=\"calian-hero__breadcrumbs mt-auto mb-0 pt-lg-4 pt-3 pb-lg-0 pb-md-3 pb-1\"><nav aria-label=\"breadcrumb\" class=\"breadcrumb-container\"><ol class=\"breadcrumb\"><li class=\"breadcrumb-item\"><a href=\"https:\/\/www.calian.com\" class=\"breadcrumb-item-link\">Home<\/a><\/li><li class=\"breadcrumb-item\"><a href=\"https:\/\/www.calian.com\/#\" class=\"breadcrumb-item-link\">Business Unit<\/a><\/li><li class=\"breadcrumb-item\" aria-current=\"page\">Page Title<\/li><\/ol><\/nav><\/div><\/div><div class=\"calian-hero__media col-md w-100 h-100 pt-lg-5 mt-lg-3 media-style-split\"><div class=\"media-wrapper ps-lg-5 pb-3 pb-lg-0 ml-auto mr-0 w-100 h-100\"><div class=\"advanced-image w-100 h-100\"><img loading=\"lazy\" decoding=\"async\" src=\"https:\/\/sites.calian.com\/app\/uploads\/sites\/3\/2023\/05\/psych-interview-1024x683.jpg\" alt=\"clinical psychologist enjoying job in Canada\" width=\"1024\" height=\"683\" class=\"calian-hero__image\"\/><\/div><\/div><\/div><\/div><\/div><div class=\"calian-hero__overlay overlay-themed position-absolute w-100 h-100 top-0 start-0 has-image\"><\/div><span><\/span><\/section><\/div>\n\n\n\n<div class=\"tbk-hydrate-component\" data-cid=\"1b51a465-b23a-4a5b-9918-8cbfccb39f30\" data-component=\"Spacer\"><div class=\"calian-spacer wp-block-calian-com-components-calian-spacer\"><\/div><\/div>\n\n\n\n<div class=\"tbk-hydrate-component\" data-cid=\"3cfd5edc-318a-4660-9625-8a6ab5026827\" data-component=\"Container\"><div class=\"container wp-block-tbk-components-container\" style=\"background-position:center;background-size:cover\"><div>\n<h2 class=\"wp-block-heading has-text-align-center\">Nous recherchons des psychologues cliniciens pour rejoindre l&#8217;\u00e9quipe de Calian et contribuer \u00e0 faire une diff\u00e9rence dans la vie des Canadiens<\/h2>\n\n\n\n<p class=\"has-text-align-center\">Nous proposons une gamme d&#8217;opportunit\u00e9s de carri\u00e8re \u00e0 travers le Canada, notamment en travaillant dans des environnements de cliniques partag\u00e9es sur les bases des Forces arm\u00e9es canadiennes ou dans des centres de d\u00e9tention pour immigrants. Nous offrons \u00e9galement des opportunit\u00e9s aux psychologues exer\u00e7ant en pratique priv\u00e9e de recevoir des r\u00e9f\u00e9rences pour des \u00e9valuations psychologiques. Ces \u00e9valuations psychologiques se concentrent sur la s\u00e9lection des candidats, leur aptitude \u00e0 porter une arme d\u00e9fensive et leur aptitude \u00e0 remplir leurs fonctions. Nos opportunit\u00e9s sont id\u00e9ales pour les psychologues int\u00e9ress\u00e9s par les domaines de l&#8217;application de la loi, de la militaire et de l&#8217;immigration.<\/p>\n<\/div><\/div><\/div>\n\n\n\n<div class=\"tbk-hydrate-component\" data-cid=\"4ddf5250-5451-468a-afd8-ff8eb211ab03\" data-component=\"Spacer\"><div class=\"calian-spacer wp-block-calian-com-components-calian-spacer\"><\/div><\/div>\n\n\n\n<div class=\"tbk-hydrate-component\" data-cid=\"60f84a1f-376f-4c19-aff1-2d0704990bac\" data-component=\"AlternatingTextAndImages\"><div class=\"calian-alternating-text-and-images overflow-hidden wp-block-calian-com-components-calian-alternating-text-and-images\"><div class=\"calian-alternating-text-and-images__container container-fluid\"><div class=\"\"><div class=\"row gx-md-6 justify-content-lg-start justify-content-lg-start mb-3 mb-md-9\"><div class=\"col-12 col-md mb-3\"><img loading=\"lazy\" decoding=\"async\" src=\"https:\/\/sites.calian.com\/app\/uploads\/sites\/3\/2023\/05\/psychologist-army-1024x683.jpg\" alt=\"\" width=\"1024\" height=\"683\" class=\"rounded-5 img-fluid w-100 h-250px h-md-373px object-fit-cover\"\/><\/div><div class=\"col-12 col-md\"><h3>Les psychologues cliniciens travaillant dans les cliniques partag\u00e9es b\u00e9n\u00e9ficient de :<\/h3><div class=\"calian-alternating-text-and-images__text mb-3\"><ul>\n  <li>Un taux horaire garanti<\/li>\n  <li>Opportunit\u00e9s \u00e0 temps partiel et \u00e0 temps plein<\/li>\n  <li>Des horaires en semaine <\/li>\n  <li>Pas de quarts de travail le week-end ou en soir\u00e9e et aucune responsabilit\u00e9 de garde<\/li>\n  <li>Aucuns frais g\u00e9n\u00e9raux ou administratifs g\u00e9n\u00e9ralement associ\u00e9s \u00e0 la pratique en cabinet<\/li>\n  <li>Un temps g\u00e9n\u00e9reux allou\u00e9 aux rendez-vous fix\u00e9s<\/li>\n  <li>Travail avec une population de patients unique et motiv\u00e9e<\/li>\n  <li>\u00c9quipes multidisciplinaires collaboratives<\/li>\n  <li>Acc\u00e8s facile aux sp\u00e9cialistes sur place et aux services de soutien<\/li>\n  <li>\u00c9quipe de gestion de contrat d\u00e9di\u00e9e chez Calian offrant un soutien en tout temps<\/li>\n<\/ul><\/div><div class=\"calian-alternating-text-and-images__ctas mb-3 d-flex flex-wrap gap-3\"><\/div><\/div><\/div><div class=\"row gx-md-6 justify-content-lg-start flex-row-reverse justify-content-lg-between mb-3 mb-md-9\"><div class=\"col-12 col-md mb-3\"><img loading=\"lazy\" decoding=\"async\" src=\"https:\/\/sites.calian.com\/app\/uploads\/sites\/3\/2023\/05\/psychologist-interview-1024x683.jpg\" alt=\"\" width=\"1024\" height=\"683\" class=\"rounded-5 img-fluid w-100 h-250px h-md-373px object-fit-cover\"\/><\/div><div class=\"col-12 col-md\"><h3>Les psychologues cliniciens qui re\u00e7oivent des recommandations vers leur cabinet priv\u00e9 b\u00e9n\u00e9ficient :<\/h3><div class=\"calian-alternating-text-and-images__text mb-3\"><ul>\n  <li>De la flexibilit\u00e9 de planifier les \u00e9valuations en fonction de leur disponibilit\u00e9<\/li>\n  <li>Du fait de n\u2019avoir aucune obligation de former une relation th\u00e9rapeutique avec le client<\/li>\n  <li>Du fait de travailler avec une population de clients unique<\/li>\n  <li>D\u2019un soutien pour les tests psychom\u00e9triques, y compris le mat\u00e9riel, l\u2019administration et le d\u00e9pouillement<\/li>\n  <li>\u00c9quipe de gestion de contrat d\u00e9di\u00e9e chez Calian offrant un soutien en tout temps<\/li>\n  <li>Soutien et collaboration de notre psychologue clinicien principal<\/li>\n<\/ul><\/div><div class=\"calian-alternating-text-and-images__ctas mb-3 d-flex flex-wrap gap-3\"><\/div><\/div><\/div><div class=\"row gx-md-6 justify-content-lg-start justify-content-lg-start\"><div class=\"col-12 col-md mb-3\"><img loading=\"lazy\" decoding=\"async\" src=\"https:\/\/sites.calian.com\/app\/uploads\/sites\/3\/2023\/05\/psychologist-male-1024x683.jpg\" alt=\"\" width=\"1024\" height=\"683\" class=\"rounded-5 img-fluid w-100 h-250px h-md-373px object-fit-cover\"\/><\/div><div class=\"col-12 col-md\"><h3>Pourquoi rejoindre l&#x27;\u00e9quipe de Calian ?<\/h3><div class=\"calian-alternating-text-and-images__text mb-3\"><strong>40+<\/strong> ans d&#8217;exp\u00e9rience dans l&#8217;emploi des meilleurs talents mondiaux <\/p>\n<ul>\n  <li>Large \u00e9ventail de projets divers et passionnants<\/li>\n  <li>Opportunit\u00e9s d&#8217;avancement de carri\u00e8re<\/li>\n  <li>Une vari\u00e9t\u00e9 d&#8217;opportunit\u00e9s \u00e0 temps plein et contractuelles <\/li>\n  <li>\u00c9quipes multidisciplinaires collaboratives<\/li>\n  <li>Avantages m\u00e9dicaux et dentaires complets <\/li>\n  <li>Programme d&#8217;achat d&#8217;actions pour les employ\u00e9s <\/li>\n<\/ul><\/div><div class=\"calian-alternating-text-and-images__ctas mb-3 d-flex flex-wrap gap-3\"><\/div><\/div><\/div><\/div><\/div><\/div><\/div>\n\n\n\n<div class=\"tbk-hydrate-component\" data-cid=\"646c4cb8-d144-4749-963a-3b419998f5c0\" data-component=\"Spacer\"><div class=\"calian-spacer wp-block-calian-com-components-calian-spacer\"><\/div><\/div>\n\n\n\n<div class=\"tbk-hydrate-component\" data-cid=\"de39a3e7-a457-40b7-a8a6-6ef734cdf212\" data-component=\"TestimonialCarousel\"><div><div class=\"d-flex justify-content-center p-1\"><div class=\"spinner-border text-primary \" role=\"status\" style=\"width:3rem;height:3rem\"><span class=\"visually-hidden\">Loading&#8230;<\/span><\/div><\/div><\/div><\/div>\n\n\n\n<div class=\"tbk-hydrate-component\" data-cid=\"cd8db6ed-50cf-4660-b0d6-61ed96dbfe31\" data-component=\"Spacer\"><div class=\"calian-spacer wp-block-calian-com-components-calian-spacer\"><\/div><\/div>\n\n\n\n<div class=\"tbk-hydrate-component\" data-cid=\"f8df02cb-2f6b-420b-8f89-aaac868b4f7d\" data-component=\"CTABar\"><div class=\"calian-cta-bar theme-dark wp-block-calian-com-components-calian-cta-bar\"><div class=\"calian-cta-bar__container container-fluid\"><div class=\"calian-cta-bar__vertical container-fluid position-relative\"><div class=\"row\"><div class=\"calian-cta-bar__vertical--content col-12\"><h2 class=\"calian-cta-bar__vertical--heading\">Le saviez-vous?<\/h2><div class=\"calian-cta-bar__vertical--description\">Calian a \u00e9t\u00e9 incluse dans la liste Forbes des meilleurs employeurs au Canada en 2022<\/div><div class=\"calian-cta-bar__vertical--buttons\"><a href=\"#calian-career-group\" class=\"btn btn-primary\">Explorez les opportunit\u00e9s de carri\u00e8re <\/a><\/div><\/div><\/div><\/div><\/div><\/div><\/div>\n\n\n\n<div class=\"tbk-hydrate-component\" data-cid=\"a1ebbe6d-cdb3-4b87-a90b-37044bb83870\" data-component=\"Spacer\"><div class=\"calian-spacer calian-spacer--medium wp-block-calian-com-components-calian-spacer\"><\/div><\/div>\n\n\n\n<div class=\"tbk-hydrate-component\" data-cid=\"94b137bd-3aff-4fae-9418-8ccb29ec3313\" data-component=\"CareersLocationFooter\"><div><div class=\"d-flex justify-content-center p-1\"><div class=\"spinner-border text-primary \" role=\"status\" style=\"width:3rem;height:3rem\"><span class=\"visually-hidden\">Loading&#8230;<\/span><\/div><\/div><\/div><\/div>\n","protected":false},"excerpt":{"rendered":"<p class=\"h4 calian-hero__eyebrow text-white\"> Opportunit\u00e9s de carri\u00e8re passionnantes pour les <\/p>\n<p> Psychologues cliniciens <br \/> <a href=\"#calian-career-group\" class=\"btn btn-light mb-4 mt-3\"> Voir les carri\u00e8res <\/a> <\/p>\n<li class=\"breadcrumb-item\"> <a href=\"https:\/\/www.calian.com\" class=\"breadcrumb-item-link\"> Home <\/a> <\/li>\n<li class=\"breadcrumb-item\"> <a href=\"https:\/\/www.calian.com\/#\" class=\"breadcrumb-item-link\"> Business Unit <\/a> <\/li>\n<li class=\"breadcrumb-item\" aria-current=\"page\"> Page Title <\/li>\n<p> Nous recherchons des psychologues cliniciens pour rejoindre l&#8217;\u00e9quipe de Calian et contribuer \u00e0 &hellip;<\/p>\n","protected":false},"author":5,"featured_media":0,"parent":0,"menu_order":0,"comment_status":"closed","ping_status":"closed","template":"","meta":{"_acf_changed":false,"content-type":"","footnotes":""},"solution":[],"industry":[],"type_classification":[],"class_list":["post-3573","page","type-page","status-publish","hentry"],"acf":[],"yoast_head":"<!-- This site is optimized with the Yoast SEO plugin v26.4 - https:\/\/yoast.com\/wordpress\/plugins\/seo\/ -->\n<title>Emplois de psychologue clinicien - Opportunit\u00e9s de carri\u00e8re \u00e0 travers le Canada<\/title>\n<meta name=\"description\" content=\"Possibilit\u00e9s d&#039;emploi de psychologue clinicien dans les cliniques de soins partag\u00e9s, les bases des Forces arm\u00e9es canadiennes et les centres de surveillance de l&#039;immigration.\" \/>\n<meta name=\"robots\" content=\"index, follow, max-snippet:-1, max-image-preview:large, max-video-preview:-1\" \/>\n<link rel=\"canonical\" href=\"https:\/\/careers.calian.com\/fr-ca\/emplois-psychologue-clinique\/\" \/>\n<meta property=\"og:locale\" content=\"fr_CA\" \/>\n<meta property=\"og:type\" content=\"article\" \/>\n<meta property=\"og:title\" content=\"Emplois de psychologue clinicien - Opportunit\u00e9s de carri\u00e8re \u00e0 travers le Canada\" \/>\n<meta property=\"og:description\" content=\"Possibilit\u00e9s d&#039;emploi de psychologue clinicien dans les cliniques de soins partag\u00e9s, les bases des Forces arm\u00e9es canadiennes et les centres de surveillance de l&#039;immigration.\" \/>\n<meta property=\"og:url\" content=\"https:\/\/careers.calian.com\/fr-ca\/emplois-psychologue-clinique\/\" \/>\n<meta property=\"og:site_name\" content=\"Calian Careers\" \/>\n<meta property=\"article:publisher\" content=\"https:\/\/www.facebook.com\/CalianGroup\/\" \/>\n<meta property=\"article:modified_time\" content=\"2024-12-19T17:23:47+00:00\" \/>\n<meta property=\"og:image\" content=\"https:\/\/sites.calian.com\/app\/uploads\/sites\/3\/2023\/05\/psych-interview-1024x683.jpg\" \/>\n<meta name=\"twitter:card\" content=\"summary_large_image\" \/>\n<meta name=\"twitter:site\" content=\"@CalianGroup\" \/>\n<meta name=\"twitter:label1\" content=\"Est. reading time\" \/>\n\t<meta name=\"twitter:data1\" content=\"3 minutes\" \/>\n<script type=\"application\/ld+json\" class=\"yoast-schema-graph\">{\"@context\":\"https:\/\/schema.org\",\"@graph\":[{\"@type\":\"WebPage\",\"@id\":\"https:\/\/careers.calian.com\/fr-ca\/emplois-psychologue-clinique\/\",\"url\":\"https:\/\/careers.calian.com\/fr-ca\/emplois-psychologue-clinique\/\",\"name\":\"Emplois de psychologue clinicien - Opportunit\u00e9s de carri\u00e8re \u00e0 travers le Canada\",\"isPartOf\":{\"@id\":\"https:\/\/careers.calian.com\/fr-ca\/#website\"},\"primaryImageOfPage\":{\"@id\":\"https:\/\/careers.calian.com\/fr-ca\/emplois-psychologue-clinique\/#primaryimage\"},\"image\":{\"@id\":\"https:\/\/careers.calian.com\/fr-ca\/emplois-psychologue-clinique\/#primaryimage\"},\"thumbnailUrl\":\"https:\/\/sites.calian.com\/app\/uploads\/sites\/3\/2023\/05\/psych-interview-1024x683.jpg\",\"datePublished\":\"2023-05-01T17:11:08+00:00\",\"dateModified\":\"2024-12-19T17:23:47+00:00\",\"description\":\"Possibilit\u00e9s d'emploi de psychologue clinicien dans les cliniques de soins partag\u00e9s, les bases des Forces arm\u00e9es canadiennes et les centres de surveillance de l'immigration.\",\"inLanguage\":\"fr-CA\",\"potentialAction\":[{\"@type\":\"ReadAction\",\"target\":[\"https:\/\/careers.calian.com\/fr-ca\/emplois-psychologue-clinique\/\"]}]},{\"@type\":\"ImageObject\",\"inLanguage\":\"fr-CA\",\"@id\":\"https:\/\/careers.calian.com\/fr-ca\/emplois-psychologue-clinique\/#primaryimage\",\"url\":\"https:\/\/sites.calian.com\/app\/uploads\/sites\/3\/2023\/05\/psych-interview-1024x683.jpg\",\"contentUrl\":\"https:\/\/sites.calian.com\/app\/uploads\/sites\/3\/2023\/05\/psych-interview-1024x683.jpg\"},{\"@type\":\"WebSite\",\"@id\":\"https:\/\/careers.calian.com\/fr-ca\/#website\",\"url\":\"https:\/\/careers.calian.com\/fr-ca\/\",\"name\":\"Calian Careers\",\"description\":\"We are looking for world-class talent to help the world communicate, innovate, learn and lead safe and healthy lives.\",\"publisher\":{\"@id\":\"https:\/\/careers.calian.com\/fr-ca\/#organization\"},\"potentialAction\":[{\"@type\":\"SearchAction\",\"target\":{\"@type\":\"EntryPoint\",\"urlTemplate\":\"https:\/\/careers.calian.com\/fr-ca\/?s={search_term_string}\"},\"query-input\":{\"@type\":\"PropertyValueSpecification\",\"valueRequired\":true,\"valueName\":\"search_term_string\"}}],\"inLanguage\":\"fr-CA\"},{\"@type\":\"Organization\",\"@id\":\"https:\/\/careers.calian.com\/fr-ca\/#organization\",\"name\":\"Calian Group\",\"url\":\"https:\/\/careers.calian.com\/fr-ca\/\",\"logo\":{\"@type\":\"ImageObject\",\"inLanguage\":\"fr-CA\",\"@id\":\"https:\/\/careers.calian.com\/fr-ca\/#\/schema\/logo\/image\/\",\"url\":\"https:\/\/sites.calian.com\/app\/uploads\/sites\/3\/2023\/06\/og-logo-calian.webp\",\"contentUrl\":\"https:\/\/sites.calian.com\/app\/uploads\/sites\/3\/2023\/06\/og-logo-calian.webp\",\"width\":1200,\"height\":630,\"caption\":\"Calian Group\"},\"image\":{\"@id\":\"https:\/\/careers.calian.com\/fr-ca\/#\/schema\/logo\/image\/\"},\"sameAs\":[\"https:\/\/www.facebook.com\/CalianGroup\/\",\"https:\/\/x.com\/CalianGroup\"]}]}<\/script>\n<!-- \/ Yoast SEO plugin. -->","yoast_head_json":{"title":"Emplois de psychologue clinicien - Opportunit\u00e9s de carri\u00e8re \u00e0 travers le Canada","description":"Possibilit\u00e9s d'emploi de psychologue clinicien dans les cliniques de soins partag\u00e9s, les bases des Forces arm\u00e9es canadiennes et les centres de surveillance de l'immigration.","robots":{"index":"index","follow":"follow","max-snippet":"max-snippet:-1","max-image-preview":"max-image-preview:large","max-video-preview":"max-video-preview:-1"},"canonical":"https:\/\/careers.calian.com\/fr-ca\/emplois-psychologue-clinique\/","og_locale":"fr_CA","og_type":"article","og_title":"Emplois de psychologue clinicien - Opportunit\u00e9s de carri\u00e8re \u00e0 travers le Canada","og_description":"Possibilit\u00e9s d'emploi de psychologue clinicien dans les cliniques de soins partag\u00e9s, les bases des Forces arm\u00e9es canadiennes et les centres de surveillance de l'immigration.","og_url":"https:\/\/careers.calian.com\/fr-ca\/emplois-psychologue-clinique\/","og_site_name":"Calian Careers","article_publisher":"https:\/\/www.facebook.com\/CalianGroup\/","article_modified_time":"2024-12-19T17:23:47+00:00","og_image":[{"url":"https:\/\/sites.calian.com\/app\/uploads\/sites\/3\/2023\/05\/psych-interview-1024x683.jpg","type":"","width":"","height":""}],"twitter_card":"summary_large_image","twitter_site":"@CalianGroup","twitter_misc":{"Est. reading time":"3 minutes"},"schema":{"@context":"https:\/\/schema.org","@graph":[{"@type":"WebPage","@id":"https:\/\/careers.calian.com\/fr-ca\/emplois-psychologue-clinique\/","url":"https:\/\/careers.calian.com\/fr-ca\/emplois-psychologue-clinique\/","name":"Emplois de psychologue clinicien - Opportunit\u00e9s de carri\u00e8re \u00e0 travers le Canada","isPartOf":{"@id":"https:\/\/careers.calian.com\/fr-ca\/#website"},"primaryImageOfPage":{"@id":"https:\/\/careers.calian.com\/fr-ca\/emplois-psychologue-clinique\/#primaryimage"},"image":{"@id":"https:\/\/careers.calian.com\/fr-ca\/emplois-psychologue-clinique\/#primaryimage"},"thumbnailUrl":"https:\/\/sites.calian.com\/app\/uploads\/sites\/3\/2023\/05\/psych-interview-1024x683.jpg","datePublished":"2023-05-01T17:11:08+00:00","dateModified":"2024-12-19T17:23:47+00:00","description":"Possibilit\u00e9s d'emploi de psychologue clinicien dans les cliniques de soins partag\u00e9s, les bases des Forces arm\u00e9es canadiennes et les centres de surveillance de l'immigration.","inLanguage":"fr-CA","potentialAction":[{"@type":"ReadAction","target":["https:\/\/careers.calian.com\/fr-ca\/emplois-psychologue-clinique\/"]}]},{"@type":"ImageObject","inLanguage":"fr-CA","@id":"https:\/\/careers.calian.com\/fr-ca\/emplois-psychologue-clinique\/#primaryimage","url":"https:\/\/sites.calian.com\/app\/uploads\/sites\/3\/2023\/05\/psych-interview-1024x683.jpg","contentUrl":"https:\/\/sites.calian.com\/app\/uploads\/sites\/3\/2023\/05\/psych-interview-1024x683.jpg"},{"@type":"WebSite","@id":"https:\/\/careers.calian.com\/fr-ca\/#website","url":"https:\/\/careers.calian.com\/fr-ca\/","name":"Calian Careers","description":"We are looking for world-class talent to help the world communicate, innovate, learn and lead safe and healthy lives.","publisher":{"@id":"https:\/\/careers.calian.com\/fr-ca\/#organization"},"potentialAction":[{"@type":"SearchAction","target":{"@type":"EntryPoint","urlTemplate":"https:\/\/careers.calian.com\/fr-ca\/?s={search_term_string}"},"query-input":{"@type":"PropertyValueSpecification","valueRequired":true,"valueName":"search_term_string"}}],"inLanguage":"fr-CA"},{"@type":"Organization","@id":"https:\/\/careers.calian.com\/fr-ca\/#organization","name":"Calian Group","url":"https:\/\/careers.calian.com\/fr-ca\/","logo":{"@type":"ImageObject","inLanguage":"fr-CA","@id":"https:\/\/careers.calian.com\/fr-ca\/#\/schema\/logo\/image\/","url":"https:\/\/sites.calian.com\/app\/uploads\/sites\/3\/2023\/06\/og-logo-calian.webp","contentUrl":"https:\/\/sites.calian.com\/app\/uploads\/sites\/3\/2023\/06\/og-logo-calian.webp","width":1200,"height":630,"caption":"Calian Group"},"image":{"@id":"https:\/\/careers.calian.com\/fr-ca\/#\/schema\/logo\/image\/"},"sameAs":["https:\/\/www.facebook.com\/CalianGroup\/","https:\/\/x.com\/CalianGroup"]}]}},"_links":{"self":[{"href":"https:\/\/careers.calian.com\/fr-ca\/wp-json\/wp\/v2\/pages\/3573","targetHints":{"allow":["GET"]}}],"collection":[{"href":"https:\/\/careers.calian.com\/fr-ca\/wp-json\/wp\/v2\/pages"}],"about":[{"href":"https:\/\/careers.calian.com\/fr-ca\/wp-json\/wp\/v2\/types\/page"}],"author":[{"embeddable":true,"href":"https:\/\/careers.calian.com\/fr-ca\/wp-json\/wp\/v2\/users\/5"}],"replies":[{"embeddable":true,"href":"https:\/\/careers.calian.com\/fr-ca\/wp-json\/wp\/v2\/comments?post=3573"}],"version-history":[{"count":28,"href":"https:\/\/careers.calian.com\/fr-ca\/wp-json\/wp\/v2\/pages\/3573\/revisions"}],"predecessor-version":[{"id":30885,"href":"https:\/\/careers.calian.com\/fr-ca\/wp-json\/wp\/v2\/pages\/3573\/revisions\/30885"}],"wp:attachment":[{"href":"https:\/\/careers.calian.com\/fr-ca\/wp-json\/wp\/v2\/media?parent=3573"}],"wp:term":[{"taxonomy":"solution","embeddable":true,"href":"https:\/\/careers.calian.com\/fr-ca\/wp-json\/wp\/v2\/solution?post=3573"},{"taxonomy":"industry","embeddable":true,"href":"https:\/\/careers.calian.com\/fr-ca\/wp-json\/wp\/v2\/industry?post=3573"},{"taxonomy":"type_classification","embeddable":true,"href":"https:\/\/careers.calian.com\/fr-ca\/wp-json\/wp\/v2\/type_classification?post=3573"}],"curies":[{"name":"wp","href":"https:\/\/api.w.org\/{rel}","templated":true}]}}