{"id":3572,"date":"2023-04-17T00:39:44","date_gmt":"2023-04-17T04:39:44","guid":{"rendered":"https:\/\/careers.calian.com\/la-vie-a-calian\/"},"modified":"2025-02-19T14:19:12","modified_gmt":"2025-02-19T19:19:12","slug":"la-vie-a-calian","status":"publish","type":"page","link":"https:\/\/careers.calian.com\/fr-ca\/la-vie-a-calian\/","title":{"rendered":"La vie chez Calian"},"content":{"rendered":"\n<div class=\"tbk-hydrate-component\" data-cid=\"73438d8a-085a-4732-8056-6d2bf1280994\" data-component=\"Hero\"><section class=\"calian-hero d-flex h-100 position-relative overflow-hidden nav-indent wp-block-calian-com-components-calian-hero media-position-split has-split-image pb-5 pb-lg-0 overlay-solid\"><div class=\"container\"><div class=\"row\"><div class=\"calian-hero__content d-flex col-lg flex-column pb-3 justify-content-center has-breadcrumbs text-left\"><div class=\"calian-hero__copy-wrapper\"><p class=\"h4 calian-hero__eyebrow\">La vie chez Calian<\/p><h1 class=\"calian-hero__heading\">Votre future carri\u00e8re, con\u00e7ue ici.<\/h1><div class=\"calian-hero__text mt-2 mb-4\"> Rejoignez notre importante mission d&#8217;aider le monde \u00e0 communiquer, innover, apprendre et mener une vie s\u00fbre et saine. Nos employ\u00e9s jouent un r\u00f4le transformationnel dans la vie quotidienne des gens, et nous sommes fiers que beaucoup d&#8217;entre eux consid\u00e8rent leur travail chez Calian comme \u00e9tant v\u00e9ritablement d\u00e9terminant pour leur vie. <\/div><\/div><div class=\"calian-hero__breadcrumbs mt-auto mb-0 pt-lg-4 pt-3 pb-lg-0 pb-md-3 pb-1\"><nav aria-label=\"breadcrumb\" class=\"breadcrumb-container\"><ol class=\"breadcrumb\"><li class=\"breadcrumb-item\"><a href=\"https:\/\/www.calian.com\/fr\/\" class=\"breadcrumb-item-link\">Accueil<\/a><\/li><li class=\"breadcrumb-item\"><a href=\"https:\/\/www.calian.com\/fr\/politique-daccessibilite\/\" class=\"breadcrumb-item-link\">Politique d&#8217;accessibilit\u00e9<\/a><\/li><li class=\"breadcrumb-item\" aria-current=\"page\">D\u00e9claration de confidentialit\u00e9<\/li><\/ol><\/nav><\/div><\/div><div class=\"calian-hero__media col-md w-100 h-100 pt-lg-5 mt-lg-3 media-style-split\"><div class=\"media-wrapper ps-lg-5 pb-3 pb-lg-0 ml-auto mr-0 w-100 h-100\"><div class=\"advanced-image w-100 h-100\"><img loading=\"lazy\" decoding=\"async\" src=\"https:\/\/sites.calian.com\/app\/uploads\/sites\/3\/2023\/04\/iStock-512101124-4-683x1024.jpg\" alt=\"\" width=\"683\" height=\"1024\" class=\"calian-hero__image\" \/><\/div><\/div><\/div><\/div><\/div><div class=\"calian-hero__overlay overlay-solid position-absolute w-100 h-100 top-0 start-0 has-image\"><\/div><span><\/span><\/section><\/div>\n\n<div class=\"tbk-hydrate-component\" data-cid=\"db53e7b3-f433-4cba-80b7-d873da4f4307\" data-component=\"Spacer\"><div class=\"calian-spacer calian-spacer--small wp-block-calian-com-components-calian-spacer\"><\/div><\/div>\n\n<div class=\"tbk-hydrate-component\" data-cid=\"10a1e2bb-ebda-49e8-b70c-4ea4917a7e50\" data-component=\"HorizontalSplitTextSingleFeatureImage\"><div class=\"calian-horizontal-split-text-single-feature-image wp-block-calian-com-components-calian-horizontal-split-text-single-feature-image\"><div class=\"calian-horizontal-split-text-single-feature-image__container container-fluid\"><div class=\"row\"><div class=\"calian-horizontal-split-text-single-feature-image__left col-12 col-lg-6\"><div class=\"calian-horizontal-split-text-single-feature-image__image\"><img loading=\"lazy\" decoding=\"async\" src=\"https:\/\/sites.calian.com\/app\/uploads\/sites\/3\/2023\/04\/DSC_9315-copy-1024x683.jpg\" alt=\"\" width=\"1024\" height=\"683\" class=\"img-fluid\" \/><\/div><\/div><div class=\"calian-horizontal-split-text-single-feature-image__right col-12 col-lg-6\"><h2 class=\"calian-horizontal-split-text-single-feature-image__heading\">Trouvez votre vocation chez Calian<\/h2><p class=\"calian-horizontal-split-text-single-feature-image__sub-heading\"><span><strong>40+<\/strong> ans d&#8217;emploi des meilleurs talents du monde<\/span><\/p><p class=\"calian-horizontal-split-text-single-feature-image__description\">Avec son si\u00e8ge social \u00e0 Ottawa, en Ontario, au Canada, Calian poss\u00e8de des bureaux et des projets dans les march\u00e9s nord-am\u00e9ricains, europ\u00e9ens et internationaux. Nous offrons une culture d&#8217;entreprise positive et un environnement de travail stimulant, guid\u00e9s par un fort engagement envers la diversit\u00e9, l&#8217;\u00e9quit\u00e9, l&#8217;inclusion et le sentiment d&#8217;appartenance.<br \/><br \/>Notre succ\u00e8s est d\u00fb \u00e0 notre personnel talentueux et d\u00e9vou\u00e9 de 5 800 personnes \u00e0 travers le monde.  <\/p><\/div><\/div><\/div><\/div><\/div>\n\n<div class=\"tbk-hydrate-component\" data-cid=\"3f681822-eaf6-42f9-a986-154bd59b0c68\" data-component=\"Spacer\"><div class=\"calian-spacer calian-spacer--medium wp-block-calian-com-components-calian-spacer\"><\/div><\/div>\n\n<div class=\"tbk-hydrate-component\" data-cid=\"43d9014b-90fa-4c63-a319-0e759e93f903\" data-component=\"AtAGlance\"><div class=\"calian-at-a-glance wp-block-calian-com-components-calian-at-a-glance\"><div class=\"calian-at-a-glance__container\"><div class=\"calian-at-a-glance__wrapper\"><div class=\"calian-at-a-glance__left\"><h2 class=\"calian-at-a-glance__heading\">Calian en un coup d\u2019\u0153il<\/h2><ul class=\"calian-at-a-glance__tile-items\"><li class=\"calian-at-a-glance__tile-item\"><div class=\"calian-at-a-glance__tile-heading\">747M$<\/div><p class=\"calian-at-a-glance__tile-text\">de revenus en 2024<\/p><\/li><li class=\"calian-at-a-glance__tile-item\"><div class=\"calian-at-a-glance__tile-heading\">34%<\/div><p class=\"calian-at-a-glance__tile-text\">Marge brute en 2024<\/p><\/li><li class=\"calian-at-a-glance__tile-item\"><div class=\"calian-at-a-glance__tile-heading\">86M$<\/div><p class=\"calian-at-a-glance__tile-text\">BAIIA ajust\u00e9 en 2024<\/p><\/li><li class=\"calian-at-a-glance__tile-item\"><div class=\"calian-at-a-glance__tile-heading\">5,800<\/div><p class=\"calian-at-a-glance__tile-text\">main d&#8217;oeuvre<\/p><\/li><li class=\"calian-at-a-glance__tile-item\"><div class=\"calian-at-a-glance__tile-heading\">785M$<\/div><p class=\"calian-at-a-glance__tile-text\">en nouveaux contrats sign\u00e9s en 2024<\/p><\/li><li class=\"calian-at-a-glance__tile-item\"><div class=\"calian-at-a-glance__tile-heading\">1,2G$<\/div><p class=\"calian-at-a-glance__tile-text\">Carnet de commandes en 2024<\/p><\/li><\/ul><\/div><div class=\"calian-at-a-glance__right\"><div class=\"calian-at-a-glance__content\"><h4 class=\"calian-at-a-glance__subheading\">Mission<\/h4><p class=\"calian-at-a-glance__content-text\">Calian aide le monde \u00e0 communiquer, \u00e0 innover, \u00e0 apprendre et \u00e0 mener une vie saine et s\u00e9curitaire.<\/p><\/div><h4 class=\"calian-at-a-glance__subheading calian-at-a-glance__subheading--list\">Valeurs<\/h4><ul class=\"calian-at-a-glance__list-items\"><li class=\"calian-at-a-glance__list-item\"><span class=\"calian-at-a-glance__list-icon\"><i class=\"icon icon-handshake\"><\/i><\/span><span class=\"calian-at-a-glance__list-text\">Engagement des clients<\/span><\/li><li class=\"calian-at-a-glance__list-item\"><span class=\"calian-at-a-glance__list-icon\"><i class=\"icon icon-shield\"><\/i><\/span><span class=\"calian-at-a-glance__list-text\">Int\u00e9grit\u00e9<\/span><\/li><li class=\"calian-at-a-glance__list-item\"><span class=\"calian-at-a-glance__list-icon\"><i class=\"icon icon-user-four\"><\/i><\/span><span class=\"calian-at-a-glance__list-text\">Travail d&#8217;\u00e9quipe<\/span><\/li><li class=\"calian-at-a-glance__list-item\"><span class=\"calian-at-a-glance__list-icon\"><i class=\"icon icon-cpu\"><\/i><\/span><span class=\"calian-at-a-glance__list-text\">Innovation<\/span><\/li><li class=\"calian-at-a-glance__list-item\"><span class=\"calian-at-a-glance__list-icon\"><i class=\"icon icon-chat-circle\"><\/i><\/span><span class=\"calian-at-a-glance__list-text\">Respect<\/span><\/li><\/ul><\/div><\/div><\/div><\/div><\/div>\n\n<div class=\"tbk-hydrate-component\" data-cid=\"3f681822-eaf6-42f9-a986-154bd59b0c68\" data-component=\"Spacer\"><div class=\"calian-spacer calian-spacer--medium wp-block-calian-com-components-calian-spacer\"><\/div><\/div>\n\n<div class=\"tbk-hydrate-component\" data-cid=\"d7215466-74f1-43b9-ae3e-c7582ad4eb22\" data-component=\"AlternatingTextAndImages\"><div class=\"calian-alternating-text-and-images overflow-hidden wp-block-calian-com-components-calian-alternating-text-and-images\"><div class=\"calian-alternating-text-and-images__container container-fluid\"><div class=\"\"><div class=\"row gx-md-6 justify-content-lg-start flex-row-reverse justify-content-lg-between mb-3 mb-md-9\"><div class=\"col-12 col-md mb-3\"><img loading=\"lazy\" decoding=\"async\" src=\"https:\/\/sites.calian.com\/app\/uploads\/sites\/3\/2023\/04\/Implement-proven-DevOps-for-greater-agility.jpeg\" alt=\"\" width=\"468\" height=\"320\" class=\"rounded-5 img-fluid w-100 h-250px h-md-373px object-fit-cover\" \/><\/div><div class=\"col-12 col-md\"><h3>Int\u00e9grit\u00e9<\/h3><div class=\"calian-alternating-text-and-images__text mb-3\">Notre devoir est d&#8217;aider le monde \u00e0 avancer. Nous tenons nos promesses et nous nous engageons \u00e0 \u00eatre responsables de nos actions. Nous donnons les moyens \u00e0 nos employ\u00e9s, clients et partenaires de r\u00e9ussir en \u00e9tant fid\u00e8les \u00e0 notre parole. <\/div><div class=\"calian-alternating-text-and-images__ctas mb-3 d-flex flex-wrap gap-3\"><\/div><\/div><\/div><div class=\"row gx-md-6 justify-content-lg-start justify-content-lg-start mb-3 mb-md-9\"><div class=\"col-12 col-md mb-3\"><img loading=\"lazy\" decoding=\"async\" src=\"https:\/\/sites.calian.com\/app\/uploads\/sites\/3\/2023\/04\/Calian-women-in-STEM-have-an-equal-seat-at-the-table.png\" alt=\"\" width=\"462\" height=\"322\" class=\"rounded-5 img-fluid w-100 h-250px h-md-373px object-fit-cover\" \/><\/div><div class=\"col-12 col-md\"><h3>Travail d&#8217;\u00e9quipe<\/h3><div class=\"calian-alternating-text-and-images__text mb-3\">La collaboration permet de trouver de meilleures solutions. Nous valorisons <a href=\"https:\/\/careers.calian.com\/fr-ca\/diversite-equite-inclusion-et-appartenance\/\">la diversit\u00e9, l&#8217;\u00e9quit\u00e9, l&#8217;inclusion et le sentiment d&#8217;appartenance<\/a>, en travaillant ensemble pour offrir \u00e0 nos clients des solutions plus progressives et efficaces.<\/div><div class=\"calian-alternating-text-and-images__ctas mb-3 d-flex flex-wrap gap-3\"><\/div><\/div><\/div><div class=\"row gx-md-6 justify-content-lg-start flex-row-reverse justify-content-lg-between mb-3 mb-md-9\"><div class=\"col-12 col-md mb-3\"><img loading=\"lazy\" decoding=\"async\" src=\"https:\/\/sites.calian.com\/app\/uploads\/sites\/3\/2023\/04\/Virtual-Reality.jpeg\" alt=\"\" width=\"800\" height=\"800\" class=\"rounded-5 img-fluid w-100 h-250px h-md-373px object-fit-cover\" \/><\/div><div class=\"col-12 col-md\"><h3>Innovation<\/h3><div class=\"calian-alternating-text-and-images__text mb-3\">Chez Calian, r\u00e9soudre des probl\u00e8mes complexes est notre passion. Nous concevons des solutions innovantes et cr\u00e9atives pour les d\u00e9fis difficiles et complexes qui nous touchent tous. Nous r\u00e9solvons les probl\u00e8mes en r\u00e9unissant les meilleures technologies, les bonnes personnes et les bons partenaires.<\/div><div class=\"calian-alternating-text-and-images__ctas mb-3 d-flex flex-wrap gap-3\"><\/div><\/div><\/div><div class=\"row gx-md-6 justify-content-lg-start justify-content-lg-start mb-3 mb-md-9\"><div class=\"col-12 col-md mb-3\"><img loading=\"lazy\" decoding=\"async\" src=\"https:\/\/sites.calian.com\/app\/uploads\/sites\/3\/2023\/04\/iStock-512101124-4-683x1024.jpg\" alt=\"\" width=\"683\" height=\"1024\" class=\"rounded-5 img-fluid w-100 h-250px h-md-373px object-fit-cover\" \/><\/div><div class=\"col-12 col-md\"><h3>Respect<\/h3><div class=\"calian-alternating-text-and-images__text mb-3\">Le respect est un pilier fondamental qui sous-tend notre succ\u00e8s. C&#8217;est la colle qui maintient notre tissu diversifi\u00e9, nous permettant de travailler de mani\u00e8re coh\u00e9rente vers des objectifs communs qui profitent \u00e0 nos clients. Nous valorisons chacun et traitons les gens avec dignit\u00e9 et professionnalisme, ce qui nous aide \u00e9galement \u00e0 attirer et \u00e0 retenir les meilleurs talents.  <\/div><div class=\"calian-alternating-text-and-images__ctas mb-3 d-flex flex-wrap gap-3\"><\/div><\/div><\/div><div class=\"row gx-md-6 justify-content-lg-start flex-row-reverse justify-content-lg-between\"><div class=\"col-12 col-md mb-3\"><img loading=\"lazy\" decoding=\"async\" src=\"https:\/\/sites.calian.com\/app\/uploads\/sites\/3\/2023\/04\/We-solve-complex-problems.jpeg\" alt=\"\" width=\"800\" height=\"800\" class=\"rounded-5 img-fluid w-100 h-250px h-md-373px object-fit-cover\" \/><\/div><div class=\"col-12 col-md\"><h3>Engagement des clients<\/h3><div class=\"calian-alternating-text-and-images__text mb-3\">Les probl\u00e8mes commerciaux sont ultimement des probl\u00e8mes humains. Tout ce que nous faisons est mesur\u00e9 en fonction de la confiance, du progr\u00e8s et du succ\u00e8s de nos employ\u00e9s, clients et partenaires. Nous sommes honn\u00eates et d\u00e9vou\u00e9s, c&#8217;est pourquoi tant de personnes choisissent de travailler ici.<\/div><div class=\"calian-alternating-text-and-images__ctas mb-3 d-flex flex-wrap gap-3\"><\/div><\/div><\/div><\/div><\/div><\/div><\/div>\n\n<div class=\"tbk-hydrate-component\" data-cid=\"3f681822-eaf6-42f9-a986-154bd59b0c68\" data-component=\"Spacer\"><div class=\"calian-spacer calian-spacer--medium wp-block-calian-com-components-calian-spacer\"><\/div><\/div>\n\n<div class=\"tbk-hydrate-component\" data-cid=\"44ee575c-fe6e-4633-a1ec-faa816b52e5e\" data-component=\"VerticalTextGalleryFeature\"><div class=\"calian-vertical-text-gallery-feature overflow-hidden 0 theme-light\"><div class=\"calian-vertical-text-gallery-feature__container container-fluid\"><div class=\"calian-vertical-text-gallery-feature__top-content row\"><div class=\"calian-vertical-text-gallery-feature__top-content--left col-12 col-lg-6\"><h2 class=\"calian-vertical-text-gallery-feature__heading\">Ne gardez pas votre emploi de jour<\/h2><div class=\"calian-vertical-text-gallery-feature__description\">Pr\u00eat pour une carri\u00e8re avec un but? Postulez pour travailler chez Calian.<br \/><\/div><a href=\"https:\/\/careers.calian.com\/fr-ca\/careers\/\" class=\"btn btn-primary calian-vertical-text-gallery-feature__cta-btn\">Voir les offres d\u2019emploi disponibles<\/a><\/div><div class=\"calian-vertical-text-gallery-feature__top-content--right col-12 col-lg-6\"><div class=\"calian-vertical-text-gallery-feature__quote\"><p>Ce qui motive cette entreprise au quotidien, c&#8217;est l&#8217;\u00e9quipe talentueuse qui fournit nos produits et solutions innovants. Nous nous engageons \u00e0 nous am\u00e9liorer continuellement et \u00e0 fournir une qualit\u00e9 exceptionnelle. Je ne pourrais \u00eatre plus fier du talent impressionnant et du d\u00e9vouement de l&#8217;\u00e9quipe de Calian. <\/p><span class=\"calian-vertical-text-gallery-feature__quote-author d-block pt-md-2 pt-3 ps-4 ps-sm-0 fs-7 fs-md-5\">Kevin Ford, pr\u00e9sident et directeur g\u00e9n\u00e9ral (PDG)<\/span><\/div><\/div><\/div><div class=\"row\"><div class=\"col-12\"><div class=\"calian-vertical-text-gallery-feature__image-container\"><\/div><\/div><\/div><\/div><\/div><\/div>\n\n<div class=\"tbk-hydrate-component\" data-cid=\"7ad44623-e0e1-4215-8dda-9b421a447b68\" data-component=\"Spacer\"><div class=\"calian-spacer wp-block-calian-com-components-calian-spacer\"><\/div><\/div>\n<!-- wp:block null -->\n<div class=\"tbk-hydrate-component\"><div class=\"calian-spacer wp-block-calian-com-components-calian-spacer\"><\/div><\/div>\n<!-- \/wp:post-content -->","protected":false},"excerpt":{"rendered":"<p class=\"h4 calian-hero__eyebrow\"> La vie chez Calian <\/p>\n<p> Votre future carri\u00e8re, con\u00e7ue ici. Rejoignez notre importante mission d&#8217;aider le monde \u00e0 communiquer, innover, apprendre et mener une vie s\u00fbre et saine. Nos employ\u00e9s jouent un r\u00f4le transformationnel dans la vie quotidienne des gens, et nous sommes fiers que beaucoup d&#8217;entre eux consid\u00e8rent leur travail chez Calian comme \u00e9tant v\u00e9ritablement d\u00e9terminant &hellip;<\/p>\n","protected":false},"author":5,"featured_media":0,"parent":0,"menu_order":0,"comment_status":"closed","ping_status":"closed","template":"","meta":{"_acf_changed":false,"content-type":"","footnotes":""},"solution":[],"industry":[],"type_classification":[],"class_list":["post-3572","page","type-page","status-publish","hentry"],"acf":[],"yoast_head":"<!-- This site is optimized with the Yoast SEO plugin v26.4 - https:\/\/yoast.com\/wordpress\/plugins\/seo\/ -->\n<title>La vie chez Calian - Calian Careers<\/title>\n<meta name=\"robots\" content=\"index, follow, max-snippet:-1, max-image-preview:large, max-video-preview:-1\" \/>\n<link rel=\"canonical\" href=\"https:\/\/careers.calian.com\/fr-ca\/la-vie-a-calian\/\" \/>\n<meta property=\"og:locale\" content=\"fr_CA\" \/>\n<meta property=\"og:type\" content=\"article\" \/>\n<meta property=\"og:title\" content=\"La vie chez Calian - Calian Careers\" \/>\n<meta property=\"og:description\" content=\"La vie chez Calian Votre future carri\u00e8re, con\u00e7ue ici. Rejoignez notre importante mission d&#8217;aider le monde \u00e0 communiquer, innover, apprendre et mener une vie s\u00fbre et saine. Nos employ\u00e9s jouent un r\u00f4le transformationnel dans la vie quotidienne des gens, et nous sommes fiers que beaucoup d&#8217;entre eux consid\u00e8rent leur travail chez Calian comme \u00e9tant v\u00e9ritablement d\u00e9terminant &hellip;\" \/>\n<meta property=\"og:url\" content=\"https:\/\/careers.calian.com\/fr-ca\/la-vie-a-calian\/\" \/>\n<meta property=\"og:site_name\" content=\"Calian Careers\" \/>\n<meta property=\"article:publisher\" content=\"https:\/\/www.facebook.com\/CalianGroup\/\" \/>\n<meta property=\"article:modified_time\" content=\"2025-02-19T19:19:12+00:00\" \/>\n<meta property=\"og:image\" content=\"https:\/\/sites.calian.com\/app\/uploads\/sites\/3\/2023\/04\/iStock-512101124-4-683x1024.jpg\" \/>\n<meta name=\"twitter:card\" content=\"summary_large_image\" \/>\n<meta name=\"twitter:site\" content=\"@CalianGroup\" \/>\n<meta name=\"twitter:label1\" content=\"Est. reading time\" \/>\n\t<meta name=\"twitter:data1\" content=\"4 minutes\" \/>\n<script type=\"application\/ld+json\" class=\"yoast-schema-graph\">{\"@context\":\"https:\/\/schema.org\",\"@graph\":[{\"@type\":\"WebPage\",\"@id\":\"https:\/\/careers.calian.com\/fr-ca\/la-vie-a-calian\/\",\"url\":\"https:\/\/careers.calian.com\/fr-ca\/la-vie-a-calian\/\",\"name\":\"La vie chez Calian - Calian Careers\",\"isPartOf\":{\"@id\":\"https:\/\/careers.calian.com\/fr-ca\/#website\"},\"primaryImageOfPage\":{\"@id\":\"https:\/\/careers.calian.com\/fr-ca\/la-vie-a-calian\/#primaryimage\"},\"image\":{\"@id\":\"https:\/\/careers.calian.com\/fr-ca\/la-vie-a-calian\/#primaryimage\"},\"thumbnailUrl\":\"https:\/\/sites.calian.com\/app\/uploads\/sites\/3\/2023\/04\/iStock-512101124-4-683x1024.jpg\",\"datePublished\":\"2023-04-17T04:39:44+00:00\",\"dateModified\":\"2025-02-19T19:19:12+00:00\",\"inLanguage\":\"fr-CA\",\"potentialAction\":[{\"@type\":\"ReadAction\",\"target\":[\"https:\/\/careers.calian.com\/fr-ca\/la-vie-a-calian\/\"]}]},{\"@type\":\"ImageObject\",\"inLanguage\":\"fr-CA\",\"@id\":\"https:\/\/careers.calian.com\/fr-ca\/la-vie-a-calian\/#primaryimage\",\"url\":\"https:\/\/sites.calian.com\/app\/uploads\/sites\/3\/2023\/04\/iStock-512101124-4-683x1024.jpg\",\"contentUrl\":\"https:\/\/sites.calian.com\/app\/uploads\/sites\/3\/2023\/04\/iStock-512101124-4-683x1024.jpg\"},{\"@type\":\"WebSite\",\"@id\":\"https:\/\/careers.calian.com\/fr-ca\/#website\",\"url\":\"https:\/\/careers.calian.com\/fr-ca\/\",\"name\":\"Calian Careers\",\"description\":\"We are looking for world-class talent to help the world communicate, innovate, learn and lead safe and healthy lives.\",\"publisher\":{\"@id\":\"https:\/\/careers.calian.com\/fr-ca\/#organization\"},\"potentialAction\":[{\"@type\":\"SearchAction\",\"target\":{\"@type\":\"EntryPoint\",\"urlTemplate\":\"https:\/\/careers.calian.com\/fr-ca\/?s={search_term_string}\"},\"query-input\":{\"@type\":\"PropertyValueSpecification\",\"valueRequired\":true,\"valueName\":\"search_term_string\"}}],\"inLanguage\":\"fr-CA\"},{\"@type\":\"Organization\",\"@id\":\"https:\/\/careers.calian.com\/fr-ca\/#organization\",\"name\":\"Calian Group\",\"url\":\"https:\/\/careers.calian.com\/fr-ca\/\",\"logo\":{\"@type\":\"ImageObject\",\"inLanguage\":\"fr-CA\",\"@id\":\"https:\/\/careers.calian.com\/fr-ca\/#\/schema\/logo\/image\/\",\"url\":\"https:\/\/sites.calian.com\/app\/uploads\/sites\/3\/2023\/06\/og-logo-calian.webp\",\"contentUrl\":\"https:\/\/sites.calian.com\/app\/uploads\/sites\/3\/2023\/06\/og-logo-calian.webp\",\"width\":1200,\"height\":630,\"caption\":\"Calian Group\"},\"image\":{\"@id\":\"https:\/\/careers.calian.com\/fr-ca\/#\/schema\/logo\/image\/\"},\"sameAs\":[\"https:\/\/www.facebook.com\/CalianGroup\/\",\"https:\/\/x.com\/CalianGroup\"]}]}<\/script>\n<!-- \/ Yoast SEO plugin. -->","yoast_head_json":{"title":"La vie chez Calian - Calian Careers","robots":{"index":"index","follow":"follow","max-snippet":"max-snippet:-1","max-image-preview":"max-image-preview:large","max-video-preview":"max-video-preview:-1"},"canonical":"https:\/\/careers.calian.com\/fr-ca\/la-vie-a-calian\/","og_locale":"fr_CA","og_type":"article","og_title":"La vie chez Calian - Calian Careers","og_description":"La vie chez Calian Votre future carri\u00e8re, con\u00e7ue ici. Rejoignez notre importante mission d&#8217;aider le monde \u00e0 communiquer, innover, apprendre et mener une vie s\u00fbre et saine. Nos employ\u00e9s jouent un r\u00f4le transformationnel dans la vie quotidienne des gens, et nous sommes fiers que beaucoup d&#8217;entre eux consid\u00e8rent leur travail chez Calian comme \u00e9tant v\u00e9ritablement d\u00e9terminant &hellip;","og_url":"https:\/\/careers.calian.com\/fr-ca\/la-vie-a-calian\/","og_site_name":"Calian Careers","article_publisher":"https:\/\/www.facebook.com\/CalianGroup\/","article_modified_time":"2025-02-19T19:19:12+00:00","og_image":[{"url":"https:\/\/sites.calian.com\/app\/uploads\/sites\/3\/2023\/04\/iStock-512101124-4-683x1024.jpg","type":"","width":"","height":""}],"twitter_card":"summary_large_image","twitter_site":"@CalianGroup","twitter_misc":{"Est. reading time":"4 minutes"},"schema":{"@context":"https:\/\/schema.org","@graph":[{"@type":"WebPage","@id":"https:\/\/careers.calian.com\/fr-ca\/la-vie-a-calian\/","url":"https:\/\/careers.calian.com\/fr-ca\/la-vie-a-calian\/","name":"La vie chez Calian - Calian Careers","isPartOf":{"@id":"https:\/\/careers.calian.com\/fr-ca\/#website"},"primaryImageOfPage":{"@id":"https:\/\/careers.calian.com\/fr-ca\/la-vie-a-calian\/#primaryimage"},"image":{"@id":"https:\/\/careers.calian.com\/fr-ca\/la-vie-a-calian\/#primaryimage"},"thumbnailUrl":"https:\/\/sites.calian.com\/app\/uploads\/sites\/3\/2023\/04\/iStock-512101124-4-683x1024.jpg","datePublished":"2023-04-17T04:39:44+00:00","dateModified":"2025-02-19T19:19:12+00:00","inLanguage":"fr-CA","potentialAction":[{"@type":"ReadAction","target":["https:\/\/careers.calian.com\/fr-ca\/la-vie-a-calian\/"]}]},{"@type":"ImageObject","inLanguage":"fr-CA","@id":"https:\/\/careers.calian.com\/fr-ca\/la-vie-a-calian\/#primaryimage","url":"https:\/\/sites.calian.com\/app\/uploads\/sites\/3\/2023\/04\/iStock-512101124-4-683x1024.jpg","contentUrl":"https:\/\/sites.calian.com\/app\/uploads\/sites\/3\/2023\/04\/iStock-512101124-4-683x1024.jpg"},{"@type":"WebSite","@id":"https:\/\/careers.calian.com\/fr-ca\/#website","url":"https:\/\/careers.calian.com\/fr-ca\/","name":"Calian Careers","description":"We are looking for world-class talent to help the world communicate, innovate, learn and lead safe and healthy lives.","publisher":{"@id":"https:\/\/careers.calian.com\/fr-ca\/#organization"},"potentialAction":[{"@type":"SearchAction","target":{"@type":"EntryPoint","urlTemplate":"https:\/\/careers.calian.com\/fr-ca\/?s={search_term_string}"},"query-input":{"@type":"PropertyValueSpecification","valueRequired":true,"valueName":"search_term_string"}}],"inLanguage":"fr-CA"},{"@type":"Organization","@id":"https:\/\/careers.calian.com\/fr-ca\/#organization","name":"Calian Group","url":"https:\/\/careers.calian.com\/fr-ca\/","logo":{"@type":"ImageObject","inLanguage":"fr-CA","@id":"https:\/\/careers.calian.com\/fr-ca\/#\/schema\/logo\/image\/","url":"https:\/\/sites.calian.com\/app\/uploads\/sites\/3\/2023\/06\/og-logo-calian.webp","contentUrl":"https:\/\/sites.calian.com\/app\/uploads\/sites\/3\/2023\/06\/og-logo-calian.webp","width":1200,"height":630,"caption":"Calian Group"},"image":{"@id":"https:\/\/careers.calian.com\/fr-ca\/#\/schema\/logo\/image\/"},"sameAs":["https:\/\/www.facebook.com\/CalianGroup\/","https:\/\/x.com\/CalianGroup"]}]}},"_links":{"self":[{"href":"https:\/\/careers.calian.com\/fr-ca\/wp-json\/wp\/v2\/pages\/3572","targetHints":{"allow":["GET"]}}],"collection":[{"href":"https:\/\/careers.calian.com\/fr-ca\/wp-json\/wp\/v2\/pages"}],"about":[{"href":"https:\/\/careers.calian.com\/fr-ca\/wp-json\/wp\/v2\/types\/page"}],"author":[{"embeddable":true,"href":"https:\/\/careers.calian.com\/fr-ca\/wp-json\/wp\/v2\/users\/5"}],"replies":[{"embeddable":true,"href":"https:\/\/careers.calian.com\/fr-ca\/wp-json\/wp\/v2\/comments?post=3572"}],"version-history":[{"count":34,"href":"https:\/\/careers.calian.com\/fr-ca\/wp-json\/wp\/v2\/pages\/3572\/revisions"}],"predecessor-version":[{"id":33084,"href":"https:\/\/careers.calian.com\/fr-ca\/wp-json\/wp\/v2\/pages\/3572\/revisions\/33084"}],"wp:attachment":[{"href":"https:\/\/careers.calian.com\/fr-ca\/wp-json\/wp\/v2\/media?parent=3572"}],"wp:term":[{"taxonomy":"solution","embeddable":true,"href":"https:\/\/careers.calian.com\/fr-ca\/wp-json\/wp\/v2\/solution?post=3572"},{"taxonomy":"industry","embeddable":true,"href":"https:\/\/careers.calian.com\/fr-ca\/wp-json\/wp\/v2\/industry?post=3572"},{"taxonomy":"type_classification","embeddable":true,"href":"https:\/\/careers.calian.com\/fr-ca\/wp-json\/wp\/v2\/type_classification?post=3572"}],"curies":[{"name":"wp","href":"https:\/\/api.w.org\/{rel}","templated":true}]}}