{"id":3568,"date":"2023-04-13T21:16:02","date_gmt":"2023-04-14T01:16:02","guid":{"rendered":"https:\/\/careers.calian.com\/sante\/"},"modified":"2024-10-01T22:26:31","modified_gmt":"2024-10-02T02:26:31","slug":"la-sante","status":"publish","type":"page","link":"https:\/\/careers.calian.com\/fr-ca\/la-sante\/","title":{"rendered":"Sant\u00e9"},"content":{"rendered":"\n<div class=\"tbk-hydrate-component\" data-cid=\"150f9568-f28a-454e-920d-e702b1d4c55d\" data-component=\"Hero\"><section class=\"calian-hero d-flex h-100 position-relative overflow-hidden nav-indent wp-block-calian-com-components-calian-hero media-position-split has-split-image pb-5 pb-lg-0 overlay-solid\"><div class=\"container\"><div class=\"row\"><div class=\"calian-hero__content d-flex col-lg flex-column pb-3 justify-content-center has-breadcrumbs text-left\"><div class=\"calian-hero__copy-wrapper\"><p class=\"h4 calian-hero__eyebrow\">Calian Sant\u00e9<\/p><h1 class=\"calian-hero__heading\">Une carri\u00e8re enrichissante se profile \u00e0 l\u2019horizon<\/h1><div class=\"calian-hero__text mt-2 mb-4\">R\u00e9soudre des probl\u00e8mes complexes li\u00e9s \u00e0 la prestation de services de sant\u00e9 est ancr\u00e9 dans l&#8217;ADN de Calian. Aider les autres vous passionne? Rejoignez notre \u00e9quipe et faites une diff\u00e9rence dans la vie des gens. <\/div><a href=\"https:\/\/sites.calian.com\/app\/uploads\/sites\/7\/2024\/10\/Calian-Health-Recruiting-H240920BR.pdf\" class=\"btn btn-primary mb-4 mt-3\" target=\"_blank\" rel=\"noreferrer noopener\">T\u00e9l\u00e9charger la brochure<\/a><\/div><div class=\"calian-hero__breadcrumbs mt-auto mb-0 pt-lg-4 pt-3 pb-lg-0 pb-md-3 pb-1\"><nav aria-label=\"breadcrumb\" class=\"breadcrumb-container\"><ol class=\"breadcrumb\"><li class=\"breadcrumb-item\"><a href=\"https:\/\/www.calian.com\/fr\/\" class=\"breadcrumb-item-link\">Accueil<\/a><\/li><li class=\"breadcrumb-item\"><a href=\"https:\/\/www.calian.com\/fr\/politique-daccessibilite\/\" class=\"breadcrumb-item-link\">Politique d&#8217;accessibilit\u00e9<\/a><\/li><li class=\"breadcrumb-item\" aria-current=\"page\">D\u00e9claration de confidentialit\u00e9<\/li><\/ol><\/nav><\/div><\/div><div class=\"calian-hero__media col-md w-100 h-100 pt-lg-5 mt-lg-3 media-style-split\"><div class=\"media-wrapper ps-lg-5 pb-3 pb-lg-0 ml-auto mr-0 w-100 h-100\"><div class=\"advanced-image w-100 h-100\"><img loading=\"lazy\" decoding=\"async\" src=\"https:\/\/sites.calian.com\/app\/uploads\/sites\/3\/2023\/04\/iStock-1395467679-1024x683.jpg\" alt=\"\" width=\"1024\" height=\"683\" class=\"calian-hero__image\"\/><\/div><\/div><\/div><\/div><\/div><div class=\"calian-hero__overlay overlay-solid position-absolute w-100 h-100 top-0 start-0 has-image\"><\/div><span><\/span><\/section><\/div>\n\n<div class=\"tbk-hydrate-component\" data-cid=\"0e194b25-7ae5-4c87-a1cf-85183b04d518\" data-component=\"Spacer\"><div class=\"calian-spacer calian-spacer--small wp-block-calian-com-components-calian-spacer\"><\/div><\/div>\n\n<div class=\"tbk-hydrate-component\" data-cid=\"ebd55c5d-f2ca-4e5e-babf-4d338622b53c\" data-component=\"StatsBar\"><div class=\"calian-stats-bar theme-dark wp-block-calian-com-components-calian-stats-bar\"><div class=\"container-fluid layout-simple\"><div class=\"row mw-1830px mx-auto\"><div class=\"col-12 col-sm-6 col-lg\"><div><div class=\"d-flex justify-content-center p-1\"><div class=\"spinner-border text-primary \" role=\"status\" style=\"width:3rem;height:3rem\"><span class=\"visually-hidden\">Chargement&#8230;<\/span><\/div><\/div><\/div><\/div><div class=\"col-12 col-sm-6 col-lg\"><div><div class=\"d-flex justify-content-center p-1\"><div class=\"spinner-border text-primary \" role=\"status\" style=\"width:3rem;height:3rem\"><span class=\"visually-hidden\">Chargement&#8230;<\/span><\/div><\/div><\/div><\/div><div class=\"col-12 col-sm-6 col-lg\"><div><div class=\"d-flex justify-content-center p-1\"><div class=\"spinner-border text-primary \" role=\"status\" style=\"width:3rem;height:3rem\"><span class=\"visually-hidden\">Chargement&#8230;<\/span><\/div><\/div><\/div><\/div><div class=\"col-12 col-sm-6 col-lg\"><div><div class=\"d-flex justify-content-center p-1\"><div class=\"spinner-border text-primary \" role=\"status\" style=\"width:3rem;height:3rem\"><span class=\"visually-hidden\">Chargement&#8230;<\/span><\/div><\/div><\/div><\/div><\/div><\/div><\/div><\/div>\n\n<div class=\"tbk-hydrate-component\" data-cid=\"76619671-0545-4fe3-b85a-599dbd8997e4\" data-component=\"Spacer\"><div class=\"calian-spacer calian-spacer--medium wp-block-calian-com-components-calian-spacer\"><\/div><\/div>\n\n<div class=\"tbk-hydrate-component\" data-cid=\"985c9fc8-7741-4276-9db2-b24ddfbad77b\" data-component=\"AlternatingTextAndImages\"><div class=\"calian-alternating-text-and-images overflow-hidden wp-block-calian-com-components-calian-alternating-text-and-images\"><div class=\"calian-alternating-text-and-images__container container-fluid\"><div class=\"\"><div class=\"row gx-md-6 justify-content-lg-start justify-content-lg-start mb-3 mb-md-9\"><div class=\"col-12 col-md mb-3\"><img loading=\"lazy\" decoding=\"async\" src=\"https:\/\/sites.calian.com\/app\/uploads\/sites\/3\/2023\/04\/Screen-Shot-2023-04-14-at-8.49.56-AM.png\" alt=\"\" width=\"672\" height=\"504\" class=\"rounded-5 img-fluid w-100 h-250px h-md-373px object-fit-cover\"\/><\/div><div class=\"col-12 col-md\"><h3>\u00c0 propos de Calian Sant\u00e9<\/h3><div class=\"calian-alternating-text-and-images__text mb-3\">Nous sommes reconnus mondialement comme leader de l&#8217;industrie et fournisseur de soins de sant\u00e9, visant \u00e0 am\u00e9liorer l\u2019acc\u00e8s aux soins en connectant les patients et les prestataires de soins gr\u00e2ce \u00e0 la technologie. Lorsque vous travaillez pour Calian Sant\u00e9, vous faites une diff\u00e9rence en am\u00e9liorant l\u2019acc\u00e8s \u00e0 des soins de qualit\u00e9 pour les patients, n\u2019importe o\u00f9, et chaque jour.<\/div><div class=\"calian-alternating-text-and-images__ctas mb-3 d-flex flex-wrap gap-3\"><a href=\"#health-careers\" class=\"btn btn-primary\"><\/a><a href=\"#health-careers\">D\u00e9couvrez tous les m\u00e9tiers de la sant\u00e9<\/a><\/div><\/div><\/div><div class=\"row gx-md-6 justify-content-lg-start flex-row-reverse justify-content-lg-between mb-3 mb-md-9\"><div class=\"col-12 col-md mb-3\"><img loading=\"lazy\" decoding=\"async\" src=\"https:\/\/sites.calian.com\/app\/uploads\/sites\/3\/2023\/04\/Dapasoft-Customize-clinics-and-services.jpeg\" alt=\"\" width=\"468\" height=\"320\" class=\"rounded-5 img-fluid w-100 h-250px h-md-373px object-fit-cover\"\/><\/div><div class=\"col-12 col-md\"><h3>Un vaste portefeuille de soins de sant\u00e9 <\/h3><div class=\"calian-alternating-text-and-images__text mb-3\">En tant que membre de l&#8217;\u00e9quipe Calian, vous ferez partie du plus grand r\u00e9seau de professionnels de la sant\u00e9 au Canada, offrant des services et des soins aux membres des forces arm\u00e9es, aux populations vuln\u00e9rables, aux communaut\u00e9s \u00e9loign\u00e9es et aux organisations des secteurs public et priv\u00e9. Nous embauchons :  <ul>\n  <li>M\u00e9decins<\/li>\n  <li>Psychologues<\/li>\n  <li>Soins infirmiers<\/li>\n  <li>Professionnels en soins dentaires<\/li>\n  <li>Ambulanciers param\u00e9dicaux<\/li>\n  <li>Professionnels de la sant\u00e9 mentale<\/li>\n  <li>Travailleurs sociaux<\/li>\n  <li>Ergoth\u00e9rapeutes<\/li>\n  <li>Chercheurs cliniques<\/li>\n  <li>85+ cat\u00e9gories de professionnels de la sant\u00e9<\/li>\n<\/ul><\/div><div class=\"calian-alternating-text-and-images__ctas mb-3 d-flex flex-wrap gap-3\"><\/div><\/div><\/div><div class=\"row gx-md-6 justify-content-lg-start justify-content-lg-start\"><div class=\"col-12 col-md mb-3\"><img loading=\"lazy\" decoding=\"async\" src=\"https:\/\/sites.calian.com\/app\/uploads\/sites\/3\/2023\/04\/Dapasoft-EHR-systems.jpeg\" alt=\"\" width=\"468\" height=\"320\" class=\"rounded-5 img-fluid w-100 h-250px h-md-373px object-fit-cover\"\/><\/div><div class=\"col-12 col-md\"><h3>Trouvez votre vocation chez Calian<\/h3><div class=\"calian-alternating-text-and-images__text mb-3\"><strong>40+<\/strong> ans d&#8217;exp\u00e9rience dans l&#8217;emploi des meilleurs talents mondiaux <p>Avec son si\u00e8ge social \u00e0 Ottawa, en Ontario, au Canada, Calian poss\u00e8de des bureaux et des projets dans les march\u00e9s nord-am\u00e9ricains, europ\u00e9ens et internationaux. Nous offrons une culture d&#8217;entreprise positive et un environnement de travail stimulant, guid\u00e9s par un fort engagement envers la diversit\u00e9, l&#8217;\u00e9quit\u00e9, l&#8217;inclusion et le sentiment d&#8217;appartenance.<\/p>\n<p>Notre succ\u00e8s est d\u00fb \u00e0 notre personnel talentueux et d\u00e9vou\u00e9, compos\u00e9 de 4 500 personnes \u00e0 travers le monde, dont 3 100 sont des employ\u00e9s et environ 1 400 sont des contractuels. <\/p><\/div><div class=\"calian-alternating-text-and-images__ctas mb-3 d-flex flex-wrap gap-3\"><\/div><\/div><\/div><\/div><\/div><\/div><\/div>\n\n<div class=\"tbk-hydrate-component\" data-cid=\"76619671-0545-4fe3-b85a-599dbd8997e4\" data-component=\"Spacer\"><div class=\"calian-spacer calian-spacer--medium wp-block-calian-com-components-calian-spacer\"><\/div><\/div>\n\n<div class=\"tbk-hydrate-component\" data-cid=\"4657e74b-15d5-4cb6-beb6-c404f9adec5e\" data-component=\"VerticalTextGalleryFeature\"><div class=\"calian-vertical-text-gallery-feature overflow-hidden 0 theme-light\"><div class=\"calian-vertical-text-gallery-feature__container container-fluid\"><div class=\"calian-vertical-text-gallery-feature__top-content row\"><div class=\"calian-vertical-text-gallery-feature__top-content--left col-12 col-lg-6\"><h2 class=\"calian-vertical-text-gallery-feature__heading\">Une vaste exp\u00e9rience dans le recrutement et la gestion du personnel de sant\u00e9<\/h2><div class=\"calian-vertical-text-gallery-feature__description\">Calian se concentre sur la cr\u00e9ation de la meilleure exp\u00e9rience pour les patients, les prestataires de soins de sant\u00e9 et l&#8217;industrie dans son ensemble.<br\/>\n<br\/>  Nous avons d\u00e9montr\u00e9 notre exp\u00e9rience dans la prestation de soins de sant\u00e9 de haute qualit\u00e9 et de services multidisciplinaires depuis plus de 13 ans.<\/div><\/div><div class=\"calian-vertical-text-gallery-feature__top-content--right col-12 col-lg-6\"><div class=\"calian-vertical-text-gallery-feature__quote\"><p>Ce qui motive cette entreprise au quotidien, c&#8217;est l&#8217;\u00e9quipe talentueuse qui fournit nos produits et solutions innovants. Nous nous engageons \u00e0 nous am\u00e9liorer continuellement et \u00e0 fournir une qualit\u00e9 exceptionnelle. Je ne pourrais \u00eatre plus fier du talent impressionnant et du d\u00e9vouement de l&#8217;\u00e9quipe de Calian. <\/p><span class=\"calian-vertical-text-gallery-feature__quote-author d-block pt-md-2 pt-3 ps-4 ps-sm-0 fs-7 fs-md-5\">Kevin Ford, pr\u00e9sident et directeur g\u00e9n\u00e9ral (PDG)<\/span><\/div><\/div><\/div><div class=\"row\"><div class=\"col-12\"><div class=\"calian-vertical-text-gallery-feature__image-container\"><div class=\"calian-vertical-text-gallery-feature__image-one\"><img loading=\"lazy\" decoding=\"async\" src=\"https:\/\/sites.calian.com\/app\/uploads\/sites\/3\/2023\/04\/Body-Copy-IMAGE-468x320-Health_Clinic-Services_Health-Care-Management_07-s.jpeg\" alt=\"\" width=\"468\" height=\"320\" class=\"img-fluid\"\/><\/div><div class=\"calian-vertical-text-gallery-feature__image-two\"><img loading=\"lazy\" decoding=\"async\" src=\"https:\/\/sites.calian.com\/app\/uploads\/sites\/3\/2023\/04\/Screen-Shot-2023-04-13-at-5.15.38-PM.png\" alt=\"\" width=\"387\" height=\"497\" class=\"img-fluid\"\/><\/div><div class=\"calian-vertical-text-gallery-feature__image-three\"><img loading=\"lazy\" decoding=\"async\" src=\"https:\/\/sites.calian.com\/app\/uploads\/sites\/3\/2023\/04\/Dapasoft-Support-a-continuum-of-care.jpeg\" alt=\"\" width=\"468\" height=\"320\" class=\"img-fluid\"\/><\/div><\/div><\/div><\/div><\/div><\/div><\/div>\n\n<div class=\"tbk-hydrate-component\" data-cid=\"a886ce91-12ac-49a4-9558-58aff9abd437\" data-component=\"Spacer\"><div id=\"health-careers\" class=\"calian-spacer calian-spacer--medium wp-block-calian-com-components-calian-spacer\"><\/div><\/div>\n\n<div class=\"tbk-hydrate-component\" data-cid=\"7e69c2e4-6f16-4b01-8b25-7b6e5fae4d1f\" data-component=\"CareersLocationFooter\"><div><div class=\"d-flex justify-content-center p-1\"><div class=\"spinner-border text-primary \" role=\"status\" style=\"width:3rem;height:3rem\"><span class=\"visually-hidden\">Chargement&#8230;<\/span><\/div><\/div><\/div><\/div>\n","protected":false},"excerpt":{"rendered":"<p class=\"h4 calian-hero__eyebrow\"> Calian Sant\u00e9 <\/p>\n<p> Une carri\u00e8re enrichissante se profile \u00e0 l\u2019horizon R\u00e9soudre des probl\u00e8mes complexes li\u00e9s \u00e0 la prestation de services de sant\u00e9 est ancr\u00e9 dans l&#8217;ADN de Calian. Aider les autres vous passionne? Rejoignez notre \u00e9quipe et faites une diff\u00e9rence dans la vie des gens. <a href=\"https:\/\/sites.calian.com\/app\/uploads\/sites\/7\/2024\/10\/Calian-Health-Recruiting-H240920BR.pdf\" class=\"btn btn-primary mb-4 mt-3\" target=\"_blank\" rel=\"noreferrer noopener\"> T\u00e9l\u00e9charger la brochure &hellip;<\/a><\/p>\n","protected":false},"author":5,"featured_media":0,"parent":0,"menu_order":0,"comment_status":"closed","ping_status":"closed","template":"","meta":{"_acf_changed":false,"content-type":"","footnotes":""},"solution":[],"industry":[],"type_classification":[],"class_list":["post-3568","page","type-page","status-publish","hentry"],"acf":[],"yoast_head":"<!-- This site is optimized with the Yoast SEO plugin v26.4 - https:\/\/yoast.com\/wordpress\/plugins\/seo\/ -->\n<title>Sant\u00e9 - Calian Careers<\/title>\n<meta name=\"robots\" content=\"index, follow, max-snippet:-1, max-image-preview:large, max-video-preview:-1\" \/>\n<link rel=\"canonical\" href=\"https:\/\/careers.calian.com\/fr-ca\/la-sante\/\" \/>\n<meta property=\"og:locale\" content=\"fr_CA\" \/>\n<meta property=\"og:type\" content=\"article\" \/>\n<meta property=\"og:title\" content=\"Sant\u00e9 - Calian Careers\" \/>\n<meta property=\"og:description\" content=\"Calian Sant\u00e9 Une carri\u00e8re enrichissante se profile \u00e0 l\u2019horizon R\u00e9soudre des probl\u00e8mes complexes li\u00e9s \u00e0 la prestation de services de sant\u00e9 est ancr\u00e9 dans l&#8217;ADN de Calian. Aider les autres vous passionne? Rejoignez notre \u00e9quipe et faites une diff\u00e9rence dans la vie des gens. T\u00e9l\u00e9charger la brochure &hellip;\" \/>\n<meta property=\"og:url\" content=\"https:\/\/careers.calian.com\/fr-ca\/la-sante\/\" \/>\n<meta property=\"og:site_name\" content=\"Calian Careers\" \/>\n<meta property=\"article:publisher\" content=\"https:\/\/www.facebook.com\/CalianGroup\/\" \/>\n<meta property=\"article:modified_time\" content=\"2024-10-02T02:26:31+00:00\" \/>\n<meta property=\"og:image\" content=\"https:\/\/sites.calian.com\/app\/uploads\/sites\/3\/2023\/04\/iStock-1395467679-1024x683.jpg\" \/>\n<meta name=\"twitter:card\" content=\"summary_large_image\" \/>\n<meta name=\"twitter:site\" content=\"@CalianGroup\" \/>\n<meta name=\"twitter:label1\" content=\"Est. reading time\" \/>\n\t<meta name=\"twitter:data1\" content=\"4 minutes\" \/>\n<script type=\"application\/ld+json\" class=\"yoast-schema-graph\">{\"@context\":\"https:\/\/schema.org\",\"@graph\":[{\"@type\":\"WebPage\",\"@id\":\"https:\/\/careers.calian.com\/fr-ca\/la-sante\/\",\"url\":\"https:\/\/careers.calian.com\/fr-ca\/la-sante\/\",\"name\":\"Sant\u00e9 - Calian Careers\",\"isPartOf\":{\"@id\":\"https:\/\/careers.calian.com\/fr-ca\/#website\"},\"primaryImageOfPage\":{\"@id\":\"https:\/\/careers.calian.com\/fr-ca\/la-sante\/#primaryimage\"},\"image\":{\"@id\":\"https:\/\/careers.calian.com\/fr-ca\/la-sante\/#primaryimage\"},\"thumbnailUrl\":\"https:\/\/sites.calian.com\/app\/uploads\/sites\/3\/2023\/04\/iStock-1395467679-1024x683.jpg\",\"datePublished\":\"2023-04-14T01:16:02+00:00\",\"dateModified\":\"2024-10-02T02:26:31+00:00\",\"inLanguage\":\"fr-CA\",\"potentialAction\":[{\"@type\":\"ReadAction\",\"target\":[\"https:\/\/careers.calian.com\/fr-ca\/la-sante\/\"]}]},{\"@type\":\"ImageObject\",\"inLanguage\":\"fr-CA\",\"@id\":\"https:\/\/careers.calian.com\/fr-ca\/la-sante\/#primaryimage\",\"url\":\"https:\/\/sites.calian.com\/app\/uploads\/sites\/3\/2023\/04\/iStock-1395467679-1024x683.jpg\",\"contentUrl\":\"https:\/\/sites.calian.com\/app\/uploads\/sites\/3\/2023\/04\/iStock-1395467679-1024x683.jpg\"},{\"@type\":\"WebSite\",\"@id\":\"https:\/\/careers.calian.com\/fr-ca\/#website\",\"url\":\"https:\/\/careers.calian.com\/fr-ca\/\",\"name\":\"Calian Careers\",\"description\":\"We are looking for world-class talent to help the world communicate, innovate, learn and lead safe and healthy lives.\",\"publisher\":{\"@id\":\"https:\/\/careers.calian.com\/fr-ca\/#organization\"},\"potentialAction\":[{\"@type\":\"SearchAction\",\"target\":{\"@type\":\"EntryPoint\",\"urlTemplate\":\"https:\/\/careers.calian.com\/fr-ca\/?s={search_term_string}\"},\"query-input\":{\"@type\":\"PropertyValueSpecification\",\"valueRequired\":true,\"valueName\":\"search_term_string\"}}],\"inLanguage\":\"fr-CA\"},{\"@type\":\"Organization\",\"@id\":\"https:\/\/careers.calian.com\/fr-ca\/#organization\",\"name\":\"Calian Group\",\"url\":\"https:\/\/careers.calian.com\/fr-ca\/\",\"logo\":{\"@type\":\"ImageObject\",\"inLanguage\":\"fr-CA\",\"@id\":\"https:\/\/careers.calian.com\/fr-ca\/#\/schema\/logo\/image\/\",\"url\":\"https:\/\/sites.calian.com\/app\/uploads\/sites\/3\/2023\/06\/og-logo-calian.webp\",\"contentUrl\":\"https:\/\/sites.calian.com\/app\/uploads\/sites\/3\/2023\/06\/og-logo-calian.webp\",\"width\":1200,\"height\":630,\"caption\":\"Calian Group\"},\"image\":{\"@id\":\"https:\/\/careers.calian.com\/fr-ca\/#\/schema\/logo\/image\/\"},\"sameAs\":[\"https:\/\/www.facebook.com\/CalianGroup\/\",\"https:\/\/x.com\/CalianGroup\"]}]}<\/script>\n<!-- \/ Yoast SEO plugin. -->","yoast_head_json":{"title":"Sant\u00e9 - Calian Careers","robots":{"index":"index","follow":"follow","max-snippet":"max-snippet:-1","max-image-preview":"max-image-preview:large","max-video-preview":"max-video-preview:-1"},"canonical":"https:\/\/careers.calian.com\/fr-ca\/la-sante\/","og_locale":"fr_CA","og_type":"article","og_title":"Sant\u00e9 - Calian Careers","og_description":"Calian Sant\u00e9 Une carri\u00e8re enrichissante se profile \u00e0 l\u2019horizon R\u00e9soudre des probl\u00e8mes complexes li\u00e9s \u00e0 la prestation de services de sant\u00e9 est ancr\u00e9 dans l&#8217;ADN de Calian. Aider les autres vous passionne? Rejoignez notre \u00e9quipe et faites une diff\u00e9rence dans la vie des gens. T\u00e9l\u00e9charger la brochure &hellip;","og_url":"https:\/\/careers.calian.com\/fr-ca\/la-sante\/","og_site_name":"Calian Careers","article_publisher":"https:\/\/www.facebook.com\/CalianGroup\/","article_modified_time":"2024-10-02T02:26:31+00:00","og_image":[{"url":"https:\/\/sites.calian.com\/app\/uploads\/sites\/3\/2023\/04\/iStock-1395467679-1024x683.jpg","type":"","width":"","height":""}],"twitter_card":"summary_large_image","twitter_site":"@CalianGroup","twitter_misc":{"Est. reading time":"4 minutes"},"schema":{"@context":"https:\/\/schema.org","@graph":[{"@type":"WebPage","@id":"https:\/\/careers.calian.com\/fr-ca\/la-sante\/","url":"https:\/\/careers.calian.com\/fr-ca\/la-sante\/","name":"Sant\u00e9 - Calian Careers","isPartOf":{"@id":"https:\/\/careers.calian.com\/fr-ca\/#website"},"primaryImageOfPage":{"@id":"https:\/\/careers.calian.com\/fr-ca\/la-sante\/#primaryimage"},"image":{"@id":"https:\/\/careers.calian.com\/fr-ca\/la-sante\/#primaryimage"},"thumbnailUrl":"https:\/\/sites.calian.com\/app\/uploads\/sites\/3\/2023\/04\/iStock-1395467679-1024x683.jpg","datePublished":"2023-04-14T01:16:02+00:00","dateModified":"2024-10-02T02:26:31+00:00","inLanguage":"fr-CA","potentialAction":[{"@type":"ReadAction","target":["https:\/\/careers.calian.com\/fr-ca\/la-sante\/"]}]},{"@type":"ImageObject","inLanguage":"fr-CA","@id":"https:\/\/careers.calian.com\/fr-ca\/la-sante\/#primaryimage","url":"https:\/\/sites.calian.com\/app\/uploads\/sites\/3\/2023\/04\/iStock-1395467679-1024x683.jpg","contentUrl":"https:\/\/sites.calian.com\/app\/uploads\/sites\/3\/2023\/04\/iStock-1395467679-1024x683.jpg"},{"@type":"WebSite","@id":"https:\/\/careers.calian.com\/fr-ca\/#website","url":"https:\/\/careers.calian.com\/fr-ca\/","name":"Calian Careers","description":"We are looking for world-class talent to help the world communicate, innovate, learn and lead safe and healthy lives.","publisher":{"@id":"https:\/\/careers.calian.com\/fr-ca\/#organization"},"potentialAction":[{"@type":"SearchAction","target":{"@type":"EntryPoint","urlTemplate":"https:\/\/careers.calian.com\/fr-ca\/?s={search_term_string}"},"query-input":{"@type":"PropertyValueSpecification","valueRequired":true,"valueName":"search_term_string"}}],"inLanguage":"fr-CA"},{"@type":"Organization","@id":"https:\/\/careers.calian.com\/fr-ca\/#organization","name":"Calian Group","url":"https:\/\/careers.calian.com\/fr-ca\/","logo":{"@type":"ImageObject","inLanguage":"fr-CA","@id":"https:\/\/careers.calian.com\/fr-ca\/#\/schema\/logo\/image\/","url":"https:\/\/sites.calian.com\/app\/uploads\/sites\/3\/2023\/06\/og-logo-calian.webp","contentUrl":"https:\/\/sites.calian.com\/app\/uploads\/sites\/3\/2023\/06\/og-logo-calian.webp","width":1200,"height":630,"caption":"Calian Group"},"image":{"@id":"https:\/\/careers.calian.com\/fr-ca\/#\/schema\/logo\/image\/"},"sameAs":["https:\/\/www.facebook.com\/CalianGroup\/","https:\/\/x.com\/CalianGroup"]}]}},"_links":{"self":[{"href":"https:\/\/careers.calian.com\/fr-ca\/wp-json\/wp\/v2\/pages\/3568","targetHints":{"allow":["GET"]}}],"collection":[{"href":"https:\/\/careers.calian.com\/fr-ca\/wp-json\/wp\/v2\/pages"}],"about":[{"href":"https:\/\/careers.calian.com\/fr-ca\/wp-json\/wp\/v2\/types\/page"}],"author":[{"embeddable":true,"href":"https:\/\/careers.calian.com\/fr-ca\/wp-json\/wp\/v2\/users\/5"}],"replies":[{"embeddable":true,"href":"https:\/\/careers.calian.com\/fr-ca\/wp-json\/wp\/v2\/comments?post=3568"}],"version-history":[{"count":16,"href":"https:\/\/careers.calian.com\/fr-ca\/wp-json\/wp\/v2\/pages\/3568\/revisions"}],"predecessor-version":[{"id":28610,"href":"https:\/\/careers.calian.com\/fr-ca\/wp-json\/wp\/v2\/pages\/3568\/revisions\/28610"}],"wp:attachment":[{"href":"https:\/\/careers.calian.com\/fr-ca\/wp-json\/wp\/v2\/media?parent=3568"}],"wp:term":[{"taxonomy":"solution","embeddable":true,"href":"https:\/\/careers.calian.com\/fr-ca\/wp-json\/wp\/v2\/solution?post=3568"},{"taxonomy":"industry","embeddable":true,"href":"https:\/\/careers.calian.com\/fr-ca\/wp-json\/wp\/v2\/industry?post=3568"},{"taxonomy":"type_classification","embeddable":true,"href":"https:\/\/careers.calian.com\/fr-ca\/wp-json\/wp\/v2\/type_classification?post=3568"}],"curies":[{"name":"wp","href":"https:\/\/api.w.org\/{rel}","templated":true}]}}