{"id":3566,"date":"2023-04-28T18:21:12","date_gmt":"2023-04-28T22:21:12","guid":{"rendered":"https:\/\/careers.calian.com\/canada\/"},"modified":"2024-10-24T10:11:53","modified_gmt":"2024-10-24T14:11:53","slug":"canada","status":"publish","type":"page","link":"https:\/\/careers.calian.com\/fr-ca\/canada\/","title":{"rendered":"Canada"},"content":{"rendered":"\n<div class=\"tbk-hydrate-component\" data-cid=\"5b1b228d-4674-499f-a35c-4800442766dc\" data-component=\"Hero\"><section class=\"calian-hero d-flex h-100 position-relative overflow-hidden nav-indent wp-block-calian-com-components-calian-hero media-position-split has-split-image pb-5 pb-lg-0 overlay-gradient\"><div class=\"container\"><div class=\"row\"><div class=\"calian-hero__content d-flex col-lg flex-column pb-3 justify-content-center has-breadcrumbs text-left\"><div class=\"calian-hero__copy-wrapper\"><p class=\"h4 calian-hero__eyebrow\">Rejoindre notre \u00e9quipe<\/p><h1 class=\"calian-hero__heading\">Opportunit\u00e9s de carri\u00e8re au Canada <\/h1><\/div><div class=\"calian-hero__breadcrumbs mt-auto mb-0 pt-lg-4 pt-3 pb-lg-0 pb-md-3 pb-1\"><nav aria-label=\"breadcrumb\" class=\"breadcrumb-container\"><ol class=\"breadcrumb\"><li class=\"breadcrumb-item\"><a href=\"https:\/\/www.calian.com\" class=\"breadcrumb-item-link\">Home<\/a><\/li><li class=\"breadcrumb-item\"><a href=\"https:\/\/www.calian.com\/#\" class=\"breadcrumb-item-link\">Business Unit<\/a><\/li><li class=\"breadcrumb-item\" aria-current=\"page\">Page Title<\/li><\/ol><\/nav><\/div><\/div><div class=\"calian-hero__media col-md w-100 h-100 pt-lg-5 mt-lg-3 media-style-split\"><div class=\"media-wrapper ps-lg-5 pb-3 pb-lg-0 ml-auto mr-0 w-100 h-100\"><div class=\"advanced-image w-100 h-100\"><img loading=\"lazy\" decoding=\"async\" src=\"https:\/\/sites.calian.com\/app\/uploads\/sites\/3\/2023\/05\/iStock-479175551-1024x685.jpg\" alt=\"\" width=\"1024\" height=\"685\" class=\"calian-hero__image\"\/><\/div><\/div><\/div><\/div><\/div><div class=\"calian-hero__overlay overlay-gradient position-absolute w-100 h-100 top-0 start-0 has-image\"><\/div><span><\/span><\/section><\/div>\n\n\n\n<div class=\"tbk-hydrate-component\" data-cid=\"78331215-290f-4f64-9914-4ab8068105f5\" data-component=\"Spacer\"><div class=\"calian-spacer calian-spacer--small wp-block-calian-com-components-calian-spacer\"><\/div><\/div>\n\n\n\n<div class=\"tbk-hydrate-component\" data-cid=\"1ea292c1-cac7-49a6-b33a-cee51ad98c7a\" data-component=\"CareersLocationTile\"><div class=\"calian-location-tile calian-location-tile--solid wp-block-calian-com-components-calian-careers-location-tile\"><div class=\"calian-location-tile__container\"><div class=\"calian-location-tile__lead-in row\"><div class=\"col-12 col-xl-5\"><h2 class=\"calian-location-tile__lead-in--heading\">Notre communaut\u00e9 mondiale<\/h2><\/div><div class=\"col-12 col-xl-7\"><div class=\"calian-location-tile__lead-in--text\"><p>O\u00f9 que vous choisissiez de travailler, vous serez un membre appr\u00e9ci\u00e9 de la communaut\u00e9 mondiale de Calian. Vous recevrez le soutien et l&#8217;\u00e9quipement dont vous avez besoin pour collaborer et grandir. Avec des bureaux et des postes \u00e0 distance, trouvez la prochaine \u00e9tape qui vous convient.<\/p><\/div><\/div><\/div><h3 class=\"calian-location-tile__heading\">Canada<\/h3><ul class=\"calian-location-tile__items\"><li class=\"calian-location-tile__item\"><a class=\"calian-location-tile__item-wrapper\" href=\"https:\/\/careers.calian.com\/fr-ca\/careers\/#!location=colombie-britannique\" target=\"_self\" rel=\"noopener\"><h4 class=\"calian-location-tile__tile-heading\">Colombie-Britannique<\/h4><div class=\"calian-location-tile__tile-text\"><p><strong>0<\/strong> emplois<\/p><\/div><\/a><\/li><li class=\"calian-location-tile__item\"><a class=\"calian-location-tile__item-wrapper\" href=\"https:\/\/careers.calian.com\/fr-ca\/careers\/#!location=alberta-fr-ca\" target=\"_self\" rel=\"noopener\"><h4 class=\"calian-location-tile__tile-heading\">Alberta<\/h4><div class=\"calian-location-tile__tile-text\"><p><strong>0<\/strong> emplois<\/p><\/div><\/a><\/li><li class=\"calian-location-tile__item\"><a class=\"calian-location-tile__item-wrapper\" href=\"https:\/\/careers.calian.com\/fr-ca\/careers\/#!location=saskatchewan-fr-ca\" target=\"_self\" rel=\"noopener\"><h4 class=\"calian-location-tile__tile-heading\">Saskatchewan<\/h4><div class=\"calian-location-tile__tile-text\"><p><strong>0<\/strong> emplois<\/p><\/div><\/a><\/li><li class=\"calian-location-tile__item\"><a class=\"calian-location-tile__item-wrapper\" href=\"https:\/\/careers.calian.com\/fr-ca\/careers\/#!location=manitoba-fr-ca\" target=\"_self\" rel=\"noopener\"><h4 class=\"calian-location-tile__tile-heading\">Manitoba<\/h4><div class=\"calian-location-tile__tile-text\"><p><strong>0<\/strong> emplois<\/p><\/div><\/a><\/li><li class=\"calian-location-tile__item\"><a class=\"calian-location-tile__item-wrapper\" href=\"https:\/\/careers.calian.com\/fr-ca\/careers\/#!location=ontario-fr-ca\" target=\"_self\" rel=\"noopener\"><h4 class=\"calian-location-tile__tile-heading\">Ontario<\/h4><div class=\"calian-location-tile__tile-text\"><p><strong>0<\/strong> emplois<\/p><\/div><\/a><\/li><li class=\"calian-location-tile__item\"><a class=\"calian-location-tile__item-wrapper\" href=\"https:\/\/careers.calian.com\/fr-ca\/careers\/#!location=quebec-fr-ca\" target=\"_self\" rel=\"noopener\"><h4 class=\"calian-location-tile__tile-heading\">Qu\u00e9bec<\/h4><div class=\"calian-location-tile__tile-text\"><p><strong>0<\/strong> emplois<\/p><\/div><\/a><\/li><li class=\"calian-location-tile__item\"><a class=\"calian-location-tile__item-wrapper\" href=\"https:\/\/careers.calian.com\/fr-ca\/careers\/#!location=nouveau-brunswick\" target=\"_self\" rel=\"noopener\"><h4 class=\"calian-location-tile__tile-heading\">Nouveau-Brunswick<\/h4><div class=\"calian-location-tile__tile-text\"><p><strong>0<\/strong> emplois<\/p><\/div><\/a><\/li><li class=\"calian-location-tile__item\"><a class=\"calian-location-tile__item-wrapper\" href=\"https:\/\/careers.calian.com\/fr-ca\/careers\/#!location=terre-neuve-et-labrador\" target=\"_self\" rel=\"noopener\"><h4 class=\"calian-location-tile__tile-heading\">Terre-Neuve-et-Labrador<\/h4><div class=\"calian-location-tile__tile-text\"><p><strong>0<\/strong> emplois<\/p><\/div><\/a><\/li><li class=\"calian-location-tile__item\"><a class=\"calian-location-tile__item-wrapper\" href=\"https:\/\/careers.calian.com\/fr-ca\/careers\/#!location=nouvelle-ecosse\" target=\"_self\" rel=\"noopener\"><h4 class=\"calian-location-tile__tile-heading\">Nouvelle-\u00c9cosse<\/h4><div class=\"calian-location-tile__tile-text\"><p><strong>0<\/strong> emplois<\/p><\/div><\/a><\/li><li class=\"calian-location-tile__item\"><a class=\"calian-location-tile__item-wrapper\" href=\"https:\/\/careers.calian.com\/fr-ca\/careers\/#!location=ile-du-prince-edouard\" target=\"_self\" rel=\"noopener\"><h4 class=\"calian-location-tile__tile-heading\">\u00cele-du-Prince-\u00c9douard<\/h4><div class=\"calian-location-tile__tile-text\"><p><strong>0<\/strong> emplois<\/p><\/div><\/a><\/li><li class=\"calian-location-tile__item\"><a class=\"calian-location-tile__item-wrapper\" href=\"https:\/\/careers.calian.com\/fr-ca\/careers\/#!location=yukon\" target=\"_self\" rel=\"noopener\"><h4 class=\"calian-location-tile__tile-heading\">Yukon<\/h4><div class=\"calian-location-tile__tile-text\"><p><strong>0<\/strong> emplois<\/p><\/div><\/a><\/li><li class=\"calian-location-tile__item\"><a class=\"calian-location-tile__item-wrapper\" href=\"https:\/\/careers.calian.com\/fr-ca\/careers\/#!location=territoires-du-nord-ouest\" target=\"_self\" rel=\"noopener\"><h4 class=\"calian-location-tile__tile-heading\">Territoires du Nord-Ouest<\/h4><div class=\"calian-location-tile__tile-text\"><p><strong>0<\/strong> emplois<\/p><\/div><\/a><\/li><\/ul><\/div><\/div><\/div>\n\n\n\n<div class=\"tbk-hydrate-component\" data-cid=\"9766bdfc-b368-4bc1-86f8-f28738355476\" data-component=\"Spacer\"><div class=\"calian-spacer calian-spacer--medium wp-block-calian-com-components-calian-spacer\"><\/div><\/div>\n\n\n\n<div class=\"tbk-hydrate-component\" data-cid=\"4210ea79-0cc7-47eb-ba1a-ef0961dbb35c\" data-component=\"CTABar\"><div class=\"calian-cta-bar theme-dark wp-block-calian-com-components-calian-cta-bar\"><div class=\"calian-cta-bar__container container-fluid\"><div class=\"calian-cta-bar__vertical container-fluid position-relative\"><div class=\"row\"><div class=\"calian-cta-bar__vertical--content col-12\"><h2 class=\"calian-cta-bar__vertical--heading\">Vous avez encore des questions sur Calian ?<\/h2><div class=\"calian-cta-bar__vertical--description\">Pour certains, vous connaissez d\u00e9j\u00e0 le travail que fait Calian depuis des ann\u00e9es. Pour d\u2019autres, nous pourrions \u00eatre totalement nouveau pour vous. Apprenez \u00e0 nous conna\u00eetre et d\u00e9couvrir notre processus d\u2019embauche en parcourant nos postes disponibles d\u00e8s aujourd\u2019hui.<\/div><div class=\"calian-cta-bar__vertical--buttons\"><a href=\"https:\/\/careers.calian.com\/fr-ca\/careers\/\" class=\"btn btn-light\"><i class=\"icon icon-magnifying-glass\"><\/i>Rechercher des r\u00f4les<\/a><a href=\"https:\/\/careers.calian.com\/fr-ca\/faq\/\" class=\"btn btn-dark\"><i class=\"icon icon-question\"><\/i>Lire notre FAQ<\/a><\/div><\/div><\/div><\/div><\/div><\/div><\/div>\n\n\n\n<div class=\"tbk-hydrate-component\" data-cid=\"9766bdfc-b368-4bc1-86f8-f28738355476\" data-component=\"Spacer\"><div class=\"calian-spacer calian-spacer--medium wp-block-calian-com-components-calian-spacer\"><\/div><\/div>\n","protected":false},"excerpt":{"rendered":"<p class=\"h4 calian-hero__eyebrow\"> Rejoindre notre \u00e9quipe <\/p>\n<p> Opportunit\u00e9s de carri\u00e8re au Canada <\/p>\n<li class=\"breadcrumb-item\"> <a href=\"https:\/\/www.calian.com\" class=\"breadcrumb-item-link\"> Home <\/a> <\/li>\n<li class=\"breadcrumb-item\"> <a href=\"https:\/\/www.calian.com\/#\" class=\"breadcrumb-item-link\"> Business Unit <\/a> <\/li>\n<li class=\"breadcrumb-item\" aria-current=\"page\"> Page Title <\/li>\n<p> Notre communaut\u00e9 mondiale <\/p>\n<p> O\u00f9 que vous choisissiez de travailler, vous serez un membre appr\u00e9ci\u00e9 de la communaut\u00e9 mondiale de Calian. Vous recevrez le soutien &hellip;<\/p>\n","protected":false},"author":5,"featured_media":0,"parent":0,"menu_order":0,"comment_status":"closed","ping_status":"closed","template":"","meta":{"_acf_changed":false,"content-type":"","footnotes":""},"solution":[],"industry":[],"type_classification":[],"class_list":["post-3566","page","type-page","status-publish","hentry"],"acf":[],"yoast_head":"<!-- This site is optimized with the Yoast SEO plugin v26.4 - https:\/\/yoast.com\/wordpress\/plugins\/seo\/ -->\n<title>Canada - Calian Careers<\/title>\n<meta name=\"robots\" content=\"index, follow, max-snippet:-1, max-image-preview:large, max-video-preview:-1\" \/>\n<link rel=\"canonical\" href=\"https:\/\/careers.calian.com\/fr-ca\/canada\/\" \/>\n<meta property=\"og:locale\" content=\"fr_CA\" \/>\n<meta property=\"og:type\" content=\"article\" \/>\n<meta property=\"og:title\" content=\"Canada - Calian Careers\" \/>\n<meta property=\"og:description\" content=\"Rejoindre notre \u00e9quipe Opportunit\u00e9s de carri\u00e8re au Canada  Home   Business Unit  Page Title Notre communaut\u00e9 mondiale O\u00f9 que vous choisissiez de travailler, vous serez un membre appr\u00e9ci\u00e9 de la communaut\u00e9 mondiale de Calian. Vous recevrez le soutien &hellip;\" \/>\n<meta property=\"og:url\" content=\"https:\/\/careers.calian.com\/fr-ca\/canada\/\" \/>\n<meta property=\"og:site_name\" content=\"Calian Careers\" \/>\n<meta property=\"article:publisher\" content=\"https:\/\/www.facebook.com\/CalianGroup\/\" \/>\n<meta property=\"article:modified_time\" content=\"2024-10-24T14:11:53+00:00\" \/>\n<meta property=\"og:image\" content=\"https:\/\/sites.calian.com\/app\/uploads\/sites\/3\/2023\/05\/iStock-479175551-1024x685.jpg\" \/>\n<meta name=\"twitter:card\" content=\"summary_large_image\" \/>\n<meta name=\"twitter:site\" content=\"@CalianGroup\" \/>\n<meta name=\"twitter:label1\" content=\"Est. reading time\" \/>\n\t<meta name=\"twitter:data1\" content=\"1 minute\" \/>\n<script type=\"application\/ld+json\" class=\"yoast-schema-graph\">{\"@context\":\"https:\/\/schema.org\",\"@graph\":[{\"@type\":\"WebPage\",\"@id\":\"https:\/\/careers.calian.com\/fr-ca\/canada\/\",\"url\":\"https:\/\/careers.calian.com\/fr-ca\/canada\/\",\"name\":\"Canada - Calian Careers\",\"isPartOf\":{\"@id\":\"https:\/\/careers.calian.com\/fr-ca\/#website\"},\"primaryImageOfPage\":{\"@id\":\"https:\/\/careers.calian.com\/fr-ca\/canada\/#primaryimage\"},\"image\":{\"@id\":\"https:\/\/careers.calian.com\/fr-ca\/canada\/#primaryimage\"},\"thumbnailUrl\":\"https:\/\/sites.calian.com\/app\/uploads\/sites\/3\/2023\/05\/iStock-479175551-1024x685.jpg\",\"datePublished\":\"2023-04-28T22:21:12+00:00\",\"dateModified\":\"2024-10-24T14:11:53+00:00\",\"inLanguage\":\"fr-CA\",\"potentialAction\":[{\"@type\":\"ReadAction\",\"target\":[\"https:\/\/careers.calian.com\/fr-ca\/canada\/\"]}]},{\"@type\":\"ImageObject\",\"inLanguage\":\"fr-CA\",\"@id\":\"https:\/\/careers.calian.com\/fr-ca\/canada\/#primaryimage\",\"url\":\"https:\/\/sites.calian.com\/app\/uploads\/sites\/3\/2023\/05\/iStock-479175551-1024x685.jpg\",\"contentUrl\":\"https:\/\/sites.calian.com\/app\/uploads\/sites\/3\/2023\/05\/iStock-479175551-1024x685.jpg\"},{\"@type\":\"WebSite\",\"@id\":\"https:\/\/careers.calian.com\/fr-ca\/#website\",\"url\":\"https:\/\/careers.calian.com\/fr-ca\/\",\"name\":\"Calian Careers\",\"description\":\"We are looking for world-class talent to help the world communicate, innovate, learn and lead safe and healthy lives.\",\"publisher\":{\"@id\":\"https:\/\/careers.calian.com\/fr-ca\/#organization\"},\"potentialAction\":[{\"@type\":\"SearchAction\",\"target\":{\"@type\":\"EntryPoint\",\"urlTemplate\":\"https:\/\/careers.calian.com\/fr-ca\/?s={search_term_string}\"},\"query-input\":{\"@type\":\"PropertyValueSpecification\",\"valueRequired\":true,\"valueName\":\"search_term_string\"}}],\"inLanguage\":\"fr-CA\"},{\"@type\":\"Organization\",\"@id\":\"https:\/\/careers.calian.com\/fr-ca\/#organization\",\"name\":\"Calian Group\",\"url\":\"https:\/\/careers.calian.com\/fr-ca\/\",\"logo\":{\"@type\":\"ImageObject\",\"inLanguage\":\"fr-CA\",\"@id\":\"https:\/\/careers.calian.com\/fr-ca\/#\/schema\/logo\/image\/\",\"url\":\"https:\/\/sites.calian.com\/app\/uploads\/sites\/3\/2023\/06\/og-logo-calian.webp\",\"contentUrl\":\"https:\/\/sites.calian.com\/app\/uploads\/sites\/3\/2023\/06\/og-logo-calian.webp\",\"width\":1200,\"height\":630,\"caption\":\"Calian Group\"},\"image\":{\"@id\":\"https:\/\/careers.calian.com\/fr-ca\/#\/schema\/logo\/image\/\"},\"sameAs\":[\"https:\/\/www.facebook.com\/CalianGroup\/\",\"https:\/\/x.com\/CalianGroup\"]}]}<\/script>\n<!-- \/ Yoast SEO plugin. -->","yoast_head_json":{"title":"Canada - Calian Careers","robots":{"index":"index","follow":"follow","max-snippet":"max-snippet:-1","max-image-preview":"max-image-preview:large","max-video-preview":"max-video-preview:-1"},"canonical":"https:\/\/careers.calian.com\/fr-ca\/canada\/","og_locale":"fr_CA","og_type":"article","og_title":"Canada - Calian Careers","og_description":"Rejoindre notre \u00e9quipe Opportunit\u00e9s de carri\u00e8re au Canada  Home   Business Unit  Page Title Notre communaut\u00e9 mondiale O\u00f9 que vous choisissiez de travailler, vous serez un membre appr\u00e9ci\u00e9 de la communaut\u00e9 mondiale de Calian. Vous recevrez le soutien &hellip;","og_url":"https:\/\/careers.calian.com\/fr-ca\/canada\/","og_site_name":"Calian Careers","article_publisher":"https:\/\/www.facebook.com\/CalianGroup\/","article_modified_time":"2024-10-24T14:11:53+00:00","og_image":[{"url":"https:\/\/sites.calian.com\/app\/uploads\/sites\/3\/2023\/05\/iStock-479175551-1024x685.jpg","type":"","width":"","height":""}],"twitter_card":"summary_large_image","twitter_site":"@CalianGroup","twitter_misc":{"Est. reading time":"1 minute"},"schema":{"@context":"https:\/\/schema.org","@graph":[{"@type":"WebPage","@id":"https:\/\/careers.calian.com\/fr-ca\/canada\/","url":"https:\/\/careers.calian.com\/fr-ca\/canada\/","name":"Canada - Calian Careers","isPartOf":{"@id":"https:\/\/careers.calian.com\/fr-ca\/#website"},"primaryImageOfPage":{"@id":"https:\/\/careers.calian.com\/fr-ca\/canada\/#primaryimage"},"image":{"@id":"https:\/\/careers.calian.com\/fr-ca\/canada\/#primaryimage"},"thumbnailUrl":"https:\/\/sites.calian.com\/app\/uploads\/sites\/3\/2023\/05\/iStock-479175551-1024x685.jpg","datePublished":"2023-04-28T22:21:12+00:00","dateModified":"2024-10-24T14:11:53+00:00","inLanguage":"fr-CA","potentialAction":[{"@type":"ReadAction","target":["https:\/\/careers.calian.com\/fr-ca\/canada\/"]}]},{"@type":"ImageObject","inLanguage":"fr-CA","@id":"https:\/\/careers.calian.com\/fr-ca\/canada\/#primaryimage","url":"https:\/\/sites.calian.com\/app\/uploads\/sites\/3\/2023\/05\/iStock-479175551-1024x685.jpg","contentUrl":"https:\/\/sites.calian.com\/app\/uploads\/sites\/3\/2023\/05\/iStock-479175551-1024x685.jpg"},{"@type":"WebSite","@id":"https:\/\/careers.calian.com\/fr-ca\/#website","url":"https:\/\/careers.calian.com\/fr-ca\/","name":"Calian Careers","description":"We are looking for world-class talent to help the world communicate, innovate, learn and lead safe and healthy lives.","publisher":{"@id":"https:\/\/careers.calian.com\/fr-ca\/#organization"},"potentialAction":[{"@type":"SearchAction","target":{"@type":"EntryPoint","urlTemplate":"https:\/\/careers.calian.com\/fr-ca\/?s={search_term_string}"},"query-input":{"@type":"PropertyValueSpecification","valueRequired":true,"valueName":"search_term_string"}}],"inLanguage":"fr-CA"},{"@type":"Organization","@id":"https:\/\/careers.calian.com\/fr-ca\/#organization","name":"Calian Group","url":"https:\/\/careers.calian.com\/fr-ca\/","logo":{"@type":"ImageObject","inLanguage":"fr-CA","@id":"https:\/\/careers.calian.com\/fr-ca\/#\/schema\/logo\/image\/","url":"https:\/\/sites.calian.com\/app\/uploads\/sites\/3\/2023\/06\/og-logo-calian.webp","contentUrl":"https:\/\/sites.calian.com\/app\/uploads\/sites\/3\/2023\/06\/og-logo-calian.webp","width":1200,"height":630,"caption":"Calian Group"},"image":{"@id":"https:\/\/careers.calian.com\/fr-ca\/#\/schema\/logo\/image\/"},"sameAs":["https:\/\/www.facebook.com\/CalianGroup\/","https:\/\/x.com\/CalianGroup"]}]}},"_links":{"self":[{"href":"https:\/\/careers.calian.com\/fr-ca\/wp-json\/wp\/v2\/pages\/3566","targetHints":{"allow":["GET"]}}],"collection":[{"href":"https:\/\/careers.calian.com\/fr-ca\/wp-json\/wp\/v2\/pages"}],"about":[{"href":"https:\/\/careers.calian.com\/fr-ca\/wp-json\/wp\/v2\/types\/page"}],"author":[{"embeddable":true,"href":"https:\/\/careers.calian.com\/fr-ca\/wp-json\/wp\/v2\/users\/5"}],"replies":[{"embeddable":true,"href":"https:\/\/careers.calian.com\/fr-ca\/wp-json\/wp\/v2\/comments?post=3566"}],"version-history":[{"count":13,"href":"https:\/\/careers.calian.com\/fr-ca\/wp-json\/wp\/v2\/pages\/3566\/revisions"}],"predecessor-version":[{"id":29468,"href":"https:\/\/careers.calian.com\/fr-ca\/wp-json\/wp\/v2\/pages\/3566\/revisions\/29468"}],"wp:attachment":[{"href":"https:\/\/careers.calian.com\/fr-ca\/wp-json\/wp\/v2\/media?parent=3566"}],"wp:term":[{"taxonomy":"solution","embeddable":true,"href":"https:\/\/careers.calian.com\/fr-ca\/wp-json\/wp\/v2\/solution?post=3566"},{"taxonomy":"industry","embeddable":true,"href":"https:\/\/careers.calian.com\/fr-ca\/wp-json\/wp\/v2\/industry?post=3566"},{"taxonomy":"type_classification","embeddable":true,"href":"https:\/\/careers.calian.com\/fr-ca\/wp-json\/wp\/v2\/type_classification?post=3566"}],"curies":[{"name":"wp","href":"https:\/\/api.w.org\/{rel}","templated":true}]}}