{"id":3555,"date":"2023-05-02T20:46:31","date_gmt":"2023-05-03T00:46:31","guid":{"rendered":"https:\/\/careers.calian.com\/medecins\/"},"modified":"2024-07-08T11:51:26","modified_gmt":"2024-07-08T15:51:26","slug":"doctor-jobs","status":"publish","type":"page","link":"https:\/\/careers.calian.com\/fr-ca\/doctor-jobs\/","title":{"rendered":"M\u00e9decins"},"content":{"rendered":"\n<div class=\"tbk-hydrate-component\" data-cid=\"6aa49ed2-1325-4574-aa30-1247e9d9a5c2\" data-component=\"Hero\"><section class=\"calian-hero d-flex h-100 position-relative overflow-hidden nav-indent wp-block-calian-com-components-calian-hero media-position-split has-split-image pb-5 pb-lg-0 overlay-themed\"><div class=\"container\"><div class=\"row\"><div class=\"calian-hero__content d-flex col-lg flex-column pb-3 justify-content-center has-breadcrumbs text-left\"><div class=\"calian-hero__copy-wrapper\"><p class=\"h4 calian-hero__eyebrow text-white\">Opportunit\u00e9s de carri\u00e8re passionnantes pour les<\/p><h1 class=\"calian-hero__heading text-white\">M\u00e9decins<\/h1><div class=\"calian-hero__text text-white mt-2 mb-4\"><br\/><\/div><a href=\"#calian-career-group\" class=\"btn btn-light mb-4 mt-3\">Voir les carri\u00e8res<\/a><\/div><div class=\"calian-hero__breadcrumbs mt-auto mb-0 pt-lg-4 pt-3 pb-lg-0 pb-md-3 pb-1\"><nav aria-label=\"breadcrumb\" class=\"breadcrumb-container\"><ol class=\"breadcrumb\"><li class=\"breadcrumb-item\"><a href=\"https:\/\/www.calian.com\/fr\/\" class=\"breadcrumb-item-link\">Accueil<\/a><\/li><li class=\"breadcrumb-item\"><a href=\"https:\/\/www.calian.com\/fr\/\" class=\"breadcrumb-item-link\">Unit\u00e9 d&#8217;affaires<\/a><\/li><li class=\"breadcrumb-item\" aria-current=\"page\">Titre de la page<\/li><\/ol><\/nav><\/div><\/div><div class=\"calian-hero__media col-md w-100 h-100 pt-lg-5 mt-lg-3 media-style-split\"><div class=\"media-wrapper ps-lg-5 pb-3 pb-lg-0 ml-auto mr-0 w-100 h-100\"><div class=\"advanced-image w-100 h-100\"><img loading=\"lazy\" decoding=\"async\" src=\"https:\/\/sites.calian.com\/app\/uploads\/sites\/3\/2023\/05\/AdobeStock_228931443-1024x683.jpeg\" alt=\"m&#xE9;decin souriant &#xE0; son travail \" width=\"1024\" height=\"683\" class=\"calian-hero__image\"\/><\/div><\/div><\/div><\/div><\/div><div class=\"calian-hero__overlay overlay-themed position-absolute w-100 top-0 start-0 has-image\"><\/div><span><\/span><\/section><\/div>\n\n<div class=\"tbk-hydrate-component\" data-cid=\"ac40d41d-052f-46a8-a954-6879fb9b413c\" data-component=\"Spacer\"><div class=\"calian-spacer calian-spacer--medium wp-block-calian-com-components-calian-spacer\"><\/div><\/div>\n\n<div class=\"tbk-hydrate-component\" data-cid=\"0a40a6a3-77de-462c-b016-a8c532176624\" data-component=\"Container\"><div class=\"container wp-block-tbk-components-container\" style=\"background-position:center;background-size:cover\"><div>\n<h2 class=\"wp-block-heading has-text-align-center\">Nous recherchons des m\u00e9decins pour rejoindre l&#8217;\u00e9quipe de Calian<\/h2>\n\n\n\n<p class=\"has-text-align-center\">Chez Calian, nous recherchons des m\u00e9decins pour se joindre \u00e0 notre \u00e9quipe et aider \u00e0 faire une diff\u00e9rence. Chez Calian, nous proposons une gamme de postes \u00e0 temps partiel et \u00e0 temps plein \u00e0 travers le Canada, compris des postes sur les bases des Forces arm\u00e9es canadiennes. <\/p>\n<\/div><\/div><\/div>\n\n<div class=\"tbk-hydrate-component\" data-cid=\"ac40d41d-052f-46a8-a954-6879fb9b413c\" data-component=\"Spacer\"><div class=\"calian-spacer calian-spacer--medium wp-block-calian-com-components-calian-spacer\"><\/div><\/div>\n\n<div class=\"tbk-hydrate-component\" data-cid=\"6943d17b-e48d-4dd9-b0f8-7c30ef5b6861\" data-component=\"AlternatingTextAndImages\"><div class=\"calian-alternating-text-and-images overflow-hidden wp-block-calian-com-components-calian-alternating-text-and-images\"><div class=\"calian-alternating-text-and-images__container container-fluid\"><div class=\"\"><div class=\"row gx-md-6 justify-content-lg-start flex-row-reverse justify-content-lg-between mb-3 mb-md-9\"><div class=\"col-12 col-md mb-3\"><img loading=\"lazy\" decoding=\"async\" src=\"https:\/\/sites.calian.com\/app\/uploads\/sites\/3\/2023\/05\/physician-military-1024x683.jpg\" alt=\"\" width=\"1024\" height=\"683\" class=\"rounded-5 img-fluid w-100 h-250px h-md-373px object-fit-cover\"\/><\/div><div class=\"col-12 col-md\"><h3>Faites une diff\u00e9rence<\/h3><div class=\"calian-alternating-text-and-images__text mb-3\">Notre \u00e9quipe est compos\u00e9e de m\u00e9decins exp\u00e9riment\u00e9s et novices qui s&#8217;engagent \u00e0 fournir des soins de la plus haute qualit\u00e9 \u00e0 leurs patients. Nous sommes toujours \u00e0 la recherche de nouveaux membres d&#8217;\u00e9quipe qui partagent nos valeurs et notre passion pour avoir un impact positif dans les communaut\u00e9s que nous servons. <\/div><div class=\"calian-alternating-text-and-images__ctas mb-3 d-flex flex-wrap gap-3\"><\/div><\/div><\/div><div class=\"row gx-md-6 justify-content-lg-start justify-content-lg-start mb-3 mb-md-9\"><div class=\"col-12 col-md mb-3\"><img loading=\"lazy\" decoding=\"async\" src=\"https:\/\/sites.calian.com\/app\/uploads\/sites\/3\/2023\/05\/AdobeStock_313778250-2-1024x682.jpg\" alt=\"\" width=\"1024\" height=\"682\" class=\"rounded-5 img-fluid w-100 h-250px h-md-373px object-fit-cover\"\/><\/div><div class=\"col-12 col-md\"><h3>Avantages et avantages pour les m\u00e9decins chez Calian<\/h3><div class=\"calian-alternating-text-and-images__text mb-3\">Les m\u00e9decins de Calian ont les avantages suivants :\n<ul>\n  <li>Un taux horaire garanti<\/li>\n  <li>Heures de travail en semaine de 7 h 30 \u00e0 16 h<\/li>\n  <li>Pas de quarts de travail le week-end ou en soir\u00e9e et aucune responsabilit\u00e9 de garde<\/li>\n  <li>Aucuns frais g\u00e9n\u00e9raux ou administratifs g\u00e9n\u00e9ralement associ\u00e9s \u00e0 la pratique en cabinet<\/li>\n  <li> Allotissement g\u00e9n\u00e9reux de temps pour les rendez-vous pr\u00e9vus<\/li>\n  <li>Travail avec une population de patients unique et motiv\u00e9e<\/li>\n  <li>\u00c9quipes multidisciplinaires collaboratives<\/li>\n  <li>Acc\u00e8s facile aux sp\u00e9cialistes sur place et aux services de soutien<\/li>\n  <li>\u00c9quipe Calian d\u00e9di\u00e9e \u00e0 la gestion des contrats<\/li>\n<\/ul><\/div><div class=\"calian-alternating-text-and-images__ctas mb-3 d-flex flex-wrap gap-3\"><\/div><\/div><\/div><div class=\"row gx-md-6 justify-content-lg-start flex-row-reverse justify-content-lg-between\"><div class=\"col-12 col-md mb-3\"><img loading=\"lazy\" decoding=\"async\" src=\"https:\/\/sites.calian.com\/app\/uploads\/sites\/3\/2023\/05\/physician-female-mid-career-1024x683.jpg\" alt=\"\" width=\"1024\" height=\"683\" class=\"rounded-5 img-fluid w-100 h-250px h-md-373px object-fit-cover\"\/><\/div><div class=\"col-12 col-md\"><h3>Vous cherchez \u00e0 \u00e9tablir ou \u00e0 d\u00e9m\u00e9nager votre propre cabinet?<\/h3><div class=\"calian-alternating-text-and-images__text mb-3\">Primacy Management Inc., une soci\u00e9t\u00e9 de Calian, propose des espaces de bureau m\u00e9dical disponibles pour les m\u00e9decins individuels et les groupes. Leurs espaces de clinique cl\u00e9s en main, les avantages de Primacy et leur \u00e9quipe de maintenance sur appel font de leur espace une option unique ! Rendez-vous sur le site de <a href=\"https:\/\/www.primacy.ca\/\">Primacy<\/a> pour en savoir plus sur les espaces de clinique disponibles.<\/div><div class=\"calian-alternating-text-and-images__ctas mb-3 d-flex flex-wrap gap-3\"><\/div><\/div><\/div><\/div><\/div><\/div><\/div>\n\n<div class=\"tbk-hydrate-component\" data-cid=\"ac40d41d-052f-46a8-a954-6879fb9b413c\" data-component=\"Spacer\"><div class=\"calian-spacer calian-spacer--medium wp-block-calian-com-components-calian-spacer\"><\/div><\/div>\n\n<div class=\"tbk-hydrate-component\" data-cid=\"6783a855-25c3-4ef1-9fb0-b5ad4553353b\" data-component=\"TestimonialCarousel\"><div><div class=\"d-flex justify-content-center p-1\"><div class=\"spinner-border text-primary \" role=\"status\" style=\"width:3rem;height:3rem\"><span class=\"visually-hidden\">Chargement&#8230;<\/span><\/div><\/div><\/div><\/div>\n\n<div class=\"tbk-hydrate-component\" data-cid=\"ac40d41d-052f-46a8-a954-6879fb9b413c\" data-component=\"Spacer\"><div class=\"calian-spacer calian-spacer--medium wp-block-calian-com-components-calian-spacer\"><\/div><\/div>\n\n<div class=\"tbk-hydrate-component\" data-cid=\"a34dd494-7bc6-47e1-a941-27a48ec3ddad\" data-component=\"CTABar\"><div class=\"calian-cta-bar theme-dark\"><div class=\"calian-cta-bar__container container-fluid\"><div class=\"calian-cta-bar__vertical container-fluid position-relative\"><div class=\"row\"><div class=\"calian-cta-bar__vertical--content col-12\"><h2 class=\"calian-cta-bar__vertical--heading\">Le saviez-vous?<\/h2><div class=\"calian-cta-bar__vertical--description\">Calian a \u00e9t\u00e9 incluse dans la liste <em>Forbes<\/em> <strong>des meilleurs employeurs au Canada pour 2022<\/strong><\/div><div class=\"calian-cta-bar__vertical--buttons\"><a href=\"#calian-career-group\" class=\"btn btn-primary\">Explorez les opportunit\u00e9s de carri\u00e8re <\/a><\/div><\/div><\/div><\/div><\/div><\/div><\/div>\n\n<div class=\"tbk-hydrate-component\" data-cid=\"ac40d41d-052f-46a8-a954-6879fb9b413c\" data-component=\"Spacer\"><div class=\"calian-spacer calian-spacer--medium wp-block-calian-com-components-calian-spacer\"><\/div><\/div>\n\n<div class=\"tbk-hydrate-component\" data-cid=\"87b92bb1-0fd0-4575-89f9-6b0122280410\" data-component=\"CareersLocationFooter\"><div><div class=\"d-flex justify-content-center p-1\"><div class=\"spinner-border text-primary \" role=\"status\" style=\"width:3rem;height:3rem\"><span class=\"visually-hidden\">Chargement&#8230;<\/span><\/div><\/div><\/div><\/div>\n","protected":false},"excerpt":{"rendered":"<p class=\"h4 calian-hero__eyebrow text-white\"> Opportunit\u00e9s de carri\u00e8re passionnantes pour les <\/p>\n<p> M\u00e9decins <br \/> <a href=\"#calian-career-group\" class=\"btn btn-light mb-4 mt-3\"> Voir les carri\u00e8res <\/a> <\/p>\n<li class=\"breadcrumb-item\"> <a href=\"https:\/\/www.calian.com\/fr\/\" class=\"breadcrumb-item-link\"> Accueil <\/a> <\/li>\n<li class=\"breadcrumb-item\"> <a href=\"https:\/\/www.calian.com\/fr\/\" class=\"breadcrumb-item-link\"> Unit\u00e9 d&#8217;affaires <\/a> <\/li>\n<li class=\"breadcrumb-item\" aria-current=\"page\"> Titre de la page <\/li>\n<p> Nous recherchons des m\u00e9decins pour rejoindre l&#8217;\u00e9quipe de Calian <\/p>\n<p class=\"has-text-align-center\"> Chez &hellip;<\/p>\n","protected":false},"author":5,"featured_media":0,"parent":0,"menu_order":0,"comment_status":"closed","ping_status":"closed","template":"","meta":{"_acf_changed":false,"content-type":"","footnotes":""},"solution":[],"industry":[],"type_classification":[],"class_list":["post-3555","page","type-page","status-publish","hentry"],"acf":[],"yoast_head":"<!-- This site is optimized with the Yoast SEO plugin v26.4 - https:\/\/yoast.com\/wordpress\/plugins\/seo\/ -->\n<title>Emplois de m\u00e9decin et de m\u00e9decin - Alberta, BC, Ontario, Manitoba, Sask.<\/title>\n<meta name=\"description\" content=\"Nous recherchons des m\u00e9decins et des m\u00e9decins pour rejoindre notre \u00e9quipe et contribuer \u00e0 faire une diff\u00e9rence. Postes de m\u00e9decin \u00e0 temps partiel et \u00e0 temps plein disponibles partout au Canada.\" \/>\n<meta name=\"robots\" content=\"index, follow, max-snippet:-1, max-image-preview:large, max-video-preview:-1\" \/>\n<link rel=\"canonical\" href=\"https:\/\/careers.calian.com\/fr-ca\/doctor-jobs\/\" \/>\n<meta property=\"og:locale\" content=\"fr_CA\" \/>\n<meta property=\"og:type\" content=\"article\" \/>\n<meta property=\"og:title\" content=\"Emplois de m\u00e9decin et de m\u00e9decin - Alberta, BC, Ontario, Manitoba, Sask.\" \/>\n<meta property=\"og:description\" content=\"Nous recherchons des m\u00e9decins et des m\u00e9decins pour rejoindre notre \u00e9quipe et contribuer \u00e0 faire une diff\u00e9rence. Postes de m\u00e9decin \u00e0 temps partiel et \u00e0 temps plein disponibles partout au Canada.\" \/>\n<meta property=\"og:url\" content=\"https:\/\/careers.calian.com\/fr-ca\/doctor-jobs\/\" \/>\n<meta property=\"og:site_name\" content=\"Calian Careers\" \/>\n<meta property=\"article:publisher\" content=\"https:\/\/www.facebook.com\/CalianGroup\/\" \/>\n<meta property=\"article:modified_time\" content=\"2024-07-08T15:51:26+00:00\" \/>\n<meta property=\"og:image\" content=\"https:\/\/sites.calian.com\/app\/uploads\/sites\/3\/2023\/05\/AdobeStock_228931443-1024x683.jpeg\" \/>\n<meta name=\"twitter:card\" content=\"summary_large_image\" \/>\n<meta name=\"twitter:site\" content=\"@CalianGroup\" \/>\n<meta name=\"twitter:label1\" content=\"Est. reading time\" \/>\n\t<meta name=\"twitter:data1\" content=\"3 minutes\" \/>\n<script type=\"application\/ld+json\" class=\"yoast-schema-graph\">{\"@context\":\"https:\/\/schema.org\",\"@graph\":[{\"@type\":\"WebPage\",\"@id\":\"https:\/\/careers.calian.com\/fr-ca\/doctor-jobs\/\",\"url\":\"https:\/\/careers.calian.com\/fr-ca\/doctor-jobs\/\",\"name\":\"Emplois de m\u00e9decin et de m\u00e9decin - Alberta, BC, Ontario, Manitoba, Sask.\",\"isPartOf\":{\"@id\":\"https:\/\/careers.calian.com\/fr-ca\/#website\"},\"primaryImageOfPage\":{\"@id\":\"https:\/\/careers.calian.com\/fr-ca\/doctor-jobs\/#primaryimage\"},\"image\":{\"@id\":\"https:\/\/careers.calian.com\/fr-ca\/doctor-jobs\/#primaryimage\"},\"thumbnailUrl\":\"https:\/\/sites.calian.com\/app\/uploads\/sites\/3\/2023\/05\/AdobeStock_228931443-1024x683.jpeg\",\"datePublished\":\"2023-05-03T00:46:31+00:00\",\"dateModified\":\"2024-07-08T15:51:26+00:00\",\"description\":\"Nous recherchons des m\u00e9decins et des m\u00e9decins pour rejoindre notre \u00e9quipe et contribuer \u00e0 faire une diff\u00e9rence. Postes de m\u00e9decin \u00e0 temps partiel et \u00e0 temps plein disponibles partout au Canada.\",\"inLanguage\":\"fr-CA\",\"potentialAction\":[{\"@type\":\"ReadAction\",\"target\":[\"https:\/\/careers.calian.com\/fr-ca\/doctor-jobs\/\"]}]},{\"@type\":\"ImageObject\",\"inLanguage\":\"fr-CA\",\"@id\":\"https:\/\/careers.calian.com\/fr-ca\/doctor-jobs\/#primaryimage\",\"url\":\"https:\/\/sites.calian.com\/app\/uploads\/sites\/3\/2023\/05\/AdobeStock_228931443-1024x683.jpeg\",\"contentUrl\":\"https:\/\/sites.calian.com\/app\/uploads\/sites\/3\/2023\/05\/AdobeStock_228931443-1024x683.jpeg\"},{\"@type\":\"WebSite\",\"@id\":\"https:\/\/careers.calian.com\/fr-ca\/#website\",\"url\":\"https:\/\/careers.calian.com\/fr-ca\/\",\"name\":\"Calian Careers\",\"description\":\"We are looking for world-class talent to help the world communicate, innovate, learn and lead safe and healthy lives.\",\"publisher\":{\"@id\":\"https:\/\/careers.calian.com\/fr-ca\/#organization\"},\"potentialAction\":[{\"@type\":\"SearchAction\",\"target\":{\"@type\":\"EntryPoint\",\"urlTemplate\":\"https:\/\/careers.calian.com\/fr-ca\/?s={search_term_string}\"},\"query-input\":{\"@type\":\"PropertyValueSpecification\",\"valueRequired\":true,\"valueName\":\"search_term_string\"}}],\"inLanguage\":\"fr-CA\"},{\"@type\":\"Organization\",\"@id\":\"https:\/\/careers.calian.com\/fr-ca\/#organization\",\"name\":\"Calian Group\",\"url\":\"https:\/\/careers.calian.com\/fr-ca\/\",\"logo\":{\"@type\":\"ImageObject\",\"inLanguage\":\"fr-CA\",\"@id\":\"https:\/\/careers.calian.com\/fr-ca\/#\/schema\/logo\/image\/\",\"url\":\"https:\/\/sites.calian.com\/app\/uploads\/sites\/3\/2023\/06\/og-logo-calian.webp\",\"contentUrl\":\"https:\/\/sites.calian.com\/app\/uploads\/sites\/3\/2023\/06\/og-logo-calian.webp\",\"width\":1200,\"height\":630,\"caption\":\"Calian Group\"},\"image\":{\"@id\":\"https:\/\/careers.calian.com\/fr-ca\/#\/schema\/logo\/image\/\"},\"sameAs\":[\"https:\/\/www.facebook.com\/CalianGroup\/\",\"https:\/\/x.com\/CalianGroup\"]}]}<\/script>\n<!-- \/ Yoast SEO plugin. -->","yoast_head_json":{"title":"Emplois de m\u00e9decin et de m\u00e9decin - Alberta, BC, Ontario, Manitoba, Sask.","description":"Nous recherchons des m\u00e9decins et des m\u00e9decins pour rejoindre notre \u00e9quipe et contribuer \u00e0 faire une diff\u00e9rence. Postes de m\u00e9decin \u00e0 temps partiel et \u00e0 temps plein disponibles partout au Canada.","robots":{"index":"index","follow":"follow","max-snippet":"max-snippet:-1","max-image-preview":"max-image-preview:large","max-video-preview":"max-video-preview:-1"},"canonical":"https:\/\/careers.calian.com\/fr-ca\/doctor-jobs\/","og_locale":"fr_CA","og_type":"article","og_title":"Emplois de m\u00e9decin et de m\u00e9decin - Alberta, BC, Ontario, Manitoba, Sask.","og_description":"Nous recherchons des m\u00e9decins et des m\u00e9decins pour rejoindre notre \u00e9quipe et contribuer \u00e0 faire une diff\u00e9rence. Postes de m\u00e9decin \u00e0 temps partiel et \u00e0 temps plein disponibles partout au Canada.","og_url":"https:\/\/careers.calian.com\/fr-ca\/doctor-jobs\/","og_site_name":"Calian Careers","article_publisher":"https:\/\/www.facebook.com\/CalianGroup\/","article_modified_time":"2024-07-08T15:51:26+00:00","og_image":[{"url":"https:\/\/sites.calian.com\/app\/uploads\/sites\/3\/2023\/05\/AdobeStock_228931443-1024x683.jpeg","type":"","width":"","height":""}],"twitter_card":"summary_large_image","twitter_site":"@CalianGroup","twitter_misc":{"Est. reading time":"3 minutes"},"schema":{"@context":"https:\/\/schema.org","@graph":[{"@type":"WebPage","@id":"https:\/\/careers.calian.com\/fr-ca\/doctor-jobs\/","url":"https:\/\/careers.calian.com\/fr-ca\/doctor-jobs\/","name":"Emplois de m\u00e9decin et de m\u00e9decin - Alberta, BC, Ontario, Manitoba, Sask.","isPartOf":{"@id":"https:\/\/careers.calian.com\/fr-ca\/#website"},"primaryImageOfPage":{"@id":"https:\/\/careers.calian.com\/fr-ca\/doctor-jobs\/#primaryimage"},"image":{"@id":"https:\/\/careers.calian.com\/fr-ca\/doctor-jobs\/#primaryimage"},"thumbnailUrl":"https:\/\/sites.calian.com\/app\/uploads\/sites\/3\/2023\/05\/AdobeStock_228931443-1024x683.jpeg","datePublished":"2023-05-03T00:46:31+00:00","dateModified":"2024-07-08T15:51:26+00:00","description":"Nous recherchons des m\u00e9decins et des m\u00e9decins pour rejoindre notre \u00e9quipe et contribuer \u00e0 faire une diff\u00e9rence. Postes de m\u00e9decin \u00e0 temps partiel et \u00e0 temps plein disponibles partout au Canada.","inLanguage":"fr-CA","potentialAction":[{"@type":"ReadAction","target":["https:\/\/careers.calian.com\/fr-ca\/doctor-jobs\/"]}]},{"@type":"ImageObject","inLanguage":"fr-CA","@id":"https:\/\/careers.calian.com\/fr-ca\/doctor-jobs\/#primaryimage","url":"https:\/\/sites.calian.com\/app\/uploads\/sites\/3\/2023\/05\/AdobeStock_228931443-1024x683.jpeg","contentUrl":"https:\/\/sites.calian.com\/app\/uploads\/sites\/3\/2023\/05\/AdobeStock_228931443-1024x683.jpeg"},{"@type":"WebSite","@id":"https:\/\/careers.calian.com\/fr-ca\/#website","url":"https:\/\/careers.calian.com\/fr-ca\/","name":"Calian Careers","description":"We are looking for world-class talent to help the world communicate, innovate, learn and lead safe and healthy lives.","publisher":{"@id":"https:\/\/careers.calian.com\/fr-ca\/#organization"},"potentialAction":[{"@type":"SearchAction","target":{"@type":"EntryPoint","urlTemplate":"https:\/\/careers.calian.com\/fr-ca\/?s={search_term_string}"},"query-input":{"@type":"PropertyValueSpecification","valueRequired":true,"valueName":"search_term_string"}}],"inLanguage":"fr-CA"},{"@type":"Organization","@id":"https:\/\/careers.calian.com\/fr-ca\/#organization","name":"Calian Group","url":"https:\/\/careers.calian.com\/fr-ca\/","logo":{"@type":"ImageObject","inLanguage":"fr-CA","@id":"https:\/\/careers.calian.com\/fr-ca\/#\/schema\/logo\/image\/","url":"https:\/\/sites.calian.com\/app\/uploads\/sites\/3\/2023\/06\/og-logo-calian.webp","contentUrl":"https:\/\/sites.calian.com\/app\/uploads\/sites\/3\/2023\/06\/og-logo-calian.webp","width":1200,"height":630,"caption":"Calian Group"},"image":{"@id":"https:\/\/careers.calian.com\/fr-ca\/#\/schema\/logo\/image\/"},"sameAs":["https:\/\/www.facebook.com\/CalianGroup\/","https:\/\/x.com\/CalianGroup"]}]}},"_links":{"self":[{"href":"https:\/\/careers.calian.com\/fr-ca\/wp-json\/wp\/v2\/pages\/3555","targetHints":{"allow":["GET"]}}],"collection":[{"href":"https:\/\/careers.calian.com\/fr-ca\/wp-json\/wp\/v2\/pages"}],"about":[{"href":"https:\/\/careers.calian.com\/fr-ca\/wp-json\/wp\/v2\/types\/page"}],"author":[{"embeddable":true,"href":"https:\/\/careers.calian.com\/fr-ca\/wp-json\/wp\/v2\/users\/5"}],"replies":[{"embeddable":true,"href":"https:\/\/careers.calian.com\/fr-ca\/wp-json\/wp\/v2\/comments?post=3555"}],"version-history":[{"count":14,"href":"https:\/\/careers.calian.com\/fr-ca\/wp-json\/wp\/v2\/pages\/3555\/revisions"}],"predecessor-version":[{"id":25226,"href":"https:\/\/careers.calian.com\/fr-ca\/wp-json\/wp\/v2\/pages\/3555\/revisions\/25226"}],"wp:attachment":[{"href":"https:\/\/careers.calian.com\/fr-ca\/wp-json\/wp\/v2\/media?parent=3555"}],"wp:term":[{"taxonomy":"solution","embeddable":true,"href":"https:\/\/careers.calian.com\/fr-ca\/wp-json\/wp\/v2\/solution?post=3555"},{"taxonomy":"industry","embeddable":true,"href":"https:\/\/careers.calian.com\/fr-ca\/wp-json\/wp\/v2\/industry?post=3555"},{"taxonomy":"type_classification","embeddable":true,"href":"https:\/\/careers.calian.com\/fr-ca\/wp-json\/wp\/v2\/type_classification?post=3555"}],"curies":[{"name":"wp","href":"https:\/\/api.w.org\/{rel}","templated":true}]}}