{"id":3537,"date":"2023-05-02T21:12:38","date_gmt":"2023-05-03T01:12:38","guid":{"rendered":"https:\/\/careers.calian.com\/bfc-borden\/"},"modified":"2024-01-16T15:55:41","modified_gmt":"2024-01-16T20:55:41","slug":"bfc-borden","status":"publish","type":"page","link":"https:\/\/careers.calian.com\/fr-ca\/bfc-borden\/","title":{"rendered":"BFC Borden"},"content":{"rendered":"\n<div class=\"tbk-hydrate-component\" data-cid=\"ffa4b149-1840-4d32-a14d-6c6c00d06459\" data-component=\"Hero\"><section class=\"calian-hero d-flex h-100 position-relative overflow-hidden nav-indent wp-block-calian-com-components-calian-hero media-position-split has-split-image pb-5 pb-lg-0 overlay-solid\"><div class=\"container\"><div class=\"row\"><div class=\"calian-hero__content d-flex col-lg flex-column pb-3 justify-content-center has-breadcrumbs text-left\"><div class=\"calian-hero__copy-wrapper\"><h1 class=\"calian-hero__heading\">Faites le pas vers une carri\u00e8re \u00e9panouissante \u00e0 la BFC Borden<\/h1><div class=\"calian-hero__text mt-2 mb-4\">Si vous \u00eates en transition militaire ou que vous recherchez une carri\u00e8re civile enrichissante dans un environnement dynamique et favorable, la BFC Borden peut \u00eatre l&#8217;endroit id\u00e9al pour vous. Des postes sont disponibles pour ceux ayant une exp\u00e9rience militaire et civile, \u00e0 temps plein, \u00e0 temps partiel et en contrat.<\/div><a href=\"#calian-career-group\" class=\"btn btn-primary mb-4 mt-3\">Voir les offres d&#8217;emploi<\/a><\/div><div class=\"calian-hero__breadcrumbs mt-auto mb-0 pt-lg-4 pt-3 pb-lg-0 pb-md-3 pb-1\"><nav aria-label=\"breadcrumb\" class=\"breadcrumb-container\"><ol class=\"breadcrumb\"><li class=\"breadcrumb-item\"><a href=\"https:\/\/www.calian.com\/fr\/\" class=\"breadcrumb-item-link\">Accueil<\/a><\/li><li class=\"breadcrumb-item\"><a href=\"https:\/\/www.calian.com\/accessibility-policy\/\" class=\"breadcrumb-item-link\">Politique d&#8217;accessibilit\u00e9<\/a><\/li><li class=\"breadcrumb-item\" aria-current=\"page\">D\u00e9claration de confidentialit\u00e9<\/li><\/ol><\/nav><\/div><\/div><div class=\"calian-hero__media col-md w-100 h-100 pt-lg-5 mt-lg-3 media-style-split\"><div class=\"media-wrapper ps-lg-5 pb-3 pb-lg-0 ml-auto mr-0 w-100 h-100\"><div class=\"advanced-image w-100 h-100\"><img loading=\"lazy\" decoding=\"async\" src=\"https:\/\/sites.calian.com\/app\/uploads\/sites\/3\/2023\/05\/civilian-shoes.jpg\" alt=\"\" width=\"470\" height=\"570\" class=\"calian-hero__image\"\/><\/div><\/div><\/div><\/div><\/div><div class=\"calian-hero__overlay overlay-solid position-absolute w-100 top-0 start-0 has-image\"><\/div><span><\/span><\/section><\/div>\n\n<div style=\"height:100px\" aria-hidden=\"true\" class=\"wp-block-spacer\"><\/div>\n\n<div class=\"tbk-hydrate-component\" data-cid=\"838a2f94-a4d6-4eb8-87be-dacde73e389b\" data-component=\"AlternatingTextAndImages\"><div class=\"calian-alternating-text-and-images overflow-hidden wp-block-calian-com-components-calian-alternating-text-and-images\"><div class=\"calian-alternating-text-and-images__container container-fluid\"><div class=\"\"><div class=\"row gx-md-6 justify-content-lg-start justify-content-lg-start mb-3 mb-md-9\"><div class=\"col-12 col-md mb-3\"><img loading=\"lazy\" decoding=\"async\" src=\"https:\/\/sites.calian.com\/app\/uploads\/sites\/3\/2023\/05\/iStock-1088465324-1024x683.jpg\" alt=\"\" width=\"1024\" height=\"683\" class=\"rounded-5 img-fluid w-100 h-250px h-md-373px object-fit-cover\"\/><\/div><div class=\"col-12 col-md\"><div class=\"calian-alternating-text-and-images__text mb-3\">En faisant partie de l&#8217;\u00e9quipe Calian \u00e0 la BFC Borden, vous contribuerez \u00e0 assurer la s\u00e9curit\u00e9 et la protection de vos concitoyens canadiens dans un r\u00f4le qui mettra \u00e0 profit vos comp\u00e9tences et votre exp\u00e9rience au quotidien. \n<p>La BFC Borden offre :<\/p>\n<ul>\n  <li>Des horaires flexibles<\/li>\n  <li>Une r\u00e9mun\u00e9ration comp\u00e9titive<\/li>\n  <li>Des opportunit\u00e9s d&#8217;apprentissage et de d\u00e9veloppement<\/li>\n  <li>Une communaut\u00e9 solidaire et engag\u00e9e<\/li>\n  <li> Une vari\u00e9t\u00e9 de contrats de dur\u00e9es et de types diff\u00e9rents <\/li>\n<\/ul><\/div><div class=\"calian-alternating-text-and-images__ctas mb-3 d-flex flex-wrap gap-3\"><\/div><\/div><\/div><div class=\"row gx-md-6 justify-content-lg-start flex-row-reverse justify-content-lg-between\"><div class=\"col-12 col-md mb-3\"><img loading=\"lazy\" decoding=\"async\" src=\"https:\/\/sites.calian.com\/app\/uploads\/sites\/3\/2023\/05\/physician-military-1024x683.jpg\" alt=\"\" width=\"1024\" height=\"683\" class=\"rounded-5 img-fluid w-100 h-250px h-md-373px object-fit-cover\"\/><\/div><div class=\"col-12 col-md\"><div class=\"calian-alternating-text-and-images__text mb-3\">Calian recrute d&#8217;anciens militaires et des professionnels civils pour une grande vari\u00e9t\u00e9 de postes \u00e0 la BFC Borden. Les r\u00f4les civils et militaires comprennent :\n<ul>\n  <li>M\u00e9decins<\/li>\n  <li>Infirmi\u00e8res et infirmiers<\/li>\n  <li>Psychologues<\/li>\n  <li>Instructeurs en technologie de v\u00e9hicules<\/li>\n  <li>Agent de formation en ressources humaines\/de la circulation\/ de transport<\/li>\n  <li>D\u00e9veloppeurs\/programmeurs de cyberapprentissage<\/li>\n  <li>Facilitateurs<\/li>\n  <li>Concepteurs p\u00e9dagogiques<\/li>\n  <li>Conseillers en apprentissage<\/li>\n  <li>Sp\u00e9cialistes du soutien technique et du centre d&#8217;assistance informatique<\/li>\n<\/ul><\/div><div class=\"calian-alternating-text-and-images__ctas mb-3 d-flex flex-wrap gap-3\"><\/div><\/div><\/div><\/div><\/div><\/div><\/div>\n\n<div class=\"tbk-hydrate-component\" data-cid=\"62b5bf18-ea42-4437-ad50-c70cd850173c\" data-component=\"Spacer\"><div class=\"calian-spacer calian-spacer--medium wp-block-calian-com-components-calian-spacer\"><\/div><\/div>\n\n<div class=\"tbk-hydrate-component\" data-cid=\"aaf1953e-ae08-4af9-aae1-0b4183e10b48\" data-component=\"TestimonialCarousel\"><div><div class=\"d-flex justify-content-center p-1\"><div class=\"spinner-border text-primary \" role=\"status\" style=\"width:3rem;height:3rem\"><span class=\"visually-hidden\">Loading&#8230;<\/span><\/div><\/div><\/div><\/div>\n\n<div class=\"tbk-hydrate-component\" data-cid=\"62b5bf18-ea42-4437-ad50-c70cd850173c\" data-component=\"Spacer\"><div class=\"calian-spacer calian-spacer--medium wp-block-calian-com-components-calian-spacer\"><\/div><\/div>\n\n<div class=\"tbk-hydrate-component\" data-cid=\"4aeddc68-94b6-4fe5-8030-dbce8d9ca8ab\" data-component=\"CareersLocationFooter\"><div><div class=\"d-flex justify-content-center p-1\"><div class=\"spinner-border text-primary \" role=\"status\" style=\"width:3rem;height:3rem\"><span class=\"visually-hidden\">Chargement&#8230;<\/span><\/div><\/div><\/div><\/div>\n","protected":false},"excerpt":{"rendered":"<p>Faites le pas vers une carri\u00e8re \u00e9panouissante \u00e0 la BFC Borden Si vous \u00eates en transition militaire ou que vous recherchez une carri\u00e8re civile enrichissante dans un environnement dynamique et favorable, la BFC Borden peut \u00eatre l&#8217;endroit id\u00e9al pour vous. Des postes sont disponibles pour ceux ayant une exp\u00e9rience militaire et civile, \u00e0 temps plein, \u00e0 temps partiel et en &hellip;<\/p>\n","protected":false},"author":5,"featured_media":0,"parent":0,"menu_order":0,"comment_status":"closed","ping_status":"closed","template":"","meta":{"_acf_changed":false,"content-type":"","footnotes":""},"solution":[],"industry":[],"type_classification":[],"class_list":["post-3537","page","type-page","status-publish","hentry"],"acf":[],"yoast_head":"<!-- This site is optimized with the Yoast SEO plugin v26.4 - https:\/\/yoast.com\/wordpress\/plugins\/seo\/ -->\n<title>BFC Borden - Calian Careers<\/title>\n<meta name=\"robots\" content=\"index, follow, max-snippet:-1, max-image-preview:large, max-video-preview:-1\" \/>\n<link rel=\"canonical\" href=\"https:\/\/careers.calian.com\/fr-ca\/bfc-borden\/\" \/>\n<meta property=\"og:locale\" content=\"fr_CA\" \/>\n<meta property=\"og:type\" content=\"article\" \/>\n<meta property=\"og:title\" content=\"BFC Borden - Calian Careers\" \/>\n<meta property=\"og:description\" content=\"Faites le pas vers une carri\u00e8re \u00e9panouissante \u00e0 la BFC Borden Si vous \u00eates en transition militaire ou que vous recherchez une carri\u00e8re civile enrichissante dans un environnement dynamique et favorable, la BFC Borden peut \u00eatre l&#8217;endroit id\u00e9al pour vous. Des postes sont disponibles pour ceux ayant une exp\u00e9rience militaire et civile, \u00e0 temps plein, \u00e0 temps partiel et en &hellip;\" \/>\n<meta property=\"og:url\" content=\"https:\/\/careers.calian.com\/fr-ca\/bfc-borden\/\" \/>\n<meta property=\"og:site_name\" content=\"Calian Careers\" \/>\n<meta property=\"article:publisher\" content=\"https:\/\/www.facebook.com\/CalianGroup\/\" \/>\n<meta property=\"article:modified_time\" content=\"2024-01-16T20:55:41+00:00\" \/>\n<meta property=\"og:image\" content=\"https:\/\/sites.calian.com\/app\/uploads\/sites\/3\/2023\/05\/civilian-shoes.jpg\" \/>\n<meta name=\"twitter:card\" content=\"summary_large_image\" \/>\n<meta name=\"twitter:site\" content=\"@CalianGroup\" \/>\n<meta name=\"twitter:label1\" content=\"Est. reading time\" \/>\n\t<meta name=\"twitter:data1\" content=\"2 minutes\" \/>\n<script type=\"application\/ld+json\" class=\"yoast-schema-graph\">{\"@context\":\"https:\/\/schema.org\",\"@graph\":[{\"@type\":\"WebPage\",\"@id\":\"https:\/\/careers.calian.com\/fr-ca\/bfc-borden\/\",\"url\":\"https:\/\/careers.calian.com\/fr-ca\/bfc-borden\/\",\"name\":\"BFC Borden - Calian Careers\",\"isPartOf\":{\"@id\":\"https:\/\/careers.calian.com\/fr-ca\/#website\"},\"primaryImageOfPage\":{\"@id\":\"https:\/\/careers.calian.com\/fr-ca\/bfc-borden\/#primaryimage\"},\"image\":{\"@id\":\"https:\/\/careers.calian.com\/fr-ca\/bfc-borden\/#primaryimage\"},\"thumbnailUrl\":\"https:\/\/sites.calian.com\/app\/uploads\/sites\/3\/2023\/05\/civilian-shoes.jpg\",\"datePublished\":\"2023-05-03T01:12:38+00:00\",\"dateModified\":\"2024-01-16T20:55:41+00:00\",\"inLanguage\":\"fr-CA\",\"potentialAction\":[{\"@type\":\"ReadAction\",\"target\":[\"https:\/\/careers.calian.com\/fr-ca\/bfc-borden\/\"]}]},{\"@type\":\"ImageObject\",\"inLanguage\":\"fr-CA\",\"@id\":\"https:\/\/careers.calian.com\/fr-ca\/bfc-borden\/#primaryimage\",\"url\":\"https:\/\/sites.calian.com\/app\/uploads\/sites\/3\/2023\/05\/civilian-shoes.jpg\",\"contentUrl\":\"https:\/\/sites.calian.com\/app\/uploads\/sites\/3\/2023\/05\/civilian-shoes.jpg\"},{\"@type\":\"WebSite\",\"@id\":\"https:\/\/careers.calian.com\/fr-ca\/#website\",\"url\":\"https:\/\/careers.calian.com\/fr-ca\/\",\"name\":\"Calian Careers\",\"description\":\"We are looking for world-class talent to help the world communicate, innovate, learn and lead safe and healthy lives.\",\"publisher\":{\"@id\":\"https:\/\/careers.calian.com\/fr-ca\/#organization\"},\"potentialAction\":[{\"@type\":\"SearchAction\",\"target\":{\"@type\":\"EntryPoint\",\"urlTemplate\":\"https:\/\/careers.calian.com\/fr-ca\/?s={search_term_string}\"},\"query-input\":{\"@type\":\"PropertyValueSpecification\",\"valueRequired\":true,\"valueName\":\"search_term_string\"}}],\"inLanguage\":\"fr-CA\"},{\"@type\":\"Organization\",\"@id\":\"https:\/\/careers.calian.com\/fr-ca\/#organization\",\"name\":\"Calian Group\",\"url\":\"https:\/\/careers.calian.com\/fr-ca\/\",\"logo\":{\"@type\":\"ImageObject\",\"inLanguage\":\"fr-CA\",\"@id\":\"https:\/\/careers.calian.com\/fr-ca\/#\/schema\/logo\/image\/\",\"url\":\"https:\/\/sites.calian.com\/app\/uploads\/sites\/3\/2023\/06\/og-logo-calian.webp\",\"contentUrl\":\"https:\/\/sites.calian.com\/app\/uploads\/sites\/3\/2023\/06\/og-logo-calian.webp\",\"width\":1200,\"height\":630,\"caption\":\"Calian Group\"},\"image\":{\"@id\":\"https:\/\/careers.calian.com\/fr-ca\/#\/schema\/logo\/image\/\"},\"sameAs\":[\"https:\/\/www.facebook.com\/CalianGroup\/\",\"https:\/\/x.com\/CalianGroup\"]}]}<\/script>\n<!-- \/ Yoast SEO plugin. -->","yoast_head_json":{"title":"BFC Borden - Calian Careers","robots":{"index":"index","follow":"follow","max-snippet":"max-snippet:-1","max-image-preview":"max-image-preview:large","max-video-preview":"max-video-preview:-1"},"canonical":"https:\/\/careers.calian.com\/fr-ca\/bfc-borden\/","og_locale":"fr_CA","og_type":"article","og_title":"BFC Borden - Calian Careers","og_description":"Faites le pas vers une carri\u00e8re \u00e9panouissante \u00e0 la BFC Borden Si vous \u00eates en transition militaire ou que vous recherchez une carri\u00e8re civile enrichissante dans un environnement dynamique et favorable, la BFC Borden peut \u00eatre l&#8217;endroit id\u00e9al pour vous. Des postes sont disponibles pour ceux ayant une exp\u00e9rience militaire et civile, \u00e0 temps plein, \u00e0 temps partiel et en &hellip;","og_url":"https:\/\/careers.calian.com\/fr-ca\/bfc-borden\/","og_site_name":"Calian Careers","article_publisher":"https:\/\/www.facebook.com\/CalianGroup\/","article_modified_time":"2024-01-16T20:55:41+00:00","og_image":[{"url":"https:\/\/sites.calian.com\/app\/uploads\/sites\/3\/2023\/05\/civilian-shoes.jpg","type":"","width":"","height":""}],"twitter_card":"summary_large_image","twitter_site":"@CalianGroup","twitter_misc":{"Est. reading time":"2 minutes"},"schema":{"@context":"https:\/\/schema.org","@graph":[{"@type":"WebPage","@id":"https:\/\/careers.calian.com\/fr-ca\/bfc-borden\/","url":"https:\/\/careers.calian.com\/fr-ca\/bfc-borden\/","name":"BFC Borden - Calian Careers","isPartOf":{"@id":"https:\/\/careers.calian.com\/fr-ca\/#website"},"primaryImageOfPage":{"@id":"https:\/\/careers.calian.com\/fr-ca\/bfc-borden\/#primaryimage"},"image":{"@id":"https:\/\/careers.calian.com\/fr-ca\/bfc-borden\/#primaryimage"},"thumbnailUrl":"https:\/\/sites.calian.com\/app\/uploads\/sites\/3\/2023\/05\/civilian-shoes.jpg","datePublished":"2023-05-03T01:12:38+00:00","dateModified":"2024-01-16T20:55:41+00:00","inLanguage":"fr-CA","potentialAction":[{"@type":"ReadAction","target":["https:\/\/careers.calian.com\/fr-ca\/bfc-borden\/"]}]},{"@type":"ImageObject","inLanguage":"fr-CA","@id":"https:\/\/careers.calian.com\/fr-ca\/bfc-borden\/#primaryimage","url":"https:\/\/sites.calian.com\/app\/uploads\/sites\/3\/2023\/05\/civilian-shoes.jpg","contentUrl":"https:\/\/sites.calian.com\/app\/uploads\/sites\/3\/2023\/05\/civilian-shoes.jpg"},{"@type":"WebSite","@id":"https:\/\/careers.calian.com\/fr-ca\/#website","url":"https:\/\/careers.calian.com\/fr-ca\/","name":"Calian Careers","description":"We are looking for world-class talent to help the world communicate, innovate, learn and lead safe and healthy lives.","publisher":{"@id":"https:\/\/careers.calian.com\/fr-ca\/#organization"},"potentialAction":[{"@type":"SearchAction","target":{"@type":"EntryPoint","urlTemplate":"https:\/\/careers.calian.com\/fr-ca\/?s={search_term_string}"},"query-input":{"@type":"PropertyValueSpecification","valueRequired":true,"valueName":"search_term_string"}}],"inLanguage":"fr-CA"},{"@type":"Organization","@id":"https:\/\/careers.calian.com\/fr-ca\/#organization","name":"Calian Group","url":"https:\/\/careers.calian.com\/fr-ca\/","logo":{"@type":"ImageObject","inLanguage":"fr-CA","@id":"https:\/\/careers.calian.com\/fr-ca\/#\/schema\/logo\/image\/","url":"https:\/\/sites.calian.com\/app\/uploads\/sites\/3\/2023\/06\/og-logo-calian.webp","contentUrl":"https:\/\/sites.calian.com\/app\/uploads\/sites\/3\/2023\/06\/og-logo-calian.webp","width":1200,"height":630,"caption":"Calian Group"},"image":{"@id":"https:\/\/careers.calian.com\/fr-ca\/#\/schema\/logo\/image\/"},"sameAs":["https:\/\/www.facebook.com\/CalianGroup\/","https:\/\/x.com\/CalianGroup"]}]}},"_links":{"self":[{"href":"https:\/\/careers.calian.com\/fr-ca\/wp-json\/wp\/v2\/pages\/3537","targetHints":{"allow":["GET"]}}],"collection":[{"href":"https:\/\/careers.calian.com\/fr-ca\/wp-json\/wp\/v2\/pages"}],"about":[{"href":"https:\/\/careers.calian.com\/fr-ca\/wp-json\/wp\/v2\/types\/page"}],"author":[{"embeddable":true,"href":"https:\/\/careers.calian.com\/fr-ca\/wp-json\/wp\/v2\/users\/5"}],"replies":[{"embeddable":true,"href":"https:\/\/careers.calian.com\/fr-ca\/wp-json\/wp\/v2\/comments?post=3537"}],"version-history":[{"count":8,"href":"https:\/\/careers.calian.com\/fr-ca\/wp-json\/wp\/v2\/pages\/3537\/revisions"}],"predecessor-version":[{"id":16501,"href":"https:\/\/careers.calian.com\/fr-ca\/wp-json\/wp\/v2\/pages\/3537\/revisions\/16501"}],"wp:attachment":[{"href":"https:\/\/careers.calian.com\/fr-ca\/wp-json\/wp\/v2\/media?parent=3537"}],"wp:term":[{"taxonomy":"solution","embeddable":true,"href":"https:\/\/careers.calian.com\/fr-ca\/wp-json\/wp\/v2\/solution?post=3537"},{"taxonomy":"industry","embeddable":true,"href":"https:\/\/careers.calian.com\/fr-ca\/wp-json\/wp\/v2\/industry?post=3537"},{"taxonomy":"type_classification","embeddable":true,"href":"https:\/\/careers.calian.com\/fr-ca\/wp-json\/wp\/v2\/type_classification?post=3537"}],"curies":[{"name":"wp","href":"https:\/\/api.w.org\/{rel}","templated":true}]}}