{"id":3515,"date":"2023-05-12T18:46:05","date_gmt":"2023-05-12T22:46:05","guid":{"rendered":"https:\/\/careers.calian.com\/entreprise\/"},"modified":"2024-02-20T11:32:18","modified_gmt":"2024-02-20T16:32:18","slug":"entreprise","status":"publish","type":"page","link":"https:\/\/careers.calian.com\/fr-ca\/entreprise\/","title":{"rendered":"Entreprise"},"content":{"rendered":"\n<div class=\"tbk-hydrate-component\" data-cid=\"7ba6d4c7-499b-4ce6-b64e-948b9b178a77\" data-component=\"Hero\"><section class=\"calian-hero d-flex h-100 position-relative overflow-hidden nav-indent wp-block-calian-com-components-calian-hero media-position-split has-split-image pb-5 pb-lg-0 overlay-solid\"><div class=\"container\"><div class=\"row\"><div class=\"calian-hero__content d-flex col-lg flex-column pb-3 justify-content-center has-breadcrumbs text-left\"><div class=\"calian-hero__copy-wrapper\"><h1 class=\"calian-hero__heading\">Rejoignez notre \u00e9quipe corporative Calian<\/h1><div class=\"calian-hero__text mt-2\">Notre \u00e9quipe corporative soutient et alimente nos quatre unit\u00e9s commerciales : Sant\u00e9, Solutions de TI et cybersolutions, Apprentissage et Technologies avanc\u00e9es. <\/div><\/div><div class=\"calian-hero__breadcrumbs mt-auto mb-0 pt-lg-4 pt-3 pb-lg-0 pb-md-3 pb-1\"><nav aria-label=\"breadcrumb\" class=\"breadcrumb-container\"><ol class=\"breadcrumb\"><li class=\"breadcrumb-item\"><a href=\"https:\/\/www.calian.com\" class=\"breadcrumb-item-link\">Home<\/a><\/li><li class=\"breadcrumb-item\"><a href=\"https:\/\/www.calian.com\/accessibility-policy\/\" class=\"breadcrumb-item-link\">Accessibility Policy<\/a><\/li><li class=\"breadcrumb-item\" aria-current=\"page\">Privacy Statement<\/li><\/ol><\/nav><\/div><\/div><div class=\"calian-hero__media col-md w-100 h-100 pt-lg-5 mt-lg-3 media-style-split\"><div class=\"media-wrapper ps-lg-5 pb-3 pb-lg-0 ml-auto mr-0 w-100 h-100\"><div class=\"advanced-image w-100 h-100\"><img loading=\"lazy\" decoding=\"async\" src=\"https:\/\/sites.calian.com\/app\/uploads\/sites\/3\/2023\/04\/iStock-1373240838-1-1024x683.jpg\" alt=\"\" width=\"1024\" height=\"683\" class=\"calian-hero__image\"\/><\/div><\/div><\/div><\/div><\/div><div class=\"calian-hero__overlay overlay-solid position-absolute w-100 top-0 start-0 has-image\"><\/div><span><\/span><\/section><\/div>\n\n\n\n<div class=\"tbk-hydrate-component\" data-cid=\"2093252d-79b6-474a-b609-ddbfd0a2aa43\" data-component=\"Spacer\"><div class=\"calian-spacer calian-spacer--small wp-block-calian-com-components-calian-spacer\"><\/div><\/div>\n\n\n\n<div class=\"tbk-hydrate-component\" data-cid=\"834e3713-3d57-428d-b254-d879880a4254\" data-component=\"StatsBar\"><div class=\"calian-stats-bar theme-dark\"><div class=\"container-fluid layout-simple\"><div class=\"row mw-1830px mx-auto\"><div class=\"col-12 col-sm col-lg\"><div class=\"stat\"><span class=\"stat-count\"><span class=\"stat-count__number fs-4 fw-bolder ls-0\">4500<\/span><\/span><span class=\"stat-text fs-4 fw-light ls-0 lh-1\">personnes du monde entier<\/span><\/div><\/div><div class=\"col-12 col-sm col-lg\"><div class=\"stat\"><span class=\"stat-count\"><span class=\"stat-count__prefix fs-4 fw-bolder ls-0\">$<\/span><span class=\"stat-count__number fs-4 fw-bolder ls-0\">650<\/span><span class=\"stat-count__suffix fs-4 fw-bolder ls-0\">K<\/span><\/span><span class=\"stat-text fs-4 fw-light ls-0 lh-1\">dans les dons d&#x27;entreprise<\/span><\/div><\/div><div class=\"col-12 col-sm col-lg\"><div class=\"stat\"><span class=\"stat-count\"><span class=\"stat-count__number fs-4 fw-bolder ls-0\">17<\/span><\/span><span class=\"stat-text fs-4 fw-light ls-0 lh-1\">emplacements \u00e0 travers le monde<\/span><\/div><\/div><\/div><\/div><\/div><\/div>\n\n\n\n<div class=\"tbk-hydrate-component\" data-cid=\"5768c6eb-2681-4cd5-9ad4-c8d105c8b00f\" data-component=\"Spacer\"><div class=\"calian-spacer calian-spacer--medium wp-block-calian-com-components-calian-spacer\"><\/div><\/div>\n\n\n\n<div class=\"tbk-hydrate-component\" data-cid=\"c6a5870a-d6de-458b-872f-0d623a4039ba\" data-component=\"AlternatingTextAndImages\"><div class=\"calian-alternating-text-and-images overflow-hidden wp-block-calian-com-components-calian-alternating-text-and-images\"><div class=\"calian-alternating-text-and-images__container container-fluid\"><div class=\"\"><div class=\"row gx-md-6 justify-content-lg-start justify-content-lg-start mb-3 mb-md-9\"><div class=\"col-12 col-md mb-3\"><img loading=\"lazy\" decoding=\"async\" src=\"https:\/\/sites.calian.com\/app\/uploads\/sites\/3\/2023\/04\/Calian-women-in-STEM-have-an-equal-seat-at-the-table.png\" alt=\"\" width=\"462\" height=\"322\" class=\"rounded-5 img-fluid w-100 h-250px h-md-373px object-fit-cover\"\/><\/div><div class=\"col-12 col-md\"><h3>Calian influence l\u2019avenir<\/h3><div class=\"calian-alternating-text-and-images__text mb-3\">Nous avons une large gamme d&#8217;opportunit\u00e9s pour vous au sein de notre \u00e9quipe interne, du niveau d\u00e9butant \u00e0 celui de cadre, dans les domaines suivants :<\/p>\n<ul>\n  <li>Finance et comptabilit\u00e9<\/li>\n  <li>Ressources humaines <\/li>\n  <li>Marketing <\/li>\n  <li>Administration <\/li>\n  <li>Vente et d\u00e9veloppement des affaires <\/li>\n  <li>Op\u00e9rations <\/li>\n  <li>Juridique <\/li>\n  <li>Syst\u00e8mes d&#8217;information et technologie de l&#8217;information<\/li>\n<\/ul><\/div><div class=\"calian-alternating-text-and-images__ctas mb-3 d-flex flex-wrap gap-3\"><\/div><\/div><\/div><div class=\"row gx-md-6 flex-row-reverse justify-content-lg-between justify-content-lg-start mb-3 mb-md-9\"><div class=\"col-12 col-md mb-3\"><img loading=\"lazy\" decoding=\"async\" src=\"https:\/\/sites.calian.com\/app\/uploads\/sites\/3\/2023\/04\/Calian-ESG-Social-1.png\" alt=\"\" width=\"468\" height=\"553\" class=\"rounded-5 img-fluid w-100 h-250px h-md-373px object-fit-cover\"\/><\/div><div class=\"col-12 col-md\"><h3>Avantages de travailler dans l&#x27;\u00e9quipe corporative<\/h3><div class=\"calian-alternating-text-and-images__text mb-3\"><ul>\n  <li>Flexibilit\u00e9<\/li>\n  <li>De nombreuses opportunit\u00e9s hybrides\/t\u00e9l\u00e9travail<\/li>\n  <li>Un bureau \u00e0 la fine pointe de la technologie \u00e0 Ottawa<\/li>\n  <li>Travailler avec une \u00e9quipe diversifi\u00e9e et inclusive<\/li>\n  <li>R\u00e9aliser un travail significatif qui soutient l&#8217;ensemble de l&#8217;entreprise<\/li>\n<\/ul><\/div><div class=\"calian-alternating-text-and-images__ctas mb-3 d-flex flex-wrap gap-3\"><\/div><\/div><\/div><div class=\"row gx-md-6 justify-content-lg-start justify-content-lg-start\"><div class=\"col-12 col-md mb-3\"><img loading=\"lazy\" decoding=\"async\" src=\"https:\/\/sites.calian.com\/app\/uploads\/sites\/3\/2023\/03\/Screen-Shot-2023-03-30-at-1.00.36-PM.png\" alt=\"\" width=\"361\" height=\"272\" class=\"rounded-5 img-fluid w-100 h-250px h-md-373px object-fit-cover\"\/><\/div><div class=\"col-12 col-md\"><h3>Opportunit\u00e9s de croissance<\/h3><div class=\"calian-alternating-text-and-images__text mb-3\">Chez Calian, notre organisation dynamique en pleine croissance offre de nombreuses opportunit\u00e9s d&#8217;avancement professionnel. Nous avons une \u00e9quipe des ressources humaines d\u00e9vou\u00e9e et pratique, ainsi qu&#8217;une direction bienveillante que vous pouvez consulter. Nous vous encourageons \u00e0 discuter ouvertement de vos ambitions professionnelles et \u00e0 postuler aux postes qui vous int\u00e9ressent. Nous vous valorisons \u2013 votre succ\u00e8s est notre succ\u00e8s!&nbsp;<\/div><div class=\"calian-alternating-text-and-images__ctas mb-3 d-flex flex-wrap gap-3\"><\/div><\/div><\/div><\/div><\/div><\/div><\/div>\n\n\n\n<div class=\"tbk-hydrate-component\" data-cid=\"5768c6eb-2681-4cd5-9ad4-c8d105c8b00f\" data-component=\"Spacer\"><div class=\"calian-spacer calian-spacer--medium wp-block-calian-com-components-calian-spacer\"><\/div><\/div>\n\n\n\n<div class=\"tbk-hydrate-component\" data-cid=\"70fb7c01-6e6a-4359-8abf-4e7aeea90150\" data-component=\"TestimonialCarousel\"><div><div class=\"d-flex justify-content-center p-1\"><div class=\"spinner-border text-primary \" role=\"status\" style=\"width:3rem;height:3rem\"><span class=\"visually-hidden\">Loading&#8230;<\/span><\/div><\/div><\/div><\/div>\n\n\n\n<div class=\"tbk-hydrate-component\" data-cid=\"5768c6eb-2681-4cd5-9ad4-c8d105c8b00f\" data-component=\"Spacer\"><div class=\"calian-spacer calian-spacer--medium wp-block-calian-com-components-calian-spacer\"><\/div><\/div>\n\n\n\n<div class=\"tbk-hydrate-component\" data-cid=\"32101eaa-ae6c-4ddb-871a-cabe634e0cac\" data-component=\"CTABar\"><div class=\"calian-cta-bar theme-dark\"><div class=\"calian-cta-bar__container container-fluid\"><div class=\"calian-cta-bar__vertical container-fluid position-relative\"><div class=\"row\"><div class=\"calian-cta-bar__vertical--content col-12\"><h2 class=\"calian-cta-bar__vertical--heading\">Le saviez-vous?<\/h2><div class=\"calian-cta-bar__vertical--description\"> Calian a \u00e9t\u00e9 incluse dans la liste <em>Forbes<\/em> <strong>des meilleurs employeurs au Canada en 2022.<\/strong> <\/div><div class=\"calian-cta-bar__vertical--buttons\"><a href=\"#calian-career-group\" class=\"btn btn-primary\">Explorez les opportunit\u00e9s de carri\u00e8re <\/a><\/div><\/div><\/div><\/div><\/div><\/div><\/div>\n\n\n\n<div class=\"tbk-hydrate-component\" data-cid=\"5768c6eb-2681-4cd5-9ad4-c8d105c8b00f\" data-component=\"Spacer\"><div class=\"calian-spacer calian-spacer--medium wp-block-calian-com-components-calian-spacer\"><\/div><\/div>\n\n\n\n<div class=\"tbk-hydrate-component\" data-cid=\"97a33c22-9bfb-463d-a55f-25b8ca8e4065\" data-component=\"CareersLocationFooter\"><div><div class=\"d-flex justify-content-center p-1\"><div class=\"spinner-border text-primary \" role=\"status\" style=\"width:3rem;height:3rem\"><span class=\"visually-hidden\">Loading&#8230;<\/span><\/div><\/div><\/div><\/div>\n","protected":false},"excerpt":{"rendered":"<p>Rejoignez notre \u00e9quipe corporative Calian Notre \u00e9quipe corporative soutient et alimente nos quatre unit\u00e9s commerciales : Sant\u00e9, Solutions de TI et cybersolutions, Apprentissage et Technologies avanc\u00e9es. <\/p>\n<li class=\"breadcrumb-item\"> <a href=\"https:\/\/www.calian.com\" class=\"breadcrumb-item-link\"> Home <\/a> <\/li>\n<li class=\"breadcrumb-item\"> <a href=\"https:\/\/www.calian.com\/accessibility-policy\/\" class=\"breadcrumb-item-link\"> Accessibility Policy <\/a> <\/li>\n<li class=\"breadcrumb-item\" aria-current=\"page\"> Privacy Statement <\/li>\n<p> 4500 personnes du monde entier $ 650 K dans les dons &hellip;<\/p>\n","protected":false},"author":5,"featured_media":0,"parent":0,"menu_order":0,"comment_status":"closed","ping_status":"closed","template":"","meta":{"_acf_changed":false,"content-type":"","footnotes":""},"solution":[],"industry":[],"type_classification":[],"class_list":["post-3515","page","type-page","status-publish","hentry"],"acf":[],"yoast_head":"<!-- This site is optimized with the Yoast SEO plugin v26.4 - https:\/\/yoast.com\/wordpress\/plugins\/seo\/ -->\n<title>Entreprise - Calian Careers<\/title>\n<meta name=\"robots\" content=\"index, follow, max-snippet:-1, max-image-preview:large, max-video-preview:-1\" \/>\n<link rel=\"canonical\" href=\"https:\/\/careers.calian.com\/fr-ca\/entreprise\/\" \/>\n<meta property=\"og:locale\" content=\"fr_CA\" \/>\n<meta property=\"og:type\" content=\"article\" \/>\n<meta property=\"og:title\" content=\"Entreprise - Calian Careers\" \/>\n<meta property=\"og:description\" content=\"Rejoignez notre \u00e9quipe corporative Calian Notre \u00e9quipe corporative soutient et alimente nos quatre unit\u00e9s commerciales : Sant\u00e9, Solutions de TI et cybersolutions, Apprentissage et Technologies avanc\u00e9es.  Home   Accessibility Policy  Privacy Statement 4500 personnes du monde entier $ 650 K dans les dons &hellip;\" \/>\n<meta property=\"og:url\" content=\"https:\/\/careers.calian.com\/fr-ca\/entreprise\/\" \/>\n<meta property=\"og:site_name\" content=\"Calian Careers\" \/>\n<meta property=\"article:publisher\" content=\"https:\/\/www.facebook.com\/CalianGroup\/\" \/>\n<meta property=\"article:modified_time\" content=\"2024-02-20T16:32:18+00:00\" \/>\n<meta property=\"og:image\" content=\"https:\/\/sites.calian.com\/app\/uploads\/sites\/3\/2023\/04\/iStock-1373240838-1-1024x683.jpg\" \/>\n<meta name=\"twitter:card\" content=\"summary_large_image\" \/>\n<meta name=\"twitter:site\" content=\"@CalianGroup\" \/>\n<meta name=\"twitter:label1\" content=\"Est. reading time\" \/>\n\t<meta name=\"twitter:data1\" content=\"2 minutes\" \/>\n<script type=\"application\/ld+json\" class=\"yoast-schema-graph\">{\"@context\":\"https:\/\/schema.org\",\"@graph\":[{\"@type\":\"WebPage\",\"@id\":\"https:\/\/careers.calian.com\/fr-ca\/entreprise\/\",\"url\":\"https:\/\/careers.calian.com\/fr-ca\/entreprise\/\",\"name\":\"Entreprise - Calian Careers\",\"isPartOf\":{\"@id\":\"https:\/\/careers.calian.com\/fr-ca\/#website\"},\"primaryImageOfPage\":{\"@id\":\"https:\/\/careers.calian.com\/fr-ca\/entreprise\/#primaryimage\"},\"image\":{\"@id\":\"https:\/\/careers.calian.com\/fr-ca\/entreprise\/#primaryimage\"},\"thumbnailUrl\":\"https:\/\/sites.calian.com\/app\/uploads\/sites\/3\/2023\/04\/iStock-1373240838-1-1024x683.jpg\",\"datePublished\":\"2023-05-12T22:46:05+00:00\",\"dateModified\":\"2024-02-20T16:32:18+00:00\",\"inLanguage\":\"fr-CA\",\"potentialAction\":[{\"@type\":\"ReadAction\",\"target\":[\"https:\/\/careers.calian.com\/fr-ca\/entreprise\/\"]}]},{\"@type\":\"ImageObject\",\"inLanguage\":\"fr-CA\",\"@id\":\"https:\/\/careers.calian.com\/fr-ca\/entreprise\/#primaryimage\",\"url\":\"https:\/\/sites.calian.com\/app\/uploads\/sites\/3\/2023\/04\/iStock-1373240838-1-1024x683.jpg\",\"contentUrl\":\"https:\/\/sites.calian.com\/app\/uploads\/sites\/3\/2023\/04\/iStock-1373240838-1-1024x683.jpg\"},{\"@type\":\"WebSite\",\"@id\":\"https:\/\/careers.calian.com\/fr-ca\/#website\",\"url\":\"https:\/\/careers.calian.com\/fr-ca\/\",\"name\":\"Calian Careers\",\"description\":\"We are looking for world-class talent to help the world communicate, innovate, learn and lead safe and healthy lives.\",\"publisher\":{\"@id\":\"https:\/\/careers.calian.com\/fr-ca\/#organization\"},\"potentialAction\":[{\"@type\":\"SearchAction\",\"target\":{\"@type\":\"EntryPoint\",\"urlTemplate\":\"https:\/\/careers.calian.com\/fr-ca\/?s={search_term_string}\"},\"query-input\":{\"@type\":\"PropertyValueSpecification\",\"valueRequired\":true,\"valueName\":\"search_term_string\"}}],\"inLanguage\":\"fr-CA\"},{\"@type\":\"Organization\",\"@id\":\"https:\/\/careers.calian.com\/fr-ca\/#organization\",\"name\":\"Calian Group\",\"url\":\"https:\/\/careers.calian.com\/fr-ca\/\",\"logo\":{\"@type\":\"ImageObject\",\"inLanguage\":\"fr-CA\",\"@id\":\"https:\/\/careers.calian.com\/fr-ca\/#\/schema\/logo\/image\/\",\"url\":\"https:\/\/sites.calian.com\/app\/uploads\/sites\/3\/2023\/06\/og-logo-calian.webp\",\"contentUrl\":\"https:\/\/sites.calian.com\/app\/uploads\/sites\/3\/2023\/06\/og-logo-calian.webp\",\"width\":1200,\"height\":630,\"caption\":\"Calian Group\"},\"image\":{\"@id\":\"https:\/\/careers.calian.com\/fr-ca\/#\/schema\/logo\/image\/\"},\"sameAs\":[\"https:\/\/www.facebook.com\/CalianGroup\/\",\"https:\/\/x.com\/CalianGroup\"]}]}<\/script>\n<!-- \/ Yoast SEO plugin. -->","yoast_head_json":{"title":"Entreprise - Calian Careers","robots":{"index":"index","follow":"follow","max-snippet":"max-snippet:-1","max-image-preview":"max-image-preview:large","max-video-preview":"max-video-preview:-1"},"canonical":"https:\/\/careers.calian.com\/fr-ca\/entreprise\/","og_locale":"fr_CA","og_type":"article","og_title":"Entreprise - Calian Careers","og_description":"Rejoignez notre \u00e9quipe corporative Calian Notre \u00e9quipe corporative soutient et alimente nos quatre unit\u00e9s commerciales : Sant\u00e9, Solutions de TI et cybersolutions, Apprentissage et Technologies avanc\u00e9es.  Home   Accessibility Policy  Privacy Statement 4500 personnes du monde entier $ 650 K dans les dons &hellip;","og_url":"https:\/\/careers.calian.com\/fr-ca\/entreprise\/","og_site_name":"Calian Careers","article_publisher":"https:\/\/www.facebook.com\/CalianGroup\/","article_modified_time":"2024-02-20T16:32:18+00:00","og_image":[{"url":"https:\/\/sites.calian.com\/app\/uploads\/sites\/3\/2023\/04\/iStock-1373240838-1-1024x683.jpg","type":"","width":"","height":""}],"twitter_card":"summary_large_image","twitter_site":"@CalianGroup","twitter_misc":{"Est. reading time":"2 minutes"},"schema":{"@context":"https:\/\/schema.org","@graph":[{"@type":"WebPage","@id":"https:\/\/careers.calian.com\/fr-ca\/entreprise\/","url":"https:\/\/careers.calian.com\/fr-ca\/entreprise\/","name":"Entreprise - Calian Careers","isPartOf":{"@id":"https:\/\/careers.calian.com\/fr-ca\/#website"},"primaryImageOfPage":{"@id":"https:\/\/careers.calian.com\/fr-ca\/entreprise\/#primaryimage"},"image":{"@id":"https:\/\/careers.calian.com\/fr-ca\/entreprise\/#primaryimage"},"thumbnailUrl":"https:\/\/sites.calian.com\/app\/uploads\/sites\/3\/2023\/04\/iStock-1373240838-1-1024x683.jpg","datePublished":"2023-05-12T22:46:05+00:00","dateModified":"2024-02-20T16:32:18+00:00","inLanguage":"fr-CA","potentialAction":[{"@type":"ReadAction","target":["https:\/\/careers.calian.com\/fr-ca\/entreprise\/"]}]},{"@type":"ImageObject","inLanguage":"fr-CA","@id":"https:\/\/careers.calian.com\/fr-ca\/entreprise\/#primaryimage","url":"https:\/\/sites.calian.com\/app\/uploads\/sites\/3\/2023\/04\/iStock-1373240838-1-1024x683.jpg","contentUrl":"https:\/\/sites.calian.com\/app\/uploads\/sites\/3\/2023\/04\/iStock-1373240838-1-1024x683.jpg"},{"@type":"WebSite","@id":"https:\/\/careers.calian.com\/fr-ca\/#website","url":"https:\/\/careers.calian.com\/fr-ca\/","name":"Calian Careers","description":"We are looking for world-class talent to help the world communicate, innovate, learn and lead safe and healthy lives.","publisher":{"@id":"https:\/\/careers.calian.com\/fr-ca\/#organization"},"potentialAction":[{"@type":"SearchAction","target":{"@type":"EntryPoint","urlTemplate":"https:\/\/careers.calian.com\/fr-ca\/?s={search_term_string}"},"query-input":{"@type":"PropertyValueSpecification","valueRequired":true,"valueName":"search_term_string"}}],"inLanguage":"fr-CA"},{"@type":"Organization","@id":"https:\/\/careers.calian.com\/fr-ca\/#organization","name":"Calian Group","url":"https:\/\/careers.calian.com\/fr-ca\/","logo":{"@type":"ImageObject","inLanguage":"fr-CA","@id":"https:\/\/careers.calian.com\/fr-ca\/#\/schema\/logo\/image\/","url":"https:\/\/sites.calian.com\/app\/uploads\/sites\/3\/2023\/06\/og-logo-calian.webp","contentUrl":"https:\/\/sites.calian.com\/app\/uploads\/sites\/3\/2023\/06\/og-logo-calian.webp","width":1200,"height":630,"caption":"Calian Group"},"image":{"@id":"https:\/\/careers.calian.com\/fr-ca\/#\/schema\/logo\/image\/"},"sameAs":["https:\/\/www.facebook.com\/CalianGroup\/","https:\/\/x.com\/CalianGroup"]}]}},"_links":{"self":[{"href":"https:\/\/careers.calian.com\/fr-ca\/wp-json\/wp\/v2\/pages\/3515","targetHints":{"allow":["GET"]}}],"collection":[{"href":"https:\/\/careers.calian.com\/fr-ca\/wp-json\/wp\/v2\/pages"}],"about":[{"href":"https:\/\/careers.calian.com\/fr-ca\/wp-json\/wp\/v2\/types\/page"}],"author":[{"embeddable":true,"href":"https:\/\/careers.calian.com\/fr-ca\/wp-json\/wp\/v2\/users\/5"}],"replies":[{"embeddable":true,"href":"https:\/\/careers.calian.com\/fr-ca\/wp-json\/wp\/v2\/comments?post=3515"}],"version-history":[{"count":20,"href":"https:\/\/careers.calian.com\/fr-ca\/wp-json\/wp\/v2\/pages\/3515\/revisions"}],"predecessor-version":[{"id":18487,"href":"https:\/\/careers.calian.com\/fr-ca\/wp-json\/wp\/v2\/pages\/3515\/revisions\/18487"}],"wp:attachment":[{"href":"https:\/\/careers.calian.com\/fr-ca\/wp-json\/wp\/v2\/media?parent=3515"}],"wp:term":[{"taxonomy":"solution","embeddable":true,"href":"https:\/\/careers.calian.com\/fr-ca\/wp-json\/wp\/v2\/solution?post=3515"},{"taxonomy":"industry","embeddable":true,"href":"https:\/\/careers.calian.com\/fr-ca\/wp-json\/wp\/v2\/industry?post=3515"},{"taxonomy":"type_classification","embeddable":true,"href":"https:\/\/careers.calian.com\/fr-ca\/wp-json\/wp\/v2\/type_classification?post=3515"}],"curies":[{"name":"wp","href":"https:\/\/api.w.org\/{rel}","templated":true}]}}