{"id":3494,"date":"2023-02-08T21:16:12","date_gmt":"2023-02-09T02:16:12","guid":{"rendered":"https:\/\/careers.calian.com\/accueil\/"},"modified":"2026-02-10T13:17:47","modified_gmt":"2026-02-10T18:17:47","slug":"home","status":"publish","type":"page","link":"https:\/\/careers.calian.com\/fr-ca\/","title":{"rendered":"Accueil"},"content":{"rendered":"\n<div class=\"tbk-hydrate-component\" data-cid=\"1d6f6df1-4831-4d08-a10e-eff2d58c5cc0\" data-component=\"CareersHeroArea\"><div class=\"calian-careers-hero-area wp-block-calian-com-components-calian-careers-hero-area\"><div class=\"calian-careers-hero-area__container container-fluid\"><div class=\"row\"><div class=\"col-12\"><div class=\"calian-careers-hero-area__content\"><p class=\"calian-careers-hero-area__tagline\"><span><strong>210+<\/strong> jobs in <strong>81+<\/strong> locations<\/span><\/p><h1 class=\"calian-careers-hero-area__heading\"><span>Nous recherchons des <strong>talents de<\/strong> <strong>classe mondiale<\/strong> pour aider le monde \u00e0 <strong>communiquer, innover, apprendre et mener une vie s\u00fbre et saine.<\/strong><\/span><\/h1><\/div><\/div><div class=\"col-12\"><form class=\"calian-careers-hero-area__filter-bar\" action=\"\"><div class=\"calian-careers-hero-area__form d-flex\"><div class=\"calian-careers-hero-area__form--search-input\"><label for=\"search\" class=\"visually-hidden\">Search<\/label><input type=\"text\" class=\"form-control\" id=\"search\" placeholder=\"Search jobs and keywords\" value=\"\"\/><\/div><div class=\"calian-careers-hero-area__form--select\"><label for=\"department\" class=\"visually-hidden\">Department<\/label><\/div><div class=\"calian-careers-hero-area__form--select\"><label for=\"location\" class=\"visually-hidden\">Location<\/label><\/div><div class=\"calian-careers-hero-area__form--submit\"><button type=\"submit\" class=\"btn btn-primary\">Go<\/button><\/div><\/div><\/form><\/div><\/div><\/div><\/div><\/div>\n\n\n\n<div class=\"tbk-hydrate-component\" data-cid=\"7101fb2e-5856-4394-84ba-da1fa531393b\" data-component=\"Spacer\"><div class=\"calian-spacer calian-spacer--medium wp-block-calian-com-components-calian-spacer\"><\/div><\/div>\n\n\n\n<div class=\"tbk-hydrate-component\" data-cid=\"c479aed9-edcf-45c2-81eb-530bbf0f9693\" data-component=\"HorizontalSplitTextSingleFeatureImage\"><div class=\"calian-horizontal-split-text-single-feature-image wp-block-calian-com-components-calian-horizontal-split-text-single-feature-image\"><div class=\"calian-horizontal-split-text-single-feature-image__container container-fluid\"><div class=\"row\"><div class=\"calian-horizontal-split-text-single-feature-image__left col-12 col-lg-6\"><div class=\"calian-horizontal-split-text-single-feature-image__image\"><img decoding=\"async\" src=\"https:\/\/sites.calian.com\/app\/dist\/CalianHorizontalSplitTextSingleFeatureImage-PlaceholderOne-3WE2OCGJ.png\" alt=\"\" width=\"602\" height=\"482\" class=\"img-fluid\" loading=\"lazy\"\/><\/div><\/div><div class=\"calian-horizontal-split-text-single-feature-image__right col-12 col-lg-6\"><h2 class=\"calian-horizontal-split-text-single-feature-image__heading\">Une entreprise \u2014 une grande mission<\/h2><p class=\"calian-horizontal-split-text-single-feature-image__sub-heading\"><span>Une main-d\u2019\u0153uvre talentueuse et d\u00e9vou\u00e9e de <strong>6 500 personnes<\/strong> \u00e0 travers le monde.&nbsp;<\/span><\/p><p class=\"calian-horizontal-split-text-single-feature-image__description\">Depuis plus de 40 ans, Calian r\u00e9sout les d\u00e9fis les plus complexes du monde en associant les esprits les plus brillants \u00e0 une technologie puissante. Les solutions de Calian ont un impact sur le monde entier, des satellites dans l\u2019espace qui nous connectent aux fermes qui nous nourrissent, des professionnels de la sant\u00e9 qui prennent soin de nous aux gouvernements, aux \u00e9coles et aux entreprises qui rendent le monde meilleur chaque jour.<\/p><a href=\"https:\/\/careers.calian.com\/fr-ca\/la-vie-a-calian\/\" class=\"btn btn-primary calian-horizontal-split-text-single-feature-image__cta-button\">Votre vie chez Calian<\/a><\/div><\/div><\/div><\/div><\/div>\n\n\n\n<div class=\"tbk-hydrate-component\" data-cid=\"c1140a78-3d03-4e8d-8af7-b583d34c0ae2\" data-component=\"Spacer\"><div class=\"calian-spacer calian-spacer--large wp-block-calian-com-components-calian-spacer\"><\/div><\/div>\n\n\n\n<div class=\"tbk-hydrate-component\" data-cid=\"cf2b508d-6ad3-4218-bdcf-8a055ca3a07a\" data-component=\"VerticalTextGalleryFeature\"><div class=\"calian-vertical-text-gallery-feature overflow-hidden 0 theme-light\"><div class=\"calian-vertical-text-gallery-feature__container container-fluid\"><div class=\"calian-vertical-text-gallery-feature__top-content row\"><div class=\"calian-vertical-text-gallery-feature__top-content--left col-12 col-lg-6\"><h2 class=\"calian-vertical-text-gallery-feature__heading\">L&#x27;inclusion pour tous <\/h2><div class=\"calian-vertical-text-gallery-feature__description\">Calian est un employeur inclusif et nous nous soucions de votre exp\u00e9rience et de vos comp\u00e9tences. Nous appr\u00e9cions votre passion pour aider le monde \u00e0 communiquer, innover et mener une vie s\u00fbre et saine.<\/div><\/div><div class=\"calian-vertical-text-gallery-feature__top-content--right col-12 col-lg-6\"><\/div><\/div><div class=\"row\"><div class=\"col-12\"><div class=\"calian-vertical-text-gallery-feature__image-container\"><div class=\"calian-vertical-text-gallery-feature__image-one\"><img decoding=\"async\" src=\"https:\/\/sites.calian.com\/app\/uploads\/sites\/3\/2023\/05\/iStock-1424200763-1024x654.jpg\" alt=\"\" width=\"1024\" height=\"654\" class=\"img-fluid\" loading=\"lazy\"\/><\/div><div class=\"calian-vertical-text-gallery-feature__image-two\"><img decoding=\"async\" src=\"https:\/\/sites.calian.com\/app\/uploads\/sites\/3\/2023\/05\/iStock-1200912710-1024x683.jpg\" alt=\"\" width=\"1024\" height=\"683\" class=\"img-fluid\" loading=\"lazy\"\/><\/div><div class=\"calian-vertical-text-gallery-feature__image-three\"><img decoding=\"async\" src=\"https:\/\/sites.calian.com\/app\/uploads\/sites\/3\/2023\/05\/iStock-1368665540-1024x771.jpg\" alt=\"\" width=\"1024\" height=\"771\" class=\"img-fluid\" loading=\"lazy\"\/><\/div><\/div><\/div><\/div><\/div><\/div><\/div>\n\n\n\n<div class=\"tbk-hydrate-component\" data-cid=\"c1140a78-3d03-4e8d-8af7-b583d34c0ae2\" data-component=\"Spacer\"><div class=\"calian-spacer calian-spacer--large wp-block-calian-com-components-calian-spacer\"><\/div><\/div>\n\n\n\n<div class=\"tbk-hydrate-component\" data-cid=\"5e296c54-075c-46ee-9d4b-e7fd6dc0f223\" data-component=\"CareersLocationTile\"><div class=\"calian-location-tile wp-block-calian-com-components-calian-careers-location-tile\"><div class=\"calian-location-tile__container\"><div class=\"calian-location-tile__lead-in row\"><div class=\"col-12 col-xl-5\"><h2 class=\"calian-location-tile__lead-in--heading\">Notre communaut\u00e9 mondiale<\/h2><\/div><div class=\"col-12 col-xl-7\"><div class=\"calian-location-tile__lead-in--text\"><p>Peu importe o\u00f9 vous choisirez de travailler, vous serez un membre appr\u00e9ci\u00e9 de la communaut\u00e9 mondiale de Calian. Vous recevrez le soutien et l&#8217;\u00e9quipement dont vous aurez besoin pour collaborer et vous developper. Avec des bureaux et des postes \u00e0 distance, trouvez la prochaine \u00e9tape qui vous convient. <\/p><\/div><\/div><\/div><h3 class=\"calian-location-tile__heading\">Canada<\/h3><ul class=\"calian-location-tile__items\"><li class=\"calian-location-tile__item\"><a class=\"calian-location-tile__item-wrapper\" href=\"https:\/\/careers.calian.com\/fr-ca\/careers\/#!location=alberta-fr-ca\" target=\"_self\" rel=\"noopener\"><h4 class=\"calian-location-tile__tile-heading\">Alberta<\/h4><div class=\"calian-location-tile__tile-text\"><p><strong>0<\/strong> emplois dans <strong>5<\/strong> cat\u00e9gories<\/p><\/div><\/a><\/li><li class=\"calian-location-tile__item\"><a class=\"calian-location-tile__item-wrapper\" href=\"https:\/\/careers.calian.com\/fr-ca\/careers\/#!location=colombie-britannique\" target=\"_self\" rel=\"noopener\"><h4 class=\"calian-location-tile__tile-heading\">Colombie-Britannique<\/h4><div class=\"calian-location-tile__tile-text\"><p><strong>0<\/strong> emplois dans <strong>5<\/strong> cat\u00e9gories<\/p><\/div><\/a><\/li><li class=\"calian-location-tile__item\"><a class=\"calian-location-tile__item-wrapper\" href=\"https:\/\/careers.calian.com\/fr-ca\/careers\/#!location=manitoba-fr-ca\" target=\"_self\" rel=\"noopener\"><h4 class=\"calian-location-tile__tile-heading\">Manitoba<\/h4><div class=\"calian-location-tile__tile-text\"><p><strong>0<\/strong> emplois dans <strong>4<\/strong> cat\u00e9gories<\/p><\/div><\/a><\/li><li class=\"calian-location-tile__item\"><a class=\"calian-location-tile__item-wrapper\" href=\"https:\/\/careers.calian.com\/fr-ca\/careers\/#!location=nouveau-brunswick\" target=\"_self\" rel=\"noopener\"><h4 class=\"calian-location-tile__tile-heading\">Nouveau-Brunswick<\/h4><div class=\"calian-location-tile__tile-text\"><p><strong>0<\/strong> emplois dans <strong>4<\/strong> cat\u00e9gories<\/p><\/div><\/a><\/li><li class=\"calian-location-tile__item\"><a class=\"calian-location-tile__item-wrapper\" href=\"https:\/\/careers.calian.com\/fr-ca\/careers\/#!location=terre-neuve-et-labrador\" target=\"_self\" rel=\"noopener\"><h4 class=\"calian-location-tile__tile-heading\">Terre-Neuve-et-Labrador<\/h4><div class=\"calian-location-tile__tile-text\"><p><strong>0<\/strong> emplois dans <strong>2<\/strong> cat\u00e9gories<\/p><\/div><\/a><\/li><li class=\"calian-location-tile__item\"><a class=\"calian-location-tile__item-wrapper\" href=\"https:\/\/careers.calian.com\/fr-ca\/careers\/#!location=territoires-du-nord-ouest\" target=\"_self\" rel=\"noopener\"><h4 class=\"calian-location-tile__tile-heading\">Territoires du Nord-Ouest<\/h4><div class=\"calian-location-tile__tile-text\"><p><strong>0<\/strong> emplois dans <strong>2<\/strong> cat\u00e9gories<\/p><\/div><\/a><\/li><li class=\"calian-location-tile__item\"><a class=\"calian-location-tile__item-wrapper\" href=\"https:\/\/careers.calian.com\/fr-ca\/careers\/#!location=nouvelle-ecosse\" target=\"_self\" rel=\"noopener\"><h4 class=\"calian-location-tile__tile-heading\">Nouvelle-\u00c9cosse<\/h4><div class=\"calian-location-tile__tile-text\"><p><strong>0<\/strong> emplois dans <strong>5<\/strong> cat\u00e9gories<\/p><\/div><\/a><\/li><li class=\"calian-location-tile__item\"><a class=\"calian-location-tile__item-wrapper\" href=\"https:\/\/careers.calian.com\/fr-ca\/careers\/#!location=on\" target=\"_self\" rel=\"noopener\"><h4 class=\"calian-location-tile__tile-heading\">Ontario<\/h4><div class=\"calian-location-tile__tile-text\"><p><strong>0<\/strong> emplois dans <strong>12<\/strong> cat\u00e9gories<\/p><\/div><\/a><\/li><li class=\"calian-location-tile__item\"><a class=\"calian-location-tile__item-wrapper\" href=\"https:\/\/careers.calian.com\/fr-ca\/careers\/#!location=ile-du-prince-edouard\" target=\"_self\" rel=\"noopener\"><h4 class=\"calian-location-tile__tile-heading\">\u00cele-du-Prince-\u00c9douard<\/h4><div class=\"calian-location-tile__tile-text\"><p><strong>0<\/strong> emplois dans <strong>2<\/strong> cat\u00e9gories<\/p><\/div><\/a><\/li><li class=\"calian-location-tile__item\"><a class=\"calian-location-tile__item-wrapper\" href=\"https:\/\/careers.calian.com\/fr-ca\/careers\/#!location=quebec-fr-ca\" target=\"_self\" rel=\"noopener\"><h4 class=\"calian-location-tile__tile-heading\">Qu\u00e9bec<\/h4><div class=\"calian-location-tile__tile-text\"><p><strong>0<\/strong> emplois dans <strong>6<\/strong> cat\u00e9gories<\/p><\/div><\/a><\/li><li class=\"calian-location-tile__item\"><a class=\"calian-location-tile__item-wrapper\" href=\"https:\/\/careers.calian.com\/fr-ca\/careers\/#!location=saskatchewan-fr-ca\" target=\"_self\" rel=\"noopener\"><h4 class=\"calian-location-tile__tile-heading\">Saskatchewan<\/h4><div class=\"calian-location-tile__tile-text\"><p><strong>0<\/strong> emplois dans <strong>5<\/strong> cat\u00e9gories<\/p><\/div><\/a><\/li><li class=\"calian-location-tile__item\"><a class=\"calian-location-tile__item-wrapper\" href=\"https:\/\/careers.calian.com\/fr-ca\/careers\/#!location=yukon\" target=\"_self\" rel=\"noopener\"><h4 class=\"calian-location-tile__tile-heading\">Territoire du Yukon<\/h4><div class=\"calian-location-tile__tile-text\"><p><strong>0<\/strong> emplois dans <strong>3<\/strong> cat\u00e9gories<\/p><\/div><\/a><\/li><\/ul><\/div><\/div><\/div>\n\n\n\n<div class=\"tbk-hydrate-component\" data-cid=\"57f1595f-c1b7-4b57-8bfe-446c56a7c12a\" data-component=\"Spacer\"><div class=\"calian-spacer wp-block-calian-com-components-calian-spacer\"><\/div><\/div>\n\n\n\n<div class=\"tbk-hydrate-component\" data-cid=\"77bc86c7-5019-4b6b-9a44-f4f91e8d329e\" data-component=\"CareersLocationTile\"><div class=\"calian-location-tile wp-block-calian-com-components-calian-careers-location-tile\"><div class=\"calian-location-tile__container\"><h3 class=\"calian-location-tile__heading\">\u00c9TATS-UNIS<\/h3><ul class=\"calian-location-tile__items\"><li class=\"calian-location-tile__item\"><a class=\"calian-location-tile__item-wrapper\" href=\"https:\/\/careers.calian.com\/careers\/#!location=texas\" target=\"_self\" rel=\"noopener\"><h4 class=\"calian-location-tile__tile-heading\">Texas<\/h4><div class=\"calian-location-tile__tile-text\"><p><strong>0<\/strong> emplois dans <strong>3<\/strong> cat\u00e9gories<\/p><\/div><\/a><\/li><\/ul><\/div><\/div><\/div>\n\n\n\n<div class=\"tbk-hydrate-component\" data-cid=\"05e15e8e-0490-4f87-bab4-a9c58ee8c69c\" data-component=\"Spacer\"><div class=\"calian-spacer wp-block-calian-com-components-calian-spacer\"><\/div><\/div>\n\n\n\n<div class=\"tbk-hydrate-component\" data-cid=\"e37dd1ec-8493-485e-91a0-907ea525ee68\" data-component=\"CareersLocationTile\"><div class=\"calian-location-tile wp-block-calian-com-components-calian-careers-location-tile\"><div class=\"calian-location-tile__container\"><h3 class=\"calian-location-tile__heading\">A distance<\/h3><ul class=\"calian-location-tile__items\"><li class=\"calian-location-tile__item\"><a class=\"calian-location-tile__item-wrapper\" href=\"https:\/\/careers.calian.com\/careers\/#!location=remote-can\" target=\"_self\" rel=\"noopener\"><h4 class=\"calian-location-tile__tile-heading\">T\u00e9l\u00e9commande, CAN<\/h4><div class=\"calian-location-tile__tile-text\"><p><strong>8<\/strong> emplois dans <strong>2<\/strong> cat\u00e9gories<\/p><\/div><\/a><\/li><\/ul><\/div><\/div><\/div>\n\n\n\n<div class=\"tbk-hydrate-component\" data-cid=\"c1140a78-3d03-4e8d-8af7-b583d34c0ae2\" data-component=\"Spacer\"><div class=\"calian-spacer calian-spacer--large wp-block-calian-com-components-calian-spacer\"><\/div><\/div>\n\n\n\n<div class=\"tbk-hydrate-component\" data-cid=\"da834e58-2b3a-4510-937a-e6ebed9a59c6\" data-component=\"CTABar\"><div class=\"calian-cta-bar theme-dark wp-block-calian-com-components-calian-cta-bar\"><div class=\"calian-cta-bar__container container-fluid\"><div class=\"calian-cta-bar__vertical container-fluid position-relative\"><div class=\"row\"><div class=\"calian-cta-bar__vertical--content col-12\"><h2 class=\"calian-cta-bar__vertical--heading\">Vous avez encore des questions sur Calian ?<\/h2><div class=\"calian-cta-bar__vertical--description\">Pour certains, vous connaissez d\u00e9j\u00e0 le travail que fait Calian depuis des ann\u00e9es. Pour d\u2019autres, nous pourrions \u00eatre totalement nouveau pour vous. Apprenez \u00e0 nous conna\u00eetre et d\u00e9couvrir notre processus d\u2019embauche en parcourant nos postes disponibles d\u00e8s aujourd\u2019hui.<\/div><div class=\"calian-cta-bar__vertical--buttons\"><a href=\"https:\/\/careers.calian.com\/fr-ca\/careers\/\" class=\"btn btn-light\"><i class=\"icon icon-magnifying-glass\"><\/i>Rechercher des postes<\/a><a href=\"https:\/\/careers.calian.com\/fr-ca\/faq\/\" class=\"btn btn-dark\"><i class=\"icon icon-question\"><\/i>Lire notre FAQ<\/a><\/div><\/div><\/div><\/div><\/div><\/div><\/div>\n\n\n\n<div class=\"tbk-hydrate-component\" data-cid=\"c1140a78-3d03-4e8d-8af7-b583d34c0ae2\" data-component=\"Spacer\"><div class=\"calian-spacer calian-spacer--large wp-block-calian-com-components-calian-spacer\"><\/div><\/div>\n","protected":false},"excerpt":{"rendered":"<p class=\"calian-careers-hero-area__tagline\"> 210+ jobs in 81+ locations <\/p>\n<p> Nous recherchons des talents de classe mondiale pour aider le monde \u00e0 communiquer, innover, apprendre et mener une vie s\u00fbre et saine. Search Department Location Une entreprise \u2014 une grande mission <\/p>\n<p class=\"calian-horizontal-split-text-single-feature-image__sub-heading\"> Une main-d\u2019\u0153uvre talentueuse et d\u00e9vou\u00e9e de 6 500 personnes \u00e0 travers le monde.&nbsp; <\/p>\n<p class=\"calian-horizontal-split-text-single-feature-image__description\"> Depuis plus de &hellip;<\/p>\n","protected":false},"author":5,"featured_media":0,"parent":0,"menu_order":0,"comment_status":"closed","ping_status":"closed","template":"","meta":{"_acf_changed":false,"content-type":"","footnotes":""},"solution":[],"industry":[],"type_classification":[],"class_list":["post-3494","page","type-page","status-publish","hentry"],"acf":[],"yoast_head":"<!-- This site is optimized with the Yoast SEO plugin v26.4 - https:\/\/yoast.com\/wordpress\/plugins\/seo\/ -->\n<title>Accueil - Calian Careers<\/title>\n<meta name=\"robots\" content=\"index, follow, max-snippet:-1, max-image-preview:large, max-video-preview:-1\" \/>\n<link rel=\"canonical\" href=\"https:\/\/careers.calian.com\/fr-ca\/\" \/>\n<meta property=\"og:locale\" content=\"fr_CA\" \/>\n<meta property=\"og:type\" content=\"article\" \/>\n<meta property=\"og:title\" content=\"Accueil - Calian Careers\" \/>\n<meta property=\"og:description\" content=\"210+ jobs in 81+ locations Nous recherchons des talents de classe mondiale pour aider le monde \u00e0 communiquer, innover, apprendre et mener une vie s\u00fbre et saine. Search Department Location Une entreprise \u2014 une grande mission Une main-d\u2019\u0153uvre talentueuse et d\u00e9vou\u00e9e de 6 500 personnes \u00e0 travers le monde.&nbsp;  Depuis plus de &hellip;\" \/>\n<meta property=\"og:url\" content=\"https:\/\/careers.calian.com\/fr-ca\/\" \/>\n<meta property=\"og:site_name\" content=\"Calian Careers\" \/>\n<meta property=\"article:publisher\" content=\"https:\/\/www.facebook.com\/CalianGroup\/\" \/>\n<meta property=\"article:modified_time\" content=\"2026-02-10T18:17:47+00:00\" \/>\n<meta property=\"og:image\" content=\"https:\/\/sites.calian.com\/app\/uploads\/sites\/3\/2023\/06\/og-logo-calian-1024x538.webp\" \/>\n<meta name=\"twitter:card\" content=\"summary_large_image\" \/>\n<meta name=\"twitter:image\" content=\"https:\/\/sites.calian.com\/app\/uploads\/sites\/3\/2023\/06\/og-logo-calian-1024x538.webp\" \/>\n<meta name=\"twitter:site\" content=\"@CalianGroup\" \/>\n<meta name=\"twitter:label1\" content=\"Est. reading time\" \/>\n\t<meta name=\"twitter:data1\" content=\"3 minutes\" \/>\n<script type=\"application\/ld+json\" class=\"yoast-schema-graph\">{\"@context\":\"https:\/\/schema.org\",\"@graph\":[{\"@type\":\"WebPage\",\"@id\":\"https:\/\/careers.calian.com\/fr-ca\/\",\"url\":\"https:\/\/careers.calian.com\/fr-ca\/\",\"name\":\"Accueil - Calian Careers\",\"isPartOf\":{\"@id\":\"https:\/\/careers.calian.com\/fr-ca\/#website\"},\"primaryImageOfPage\":{\"@id\":\"https:\/\/careers.calian.com\/fr-ca\/#primaryimage\"},\"image\":{\"@id\":\"https:\/\/careers.calian.com\/fr-ca\/#primaryimage\"},\"thumbnailUrl\":\"https:\/\/sites.calian.com\/app\/dist\/CalianHorizontalSplitTextSingleFeatureImage-PlaceholderOne-3WE2OCGJ.png\",\"datePublished\":\"2023-02-09T02:16:12+00:00\",\"dateModified\":\"2026-02-10T18:17:47+00:00\",\"inLanguage\":\"fr-CA\",\"potentialAction\":[{\"@type\":\"ReadAction\",\"target\":[\"https:\/\/careers.calian.com\/fr-ca\/\"]}]},{\"@type\":\"ImageObject\",\"inLanguage\":\"fr-CA\",\"@id\":\"https:\/\/careers.calian.com\/fr-ca\/#primaryimage\",\"url\":\"https:\/\/sites.calian.com\/app\/dist\/CalianHorizontalSplitTextSingleFeatureImage-PlaceholderOne-3WE2OCGJ.png\",\"contentUrl\":\"https:\/\/sites.calian.com\/app\/dist\/CalianHorizontalSplitTextSingleFeatureImage-PlaceholderOne-3WE2OCGJ.png\"},{\"@type\":\"WebSite\",\"@id\":\"https:\/\/careers.calian.com\/fr-ca\/#website\",\"url\":\"https:\/\/careers.calian.com\/fr-ca\/\",\"name\":\"Calian Careers\",\"description\":\"We are looking for world-class talent to help the world communicate, innovate, learn and lead safe and healthy lives.\",\"publisher\":{\"@id\":\"https:\/\/careers.calian.com\/fr-ca\/#organization\"},\"potentialAction\":[{\"@type\":\"SearchAction\",\"target\":{\"@type\":\"EntryPoint\",\"urlTemplate\":\"https:\/\/careers.calian.com\/fr-ca\/?s={search_term_string}\"},\"query-input\":{\"@type\":\"PropertyValueSpecification\",\"valueRequired\":true,\"valueName\":\"search_term_string\"}}],\"inLanguage\":\"fr-CA\"},{\"@type\":\"Organization\",\"@id\":\"https:\/\/careers.calian.com\/fr-ca\/#organization\",\"name\":\"Calian Group\",\"url\":\"https:\/\/careers.calian.com\/fr-ca\/\",\"logo\":{\"@type\":\"ImageObject\",\"inLanguage\":\"fr-CA\",\"@id\":\"https:\/\/careers.calian.com\/fr-ca\/#\/schema\/logo\/image\/\",\"url\":\"https:\/\/sites.calian.com\/app\/uploads\/sites\/3\/2023\/06\/og-logo-calian.webp\",\"contentUrl\":\"https:\/\/sites.calian.com\/app\/uploads\/sites\/3\/2023\/06\/og-logo-calian.webp\",\"width\":1200,\"height\":630,\"caption\":\"Calian Group\"},\"image\":{\"@id\":\"https:\/\/careers.calian.com\/fr-ca\/#\/schema\/logo\/image\/\"},\"sameAs\":[\"https:\/\/www.facebook.com\/CalianGroup\/\",\"https:\/\/x.com\/CalianGroup\"]}]}<\/script>\n<!-- \/ Yoast SEO plugin. -->","yoast_head_json":{"title":"Accueil - Calian Careers","robots":{"index":"index","follow":"follow","max-snippet":"max-snippet:-1","max-image-preview":"max-image-preview:large","max-video-preview":"max-video-preview:-1"},"canonical":"https:\/\/careers.calian.com\/fr-ca\/","og_locale":"fr_CA","og_type":"article","og_title":"Accueil - Calian Careers","og_description":"210+ jobs in 81+ locations Nous recherchons des talents de classe mondiale pour aider le monde \u00e0 communiquer, innover, apprendre et mener une vie s\u00fbre et saine. Search Department Location Une entreprise \u2014 une grande mission Une main-d\u2019\u0153uvre talentueuse et d\u00e9vou\u00e9e de 6 500 personnes \u00e0 travers le monde.&nbsp;  Depuis plus de &hellip;","og_url":"https:\/\/careers.calian.com\/fr-ca\/","og_site_name":"Calian Careers","article_publisher":"https:\/\/www.facebook.com\/CalianGroup\/","article_modified_time":"2026-02-10T18:17:47+00:00","og_image":[{"url":"https:\/\/sites.calian.com\/app\/uploads\/sites\/3\/2023\/06\/og-logo-calian-1024x538.webp","type":"","width":"","height":""}],"twitter_card":"summary_large_image","twitter_image":"https:\/\/sites.calian.com\/app\/uploads\/sites\/3\/2023\/06\/og-logo-calian-1024x538.webp","twitter_site":"@CalianGroup","twitter_misc":{"Est. reading time":"3 minutes"},"schema":{"@context":"https:\/\/schema.org","@graph":[{"@type":"WebPage","@id":"https:\/\/careers.calian.com\/fr-ca\/","url":"https:\/\/careers.calian.com\/fr-ca\/","name":"Accueil - Calian Careers","isPartOf":{"@id":"https:\/\/careers.calian.com\/fr-ca\/#website"},"primaryImageOfPage":{"@id":"https:\/\/careers.calian.com\/fr-ca\/#primaryimage"},"image":{"@id":"https:\/\/careers.calian.com\/fr-ca\/#primaryimage"},"thumbnailUrl":"https:\/\/sites.calian.com\/app\/dist\/CalianHorizontalSplitTextSingleFeatureImage-PlaceholderOne-3WE2OCGJ.png","datePublished":"2023-02-09T02:16:12+00:00","dateModified":"2026-02-10T18:17:47+00:00","inLanguage":"fr-CA","potentialAction":[{"@type":"ReadAction","target":["https:\/\/careers.calian.com\/fr-ca\/"]}]},{"@type":"ImageObject","inLanguage":"fr-CA","@id":"https:\/\/careers.calian.com\/fr-ca\/#primaryimage","url":"https:\/\/sites.calian.com\/app\/dist\/CalianHorizontalSplitTextSingleFeatureImage-PlaceholderOne-3WE2OCGJ.png","contentUrl":"https:\/\/sites.calian.com\/app\/dist\/CalianHorizontalSplitTextSingleFeatureImage-PlaceholderOne-3WE2OCGJ.png"},{"@type":"WebSite","@id":"https:\/\/careers.calian.com\/fr-ca\/#website","url":"https:\/\/careers.calian.com\/fr-ca\/","name":"Calian Careers","description":"We are looking for world-class talent to help the world communicate, innovate, learn and lead safe and healthy lives.","publisher":{"@id":"https:\/\/careers.calian.com\/fr-ca\/#organization"},"potentialAction":[{"@type":"SearchAction","target":{"@type":"EntryPoint","urlTemplate":"https:\/\/careers.calian.com\/fr-ca\/?s={search_term_string}"},"query-input":{"@type":"PropertyValueSpecification","valueRequired":true,"valueName":"search_term_string"}}],"inLanguage":"fr-CA"},{"@type":"Organization","@id":"https:\/\/careers.calian.com\/fr-ca\/#organization","name":"Calian Group","url":"https:\/\/careers.calian.com\/fr-ca\/","logo":{"@type":"ImageObject","inLanguage":"fr-CA","@id":"https:\/\/careers.calian.com\/fr-ca\/#\/schema\/logo\/image\/","url":"https:\/\/sites.calian.com\/app\/uploads\/sites\/3\/2023\/06\/og-logo-calian.webp","contentUrl":"https:\/\/sites.calian.com\/app\/uploads\/sites\/3\/2023\/06\/og-logo-calian.webp","width":1200,"height":630,"caption":"Calian Group"},"image":{"@id":"https:\/\/careers.calian.com\/fr-ca\/#\/schema\/logo\/image\/"},"sameAs":["https:\/\/www.facebook.com\/CalianGroup\/","https:\/\/x.com\/CalianGroup"]}]}},"_links":{"self":[{"href":"https:\/\/careers.calian.com\/fr-ca\/wp-json\/wp\/v2\/pages\/3494","targetHints":{"allow":["GET"]}}],"collection":[{"href":"https:\/\/careers.calian.com\/fr-ca\/wp-json\/wp\/v2\/pages"}],"about":[{"href":"https:\/\/careers.calian.com\/fr-ca\/wp-json\/wp\/v2\/types\/page"}],"author":[{"embeddable":true,"href":"https:\/\/careers.calian.com\/fr-ca\/wp-json\/wp\/v2\/users\/5"}],"replies":[{"embeddable":true,"href":"https:\/\/careers.calian.com\/fr-ca\/wp-json\/wp\/v2\/comments?post=3494"}],"version-history":[{"count":26,"href":"https:\/\/careers.calian.com\/fr-ca\/wp-json\/wp\/v2\/pages\/3494\/revisions"}],"predecessor-version":[{"id":45075,"href":"https:\/\/careers.calian.com\/fr-ca\/wp-json\/wp\/v2\/pages\/3494\/revisions\/45075"}],"wp:attachment":[{"href":"https:\/\/careers.calian.com\/fr-ca\/wp-json\/wp\/v2\/media?parent=3494"}],"wp:term":[{"taxonomy":"solution","embeddable":true,"href":"https:\/\/careers.calian.com\/fr-ca\/wp-json\/wp\/v2\/solution?post=3494"},{"taxonomy":"industry","embeddable":true,"href":"https:\/\/careers.calian.com\/fr-ca\/wp-json\/wp\/v2\/industry?post=3494"},{"taxonomy":"type_classification","embeddable":true,"href":"https:\/\/careers.calian.com\/fr-ca\/wp-json\/wp\/v2\/type_classification?post=3494"}],"curies":[{"name":"wp","href":"https:\/\/api.w.org\/{rel}","templated":true}]}}